{"id":6978,"date":"2020-04-20T12:30:27","date_gmt":"2020-04-20T10:30:27","guid":{"rendered":"https:\/\/jaggs.be\/?page_id=6978"},"modified":"2024-07-02T15:23:23","modified_gmt":"2024-07-02T13:23:23","slug":"privacy-policy-traitement-des-donnees-a-caractere-personnel","status":"publish","type":"page","link":"https:\/\/jaggs.be\/en\/privacy-policy-traitement-des-donnees-a-caractere-personnel\/","title":{"rendered":"Privacy policy: Traitement des donn\u00e9es \u00e0 caract\u00e8re personnel"},"content":{"rendered":"\t\t<div data-elementor-type=\"wp-page\" data-elementor-id=\"6978\" class=\"elementor elementor-6978\" data-elementor-settings=\"{&quot;ha_cmc_init_switcher&quot;:&quot;no&quot;}\" data-elementor-post-type=\"page\">\n\t\t\t\t\t\t<section class=\"elementor-section elementor-top-section elementor-element elementor-element-27de6a07 elementor-section-stretched elementor-section-boxed elementor-section-height-default elementor-section-height-default\" data-id=\"27de6a07\" data-element_type=\"section\" data-e-type=\"section\" data-settings=\"{&quot;stretch_section&quot;:&quot;section-stretched&quot;,&quot;background_background&quot;:&quot;classic&quot;,&quot;jet_parallax_layout_list&quot;:[{&quot;jet_parallax_layout_image&quot;:{&quot;url&quot;:&quot;&quot;,&quot;id&quot;:&quot;&quot;,&quot;size&quot;:&quot;&quot;},&quot;_id&quot;:&quot;e9442a7&quot;,&quot;jet_parallax_layout_image_tablet&quot;:{&quot;url&quot;:&quot;&quot;,&quot;id&quot;:&quot;&quot;,&quot;size&quot;:&quot;&quot;},&quot;jet_parallax_layout_image_mobile&quot;:{&quot;url&quot;:&quot;&quot;,&quot;id&quot;:&quot;&quot;,&quot;size&quot;:&quot;&quot;},&quot;jet_parallax_layout_speed&quot;:{&quot;unit&quot;:&quot;%&quot;,&quot;size&quot;:50,&quot;sizes&quot;:[]},&quot;jet_parallax_layout_type&quot;:&quot;scroll&quot;,&quot;jet_parallax_layout_direction&quot;:&quot;1&quot;,&quot;jet_parallax_layout_fx_direction&quot;:null,&quot;jet_parallax_layout_z_index&quot;:&quot;&quot;,&quot;jet_parallax_layout_bg_x&quot;:50,&quot;jet_parallax_layout_bg_x_tablet&quot;:&quot;&quot;,&quot;jet_parallax_layout_bg_x_mobile&quot;:&quot;&quot;,&quot;jet_parallax_layout_bg_y&quot;:50,&quot;jet_parallax_layout_bg_y_tablet&quot;:&quot;&quot;,&quot;jet_parallax_layout_bg_y_mobile&quot;:&quot;&quot;,&quot;jet_parallax_layout_bg_size&quot;:&quot;auto&quot;,&quot;jet_parallax_layout_bg_size_tablet&quot;:&quot;&quot;,&quot;jet_parallax_layout_bg_size_mobile&quot;:&quot;&quot;,&quot;jet_parallax_layout_animation_prop&quot;:&quot;transform&quot;,&quot;jet_parallax_layout_on&quot;:[&quot;desktop&quot;,&quot;tablet&quot;]}],&quot;_ha_eqh_enable&quot;:false}\">\n\t\t\t\t\t\t<div class=\"elementor-container elementor-column-gap-default\">\n\t\t\t\t\t<div class=\"elementor-column elementor-col-100 elementor-top-column elementor-element elementor-element-db1c011\" data-id=\"db1c011\" data-element_type=\"column\" data-e-type=\"column\">\n\t\t\t<div class=\"elementor-widget-wrap elementor-element-populated\">\n\t\t\t\t\t\t<div class=\"elementor-element elementor-element-71a7d9b9 elementor-hidden-phone elementor-widget elementor-widget-spacer\" data-id=\"71a7d9b9\" data-element_type=\"widget\" data-e-type=\"widget\" data-widget_type=\"spacer.default\">\n\t\t\t\t<div class=\"elementor-widget-container\">\n\t\t\t\t\t\t\t<div class=\"elementor-spacer\">\n\t\t\t<div class=\"elementor-spacer-inner\"><\/div>\n\t\t<\/div>\n\t\t\t\t\t\t<\/div>\n\t\t\t\t<\/div>\n\t\t\t\t<section class=\"elementor-section elementor-inner-section elementor-element elementor-element-78e4509b elementor-section-content-middle elementor-section-boxed elementor-section-height-default elementor-section-height-default\" data-id=\"78e4509b\" data-element_type=\"section\" data-e-type=\"section\" data-settings=\"{&quot;jet_parallax_layout_list&quot;:[{&quot;jet_parallax_layout_image&quot;:{&quot;url&quot;:&quot;&quot;,&quot;id&quot;:&quot;&quot;,&quot;size&quot;:&quot;&quot;},&quot;_id&quot;:&quot;d2ba0f7&quot;,&quot;jet_parallax_layout_image_tablet&quot;:{&quot;url&quot;:&quot;&quot;,&quot;id&quot;:&quot;&quot;,&quot;size&quot;:&quot;&quot;},&quot;jet_parallax_layout_image_mobile&quot;:{&quot;url&quot;:&quot;&quot;,&quot;id&quot;:&quot;&quot;,&quot;size&quot;:&quot;&quot;},&quot;jet_parallax_layout_speed&quot;:{&quot;unit&quot;:&quot;%&quot;,&quot;size&quot;:50,&quot;sizes&quot;:[]},&quot;jet_parallax_layout_type&quot;:&quot;scroll&quot;,&quot;jet_parallax_layout_direction&quot;:&quot;1&quot;,&quot;jet_parallax_layout_fx_direction&quot;:null,&quot;jet_parallax_layout_z_index&quot;:&quot;&quot;,&quot;jet_parallax_layout_bg_x&quot;:50,&quot;jet_parallax_layout_bg_x_tablet&quot;:&quot;&quot;,&quot;jet_parallax_layout_bg_x_mobile&quot;:&quot;&quot;,&quot;jet_parallax_layout_bg_y&quot;:50,&quot;jet_parallax_layout_bg_y_tablet&quot;:&quot;&quot;,&quot;jet_parallax_layout_bg_y_mobile&quot;:&quot;&quot;,&quot;jet_parallax_layout_bg_size&quot;:&quot;auto&quot;,&quot;jet_parallax_layout_bg_size_tablet&quot;:&quot;&quot;,&quot;jet_parallax_layout_bg_size_mobile&quot;:&quot;&quot;,&quot;jet_parallax_layout_animation_prop&quot;:&quot;transform&quot;,&quot;jet_parallax_layout_on&quot;:[&quot;desktop&quot;,&quot;tablet&quot;]}],&quot;_ha_eqh_enable&quot;:false}\">\n\t\t\t\t\t\t<div class=\"elementor-container elementor-column-gap-wider\">\n\t\t\t\t\t<div class=\"elementor-column elementor-col-50 elementor-inner-column elementor-element elementor-element-20e7040e\" data-id=\"20e7040e\" data-element_type=\"column\" data-e-type=\"column\">\n\t\t\t<div class=\"elementor-widget-wrap elementor-element-populated\">\n\t\t\t\t\t\t<div class=\"elementor-element elementor-element-169627af elementor-hidden-phone elementor-hidden-tablet elementor-widget elementor-widget-spacer\" data-id=\"169627af\" data-element_type=\"widget\" data-e-type=\"widget\" data-widget_type=\"spacer.default\">\n\t\t\t\t<div class=\"elementor-widget-container\">\n\t\t\t\t\t\t\t<div class=\"elementor-spacer\">\n\t\t\t<div class=\"elementor-spacer-inner\"><\/div>\n\t\t<\/div>\n\t\t\t\t\t\t<\/div>\n\t\t\t\t<\/div>\n\t\t\t\t<div class=\"elementor-element elementor-element-719336ca elementor-widget elementor-widget-text-editor\" data-id=\"719336ca\" data-element_type=\"widget\" data-e-type=\"widget\" data-widget_type=\"text-editor.default\">\n\t\t\t\t<div class=\"elementor-widget-container\">\n\t\t\t\t\t\t\t\t\t<p>Cette page d\u00e9crit la r\u00e9glementation applicable sur le site internet de JAGGS (MJHA SPRL), www.jaggs.be, concernant la protection de la vie priv\u00e9e, ainsi que le traitement de toute information qui est collect\u00e9e pendant ou \u00e0 l\u2019occasion de votre visite sur ce site Internet.<\/p>\t\t\t\t\t\t\t\t<\/div>\n\t\t\t\t<\/div>\n\t\t\t\t\t<\/div>\n\t\t<\/div>\n\t\t\t\t<div class=\"elementor-column elementor-col-50 elementor-inner-column elementor-element elementor-element-1b029521\" data-id=\"1b029521\" data-element_type=\"column\" data-e-type=\"column\">\n\t\t\t<div class=\"elementor-widget-wrap elementor-element-populated\">\n\t\t\t\t\t\t<div class=\"elementor-element elementor-element-47a05592 elementor-widget elementor-widget-image\" data-id=\"47a05592\" data-element_type=\"widget\" data-e-type=\"widget\" data-widget_type=\"image.default\">\n\t\t\t\t<div class=\"elementor-widget-container\">\n\t\t\t\t\t\t\t\t\t\t\t\t\t\t\t<img fetchpriority=\"high\" decoding=\"async\" width=\"800\" height=\"328\" src=\"https:\/\/jaggs.be\/wp-content\/uploads\/2020\/04\/padlock-02-1024x420.png\" class=\"attachment-large size-large wp-image-103723\" alt=\"\" srcset=\"https:\/\/jaggs.be\/wp-content\/uploads\/2020\/04\/padlock-02-1024x420.png 1024w, https:\/\/jaggs.be\/wp-content\/uploads\/2020\/04\/padlock-02-600x246.png 600w, https:\/\/jaggs.be\/wp-content\/uploads\/2020\/04\/padlock-02-300x123.png 300w, https:\/\/jaggs.be\/wp-content\/uploads\/2020\/04\/padlock-02-768x315.png 768w, https:\/\/jaggs.be\/wp-content\/uploads\/2020\/04\/padlock-02-1536x631.png 1536w, https:\/\/jaggs.be\/wp-content\/uploads\/2020\/04\/padlock-02.png 2000w\" sizes=\"(max-width: 800px) 100vw, 800px\" \/>\t\t\t\t\t\t\t\t\t\t\t\t\t\t\t<\/div>\n\t\t\t\t<\/div>\n\t\t\t\t\t<\/div>\n\t\t<\/div>\n\t\t\t\t\t<\/div>\n\t\t<\/section>\n\t\t\t\t<div class=\"elementor-element elementor-element-41ba3f18 elementor-widget elementor-widget-spacer\" data-id=\"41ba3f18\" data-element_type=\"widget\" data-e-type=\"widget\" data-widget_type=\"spacer.default\">\n\t\t\t\t<div class=\"elementor-widget-container\">\n\t\t\t\t\t\t\t<div class=\"elementor-spacer\">\n\t\t\t<div class=\"elementor-spacer-inner\"><\/div>\n\t\t<\/div>\n\t\t\t\t\t\t<\/div>\n\t\t\t\t<\/div>\n\t\t\t\t<div class=\"elementor-element elementor-element-4f8019bb elementor-absolute elementor-hidden-phone elementor-widget elementor-widget-image\" data-id=\"4f8019bb\" data-element_type=\"widget\" data-e-type=\"widget\" data-settings=\"{&quot;_position&quot;:&quot;absolute&quot;}\" data-widget_type=\"image.default\">\n\t\t\t\t<div class=\"elementor-widget-container\">\n\t\t\t\t\t\t\t\t\t\t\t\t\t\t\t<img decoding=\"async\" width=\"800\" height=\"302\" src=\"https:\/\/jaggs.be\/wp-content\/uploads\/2020\/03\/files-02-1024x386.png\" class=\"attachment-large size-large wp-image-101517\" alt=\"\" srcset=\"https:\/\/jaggs.be\/wp-content\/uploads\/2020\/03\/files-02-1024x386.png 1024w, https:\/\/jaggs.be\/wp-content\/uploads\/2020\/03\/files-02-600x226.png 600w, https:\/\/jaggs.be\/wp-content\/uploads\/2020\/03\/files-02-300x113.png 300w, https:\/\/jaggs.be\/wp-content\/uploads\/2020\/03\/files-02-768x289.png 768w, https:\/\/jaggs.be\/wp-content\/uploads\/2020\/03\/files-02-1536x578.png 1536w, https:\/\/jaggs.be\/wp-content\/uploads\/2020\/03\/files-02-2048x771.png 2048w\" sizes=\"(max-width: 800px) 100vw, 800px\" \/>\t\t\t\t\t\t\t\t\t\t\t\t\t\t\t<\/div>\n\t\t\t\t<\/div>\n\t\t\t\t\t<\/div>\n\t\t<\/div>\n\t\t\t\t\t<\/div>\n\t\t<\/section>\n\t\t\t\t<section class=\"elementor-section elementor-top-section elementor-element elementor-element-e9300cd elementor-section-boxed elementor-section-height-default elementor-section-height-default\" data-id=\"e9300cd\" data-element_type=\"section\" data-e-type=\"section\" data-settings=\"{&quot;background_background&quot;:&quot;classic&quot;,&quot;jet_parallax_layout_list&quot;:[{&quot;jet_parallax_layout_image&quot;:{&quot;url&quot;:&quot;&quot;,&quot;id&quot;:&quot;&quot;,&quot;size&quot;:&quot;&quot;},&quot;_id&quot;:&quot;5469fad&quot;,&quot;jet_parallax_layout_image_tablet&quot;:{&quot;url&quot;:&quot;&quot;,&quot;id&quot;:&quot;&quot;,&quot;size&quot;:&quot;&quot;},&quot;jet_parallax_layout_image_mobile&quot;:{&quot;url&quot;:&quot;&quot;,&quot;id&quot;:&quot;&quot;,&quot;size&quot;:&quot;&quot;},&quot;jet_parallax_layout_speed&quot;:{&quot;unit&quot;:&quot;%&quot;,&quot;size&quot;:50,&quot;sizes&quot;:[]},&quot;jet_parallax_layout_type&quot;:&quot;scroll&quot;,&quot;jet_parallax_layout_direction&quot;:&quot;1&quot;,&quot;jet_parallax_layout_fx_direction&quot;:null,&quot;jet_parallax_layout_z_index&quot;:&quot;&quot;,&quot;jet_parallax_layout_bg_x&quot;:50,&quot;jet_parallax_layout_bg_x_tablet&quot;:&quot;&quot;,&quot;jet_parallax_layout_bg_x_mobile&quot;:&quot;&quot;,&quot;jet_parallax_layout_bg_y&quot;:50,&quot;jet_parallax_layout_bg_y_tablet&quot;:&quot;&quot;,&quot;jet_parallax_layout_bg_y_mobile&quot;:&quot;&quot;,&quot;jet_parallax_layout_bg_size&quot;:&quot;auto&quot;,&quot;jet_parallax_layout_bg_size_tablet&quot;:&quot;&quot;,&quot;jet_parallax_layout_bg_size_mobile&quot;:&quot;&quot;,&quot;jet_parallax_layout_animation_prop&quot;:&quot;transform&quot;,&quot;jet_parallax_layout_on&quot;:[&quot;desktop&quot;,&quot;tablet&quot;]}],&quot;_ha_eqh_enable&quot;:false}\">\n\t\t\t\t\t\t<div class=\"elementor-container elementor-column-gap-default\">\n\t\t\t\t\t<div class=\"elementor-column elementor-col-100 elementor-top-column elementor-element elementor-element-6f7517d\" data-id=\"6f7517d\" data-element_type=\"column\" data-e-type=\"column\">\n\t\t\t<div class=\"elementor-widget-wrap elementor-element-populated\">\n\t\t\t\t\t\t<div class=\"elementor-element elementor-element-13e7774 elementor-widget elementor-widget-heading\" data-id=\"13e7774\" data-element_type=\"widget\" data-e-type=\"widget\" data-widget_type=\"heading.default\">\n\t\t\t\t<div class=\"elementor-widget-container\">\n\t\t\t\t\t<h2 class=\"elementor-heading-title elementor-size-default\">Objectif du traitement des donn\u00e9es \u00e0 caract\u00e8re personnel <\/h2>\t\t\t\t<\/div>\n\t\t\t\t<\/div>\n\t\t\t\t<div class=\"elementor-element elementor-element-fa7ce03 elementor-widget elementor-widget-text-editor\" data-id=\"fa7ce03\" data-element_type=\"widget\" data-e-type=\"widget\" data-widget_type=\"text-editor.default\">\n\t\t\t\t<div class=\"elementor-widget-container\">\n\t\t\t\t\t\t\t\t\t<p>Lors de l\u2019enregistrement sur ce site Internet et\/ou lors de l\u2019insertion d\u2019une commande, un certain nombre de donn\u00e9es \u00e0 caract\u00e8re personnel vous seront demand\u00e9es. Ces donn\u00e9es \u00e0 caract\u00e8re personnel sont n\u00e9cessaires pour un fonctionnement correct et efficace du webshop. <strong>Les donn\u00e9es sont utilis\u00e9es afin de pouvoir vous livrer les biens et services sollicit\u00e9s.<\/strong><\/p>\t\t\t\t\t\t\t\t<\/div>\n\t\t\t\t<\/div>\n\t\t\t\t<div class=\"elementor-element elementor-element-7993e83 elementor-widget elementor-widget-heading\" data-id=\"7993e83\" data-element_type=\"widget\" data-e-type=\"widget\" data-widget_type=\"heading.default\">\n\t\t\t\t<div class=\"elementor-widget-container\">\n\t\t\t\t\t<h2 class=\"elementor-heading-title elementor-size-default\">Traitement des donn\u00e9es \u00e0 caract\u00e8re personnel et liste des personnes qui ont acc\u00e8s aux donn\u00e9es trait\u00e9es<\/h2>\t\t\t\t<\/div>\n\t\t\t\t<\/div>\n\t\t\t\t<div class=\"elementor-element elementor-element-c47863d elementor-widget elementor-widget-text-editor\" data-id=\"c47863d\" data-element_type=\"widget\" data-e-type=\"widget\" data-widget_type=\"text-editor.default\">\n\t\t\t\t<div class=\"elementor-widget-container\">\n\t\t\t\t\t\t\t\t\t<p>Les donn\u00e9es fournies sont enregistr\u00e9es dans les fichiers de JAGGS (MJHA SPRL). Les donn\u00e9es pourront \u00eatre uniquement trait\u00e9es, dans la mesure o\u00f9 leur traitement s\u2019av\u00e8re n\u00e9cessaire pour l\u2019ex\u00e9cution de la convention que vous avez conclue avec JAGGS (MJHA SPRL).<\/p>\n<p>Vos donn\u00e9es \u00e0 caract\u00e8re personnel ne seront pas vendues ni transmises \u00e0 des tiers, ni rendues publiques.<\/p>\n<p>JAGGS conserve toutefois le droit d\u2019utiliser vos donn\u00e9es ou de les rendre publiques, lorsque la r\u00e9glementation l\u2019exige, lorsque le traitement est pour vous d\u2019un int\u00e9r\u00eat vital, lorsque le traitement doit \u00eatre r\u00e9alis\u00e9 afin de remplir une t\u00e2che d\u2019int\u00e9r\u00eat public ou encore lorsque le traitement des donn\u00e9es est n\u00e9cessaire afin de d\u00e9fendre un int\u00e9r\u00eat en justice.<\/p>\n<p><span style=\"font-size: 1rem;\">JAGGS op\u00e8re sous diff\u00e9rentes entit\u00e9s juridiques, chacune \u00e9tant une soci\u00e9t\u00e9 distincte. Cependant, pour vous fournir une exp\u00e9rience coh\u00e9rente et de haute qualit\u00e9, nous \u00e9changeons vos donn\u00e9es personnelles entre nos soci\u00e9t\u00e9s affili\u00e9es. Cela signifie que vos informations peuvent \u00eatre partag\u00e9es avec :&nbsp;<\/span><span style=\"font-size: 1rem;\">MJHA srl, JVER srl, JNAM srl, JBRU srl, JREN srl, The Stories srl et t<\/span><span style=\"font-size: 1rem;\">oute autre entit\u00e9 future ajout\u00e9e \u00e0 notre groupe.<\/span><\/p>\t\t\t\t\t\t\t\t<\/div>\n\t\t\t\t<\/div>\n\t\t\t\t<div class=\"elementor-element elementor-element-69ef485 elementor-widget elementor-widget-heading\" data-id=\"69ef485\" data-element_type=\"widget\" data-e-type=\"widget\" data-widget_type=\"heading.default\">\n\t\t\t\t<div class=\"elementor-widget-container\">\n\t\t\t\t\t<h2 class=\"elementor-heading-title elementor-size-default\">Vos droits relatifs \u00e0 la collecte des donn\u00e9es<\/h2>\t\t\t\t<\/div>\n\t\t\t\t<\/div>\n\t\t\t\t<div class=\"elementor-element elementor-element-4e73989 elementor-widget elementor-widget-text-editor\" data-id=\"4e73989\" data-element_type=\"widget\" data-e-type=\"widget\" data-widget_type=\"text-editor.default\">\n\t\t\t\t<div class=\"elementor-widget-container\">\n\t\t\t\t\t\t\t\t\t<p>Vous avez le droit de consulter vos donn\u00e9es et de les modifier. Vous avez \u00e9galement le droit de vous opposer, sans frais, \u00e0 l\u2019usage de vos donn\u00e9es pour marketing direct.<\/p>\t\t\t\t\t\t\t\t<\/div>\n\t\t\t\t<\/div>\n\t\t\t\t<div class=\"elementor-element elementor-element-bcf9b7d elementor-widget elementor-widget-heading\" data-id=\"bcf9b7d\" data-element_type=\"widget\" data-e-type=\"widget\" data-widget_type=\"heading.default\">\n\t\t\t\t<div class=\"elementor-widget-container\">\n\t\t\t\t\t<h2 class=\"elementor-heading-title elementor-size-default\">Donn\u00e9es de contact du concepteur<\/h2>\t\t\t\t<\/div>\n\t\t\t\t<\/div>\n\t\t\t\t<div class=\"elementor-element elementor-element-ca6486c elementor-widget elementor-widget-text-editor\" data-id=\"ca6486c\" data-element_type=\"widget\" data-e-type=\"widget\" data-widget_type=\"text-editor.default\">\n\t\t\t\t<div class=\"elementor-widget-container\">\n\t\t\t\t\t\t\t\t\t<p>Le site www.jaggs.be est r\u00e9alis\u00e9 et h\u00e9berg\u00e9 par l&#8217;entreprise WEEB AGENCY (B.O.S. Business) dont le si\u00e8ge l\u00e9gal est situ\u00e9 \u00e0 la Dr\u00e8ve Richelle, 31 \u00e0 Waterloo (1410).\u00a0<\/p>\t\t\t\t\t\t\t\t<\/div>\n\t\t\t\t<\/div>\n\t\t\t\t<div class=\"elementor-element elementor-element-cbd6188 elementor-widget elementor-widget-heading\" data-id=\"cbd6188\" data-element_type=\"widget\" data-e-type=\"widget\" data-widget_type=\"heading.default\">\n\t\t\t\t<div class=\"elementor-widget-container\">\n\t\t\t\t\t<h2 class=\"elementor-heading-title elementor-size-default\">Cookies<\/h2>\t\t\t\t<\/div>\n\t\t\t\t<\/div>\n\t\t\t\t<div class=\"elementor-element elementor-element-eded205 elementor-widget elementor-widget-text-editor\" data-id=\"eded205\" data-element_type=\"widget\" data-e-type=\"widget\" data-widget_type=\"text-editor.default\">\n\t\t\t\t<div class=\"elementor-widget-container\">\n\t\t\t\t\t\t\t\t\t<p>Les cookies sont des petits fichiers qui sont sauvegard\u00e9s temporairement sur votre disque dur, via le site Internet. Ces petits fichiers facilitent la navigation et contribuent grandement \u00e0 la facilit\u00e9 d\u2019emploi du site Internet.<\/p><p>Si vous souhaitez \u00eatre inform\u00e9 par votre navigateur Internet lors de la transmission d\u2019un cookie, vous pouvez adapter vos param\u00e8tres de navigation.<\/p><p>Si vous souhaitez ne pas recevoir de cookies, vous pouvez opter, dans vos param\u00e8tres de navigation, pour \u00ab\u00a0<em>ne pas autoriser les cookies<\/em>\u00a0\u00bb. Vous ne recevrez alors plus de cookies. Ceci peut cependant impliquer la perte de fonctionnalit\u00e9s et la perte de facilit\u00e9s d\u2019emploi sur le site Internet.<\/p>\t\t\t\t\t\t\t\t<\/div>\n\t\t\t\t<\/div>\n\t\t\t\t<div class=\"elementor-element elementor-element-c26ffb8 elementor-widget elementor-widget-heading\" data-id=\"c26ffb8\" data-element_type=\"widget\" data-e-type=\"widget\" data-widget_type=\"heading.default\">\n\t\t\t\t<div class=\"elementor-widget-container\">\n\t\t\t\t\t<h2 class=\"elementor-heading-title elementor-size-default\">Liens vers d\u2019autres sites internet<\/h2>\t\t\t\t<\/div>\n\t\t\t\t<\/div>\n\t\t\t\t<div class=\"elementor-element elementor-element-433c3bc elementor-widget elementor-widget-text-editor\" data-id=\"433c3bc\" data-element_type=\"widget\" data-e-type=\"widget\" data-widget_type=\"text-editor.default\">\n\t\t\t\t<div class=\"elementor-widget-container\">\n\t\t\t\t\t\t\t\t\t<p>Les liens qui sont enregistr\u00e9s sur le site internet sont simplement mentionn\u00e9s \u00e0 titre informatif. En d\u00e9pit d\u2019un contr\u00f4le attentif sur le contenu, aucune responsabilit\u00e9 ne pourra \u00eatre sollicit\u00e9e, ni pour le contenu de liens externes, ni pour le respect de la r\u00e9glementation en mati\u00e8re du traitement des donn\u00e9es \u00e0 caract\u00e8re personnel, cette r\u00e9glementation \u00e9tant identique \u00e0 celle-ci d\u00e9finie ci-dessus. Lors de l\u2019acc\u00e8s \u00e0 des liens externes, il y a lieu de consulter, au pr\u00e9alable, la <em>privacy policy<\/em> du site internet concern\u00e9.<\/p>\t\t\t\t\t\t\t\t<\/div>\n\t\t\t\t<\/div>\n\t\t\t\t\t<\/div>\n\t\t<\/div>\n\t\t\t\t\t<\/div>\n\t\t<\/section>\n\t\t\t\t<\/div>\n\t\t","protected":false},"excerpt":{"rendered":"<p>Cette page d\u00e9crit la r\u00e9glementation applicable sur le site internet de JAGGS (MJHA SPRL), www.jaggs.be, concernant la protection de la vie priv\u00e9e, ainsi que le traitement de toute information qui est collect\u00e9e pendant ou \u00e0 l\u2019occasion de votre visite sur ce site Internet. Objectif du traitement des donn\u00e9es \u00e0 caract\u00e8re personnel Lors de l\u2019enregistrement sur [&hellip;]<\/p>\n","protected":false},"author":479,"featured_media":0,"parent":0,"menu_order":42,"comment_status":"closed","ping_status":"closed","template":"","meta":{"footnotes":""},"class_list":["post-6978","page","type-page","status-publish","hentry"],"_links":{"self":[{"href":"https:\/\/jaggs.be\/en\/wp-json\/wp\/v2\/pages\/6978","targetHints":{"allow":["GET"]}}],"collection":[{"href":"https:\/\/jaggs.be\/en\/wp-json\/wp\/v2\/pages"}],"about":[{"href":"https:\/\/jaggs.be\/en\/wp-json\/wp\/v2\/types\/page"}],"author":[{"embeddable":true,"href":"https:\/\/jaggs.be\/en\/wp-json\/wp\/v2\/users\/479"}],"replies":[{"embeddable":true,"href":"https:\/\/jaggs.be\/en\/wp-json\/wp\/v2\/comments?post=6978"}],"version-history":[{"count":0,"href":"https:\/\/jaggs.be\/en\/wp-json\/wp\/v2\/pages\/6978\/revisions"}],"wp:attachment":[{"href":"https:\/\/jaggs.be\/en\/wp-json\/wp\/v2\/media?parent=6978"}],"curies":[{"name":"wp","href":"https:\/\/api.w.org\/{rel}","templated":true}]}}