{"id":12801,"date":"2020-08-06T15:19:10","date_gmt":"2020-08-06T13:19:10","guid":{"rendered":"https:\/\/jaggs.be\/?post_type=product&#038;p=12801"},"modified":"2025-01-20T15:55:05","modified_gmt":"2025-01-20T14:55:05","slug":"bretelles-bertelles-fines-a-pinces-peche-rose","status":"publish","type":"product","link":"https:\/\/jaggs.be\/en\/produit\/bretelles-bertelles-fines-a-pinces-peche-rose\/","title":{"rendered":"Bretelles &#8220;Bertelles&#8221; fines \u00e0 pinces p\u00eache ros\u00e9"},"content":{"rendered":"","protected":false},"excerpt":{"rendered":"","protected":false},"featured_media":17293,"template":"","meta":[],"product_brand":[],"product_cat":[33,44],"product_tag":[1775,1774,1708,1777,1670,1993,3152,3433,1674],"class_list":{"0":"post-12801","1":"product","2":"type-product","3":"status-publish","4":"has-post-thumbnail","6":"product_cat-bretelles","7":"product_cat-bretelles-fines-bertelles","8":"product_tag-bertelles","9":"product_tag-bretelles","10":"product_tag-elastique","11":"product_tag-fines","12":"product_tag-jaggs","13":"product_tag-jaggsstyle","14":"product_tag-peche","15":"product_tag-peche-rose","16":"product_tag-rose","17":"pa_couleur-peche-rose","18":"pa_fermeture-pinces-metalliques","19":"pa_largeur-7e-2_5cm","20":"pa_lieu-de-fabrication-belgique","21":"pa_longueur-10-120cm","22":"pa_marque-d5-bertelles","24":"first","25":"instock","26":"taxable","27":"shipping-taxable","28":"purchasable","29":"product-type-simple"},"_links":{"self":[{"href":"https:\/\/jaggs.be\/en\/wp-json\/wp\/v2\/product\/12801","targetHints":{"allow":["GET"]}}],"collection":[{"href":"https:\/\/jaggs.be\/en\/wp-json\/wp\/v2\/product"}],"about":[{"href":"https:\/\/jaggs.be\/en\/wp-json\/wp\/v2\/types\/product"}],"wp:featuredmedia":[{"embeddable":true,"href":"https:\/\/jaggs.be\/en\/wp-json\/wp\/v2\/media\/17293"}],"wp:attachment":[{"href":"https:\/\/jaggs.be\/en\/wp-json\/wp\/v2\/media?parent=12801"}],"wp:term":[{"taxonomy":"product_brand","embeddable":true,"href":"https:\/\/jaggs.be\/en\/wp-json\/wp\/v2\/product_brand?post=12801"},{"taxonomy":"product_cat","embeddable":true,"href":"https:\/\/jaggs.be\/en\/wp-json\/wp\/v2\/product_cat?post=12801"},{"taxonomy":"product_tag","embeddable":true,"href":"https:\/\/jaggs.be\/en\/wp-json\/wp\/v2\/product_tag?post=12801"}],"curies":[{"name":"wp","href":"https:\/\/api.w.org\/{rel}","templated":true}]}}