{"id":15720,"date":"2020-08-06T15:11:01","date_gmt":"2020-08-06T13:11:01","guid":{"rendered":"https:\/\/jaggs.be\/?post_type=product&#038;p=15720"},"modified":"2025-01-20T15:49:44","modified_gmt":"2025-01-20T14:49:44","slug":"noeud-papillon-labyrinthe-motifs-geometriques-argentes-blancs-et-gris","status":"publish","type":"product","link":"https:\/\/jaggs.be\/en\/produit\/noeud-papillon-labyrinthe-motifs-geometriques-argentes-blancs-et-gris\/","title":{"rendered":"N\u0153ud papillon &#8220;Labyrinthe&#8221; &#8211; motifs g\u00e9om\u00e9triques argent\u00e9s, blancs et gris"},"content":{"rendered":"","protected":false},"excerpt":{"rendered":"","protected":false},"featured_media":20152,"template":"","meta":[],"product_brand":[],"product_cat":[20,59],"product_tag":[2142,2067,1676,1689,1821,1695,1670,2326,1681,1833,2325,2327,2324,2134,1754,1871,1674],"class_list":{"0":"post-15720","1":"product","2":"type-product","3":"status-publish","4":"has-post-thumbnail","6":"product_cat-noeuds-papillon","7":"product_cat-noeuds-papillon-a-motifs","8":"product_tag-accessoires-mariage","9":"product_tag-argente","10":"product_tag-belgique","11":"product_tag-blanc","12":"product_tag-forme-geometrique","13":"product_tag-gris","14":"product_tag-jaggs","15":"product_tag-labyrinthe","16":"product_tag-madeinbelgium","17":"product_tag-motif","18":"product_tag-motif-geometrique","19":"product_tag-motif-labyrinthe","20":"product_tag-motifs","21":"product_tag-noeud","22":"product_tag-noeud-papillon","23":"product_tag-papillon","24":"product_tag-rose","25":"pa_couleur-argente","26":"pa_couleur-0d-gris","27":"pa_couleur-bague-centrale-corail","28":"pa_fermeture-fermeture-reglable-a-agrafes","29":"pa_hauteur-b1-6cm","30":"pa_largeur-57-11cm","31":"pa_lieu-de-fabrication-made-in-belgium-fabrique-avec-passion-a-waterloo-dans-latelier-jaggs","32":"pa_marque-cf-jaggs","33":"pa_matiere-100-coton","34":"pa_motifs-3d-formegeometrique","35":"pa_revers-5b-corail","36":"pa_tour-de-cou-ajustable-du-34-60","38":"first","39":"instock","40":"taxable","41":"shipping-taxable","42":"purchasable","43":"product-type-simple"},"_links":{"self":[{"href":"https:\/\/jaggs.be\/en\/wp-json\/wp\/v2\/product\/15720","targetHints":{"allow":["GET"]}}],"collection":[{"href":"https:\/\/jaggs.be\/en\/wp-json\/wp\/v2\/product"}],"about":[{"href":"https:\/\/jaggs.be\/en\/wp-json\/wp\/v2\/types\/product"}],"wp:featuredmedia":[{"embeddable":true,"href":"https:\/\/jaggs.be\/en\/wp-json\/wp\/v2\/media\/20152"}],"wp:attachment":[{"href":"https:\/\/jaggs.be\/en\/wp-json\/wp\/v2\/media?parent=15720"}],"wp:term":[{"taxonomy":"product_brand","embeddable":true,"href":"https:\/\/jaggs.be\/en\/wp-json\/wp\/v2\/product_brand?post=15720"},{"taxonomy":"product_cat","embeddable":true,"href":"https:\/\/jaggs.be\/en\/wp-json\/wp\/v2\/product_cat?post=15720"},{"taxonomy":"product_tag","embeddable":true,"href":"https:\/\/jaggs.be\/en\/wp-json\/wp\/v2\/product_tag?post=15720"}],"curies":[{"name":"wp","href":"https:\/\/api.w.org\/{rel}","templated":true}]}}