{"id":15796,"date":"2020-08-06T15:11:42","date_gmt":"2020-08-06T13:11:42","guid":{"rendered":"https:\/\/jaggs.be\/?post_type=product&#038;p=15796"},"modified":"2025-01-20T15:53:14","modified_gmt":"2025-01-20T14:53:14","slug":"noeud-papillon-japonais-geometrique-jaune","status":"publish","type":"product","link":"https:\/\/jaggs.be\/en\/produit\/noeud-papillon-japonais-geometrique-jaune\/","title":{"rendered":"N\u0153ud papillon Japonais &#8220;G\u00e9om\u00e9trique&#8221; Jaune"},"content":{"rendered":"","protected":false},"excerpt":{"rendered":"","protected":false},"featured_media":17694,"template":"","meta":[],"product_brand":[],"product_cat":[20,51],"product_tag":[2142,1676,1689,2459,1821,2176,1695,1670,1843,1757,1681,2450,2134,1754,1871,2153],"class_list":{"0":"post-15796","1":"product","2":"type-product","3":"status-publish","4":"has-post-thumbnail","6":"product_cat-noeuds-papillon","7":"product_cat-noeuds-papillon-japonais","8":"product_tag-accessoires-mariage","9":"product_tag-belgique","10":"product_tag-blanc","11":"product_tag-bleu-vert","12":"product_tag-forme-geometrique","13":"product_tag-geometrique","14":"product_tag-gris","15":"product_tag-jaggs","16":"product_tag-japonais","17":"product_tag-jaune","18":"product_tag-madeinbelgium","19":"product_tag-motifs-japonais","20":"product_tag-noeud","21":"product_tag-noeud-papillon","22":"product_tag-papillon","23":"product_tag-vert-canard","24":"pa_couleur-0d-gris","25":"pa_couleur-gris-anthracite","26":"pa_couleur-c3-jaune","27":"pa_couleur-bague-centrale-vert-canard","28":"pa_fermeture-fermeture-reglable-a-agrafes","29":"pa_hauteur-b1-6cm","30":"pa_largeur-57-11cm","31":"pa_lieu-de-fabrication-made-in-belgium-fabrique-avec-passion-a-waterloo-dans-latelier-jaggs","32":"pa_marque-cf-jaggs","33":"pa_matiere-100-coton","34":"pa_motifs-3d-formegeometrique","35":"pa_revers-1a-vertcanard","36":"pa_tour-de-cou-ajustable-du-34-60","38":"first","39":"instock","40":"taxable","41":"shipping-taxable","42":"purchasable","43":"product-type-simple"},"_links":{"self":[{"href":"https:\/\/jaggs.be\/en\/wp-json\/wp\/v2\/product\/15796","targetHints":{"allow":["GET"]}}],"collection":[{"href":"https:\/\/jaggs.be\/en\/wp-json\/wp\/v2\/product"}],"about":[{"href":"https:\/\/jaggs.be\/en\/wp-json\/wp\/v2\/types\/product"}],"wp:featuredmedia":[{"embeddable":true,"href":"https:\/\/jaggs.be\/en\/wp-json\/wp\/v2\/media\/17694"}],"wp:attachment":[{"href":"https:\/\/jaggs.be\/en\/wp-json\/wp\/v2\/media?parent=15796"}],"wp:term":[{"taxonomy":"product_brand","embeddable":true,"href":"https:\/\/jaggs.be\/en\/wp-json\/wp\/v2\/product_brand?post=15796"},{"taxonomy":"product_cat","embeddable":true,"href":"https:\/\/jaggs.be\/en\/wp-json\/wp\/v2\/product_cat?post=15796"},{"taxonomy":"product_tag","embeddable":true,"href":"https:\/\/jaggs.be\/en\/wp-json\/wp\/v2\/product_tag?post=15796"}],"curies":[{"name":"wp","href":"https:\/\/api.w.org\/{rel}","templated":true}]}}