{"id":15908,"date":"2020-08-06T15:12:40","date_gmt":"2020-08-06T13:12:40","guid":{"rendered":"https:\/\/jaggs.be\/?post_type=product&#038;p=15908"},"modified":"2025-01-20T15:50:06","modified_gmt":"2025-01-20T14:50:06","slug":"noeud-papillon-moulin-rouge-carres-rouges-a-bords-dores","status":"publish","type":"product","link":"https:\/\/jaggs.be\/en\/produit\/noeud-papillon-moulin-rouge-carres-rouges-a-bords-dores\/","title":{"rendered":"N\u0153ud papillon &#8220;Moulin Rouge&#8221; &#8211; carr\u00e9s rouges \u00e0 bords dor\u00e9s"},"content":{"rendered":"","protected":false},"excerpt":{"rendered":"","protected":false},"featured_media":19894,"template":"","meta":[],"product_brand":[],"product_cat":[20],"product_tag":[2142,1676,1689,1875,1670,1681,1833,2134,1754,1871,1700],"class_list":{"0":"post-15908","1":"product","2":"type-product","3":"status-publish","4":"has-post-thumbnail","6":"product_cat-noeuds-papillon","7":"product_tag-accessoires-mariage","8":"product_tag-belgique","9":"product_tag-blanc","10":"product_tag-dore","11":"product_tag-jaggs","12":"product_tag-madeinbelgium","13":"product_tag-motif","14":"product_tag-noeud","15":"product_tag-noeud-papillon","16":"product_tag-papillon","17":"product_tag-rouge","18":"pa_couleur-dore","19":"pa_couleur-a2-rouge","20":"pa_couleur-bague-centrale-blanc","21":"pa_fermeture-fermeture-reglable-a-agrafes","22":"pa_hauteur-b1-6cm","23":"pa_largeur-57-11cm","24":"pa_lieu-de-fabrication-made-in-belgium-fabrique-avec-passion-a-waterloo-dans-latelier-jaggs","25":"pa_marque-cf-jaggs","26":"pa_matiere-100-coton","27":"pa_motifs-10-dore","28":"pa_revers-f3-blanc","29":"pa_tour-de-cou-ajustable-du-34-60","31":"first","32":"instock","33":"taxable","34":"shipping-taxable","35":"purchasable","36":"product-type-simple"},"_links":{"self":[{"href":"https:\/\/jaggs.be\/en\/wp-json\/wp\/v2\/product\/15908","targetHints":{"allow":["GET"]}}],"collection":[{"href":"https:\/\/jaggs.be\/en\/wp-json\/wp\/v2\/product"}],"about":[{"href":"https:\/\/jaggs.be\/en\/wp-json\/wp\/v2\/types\/product"}],"wp:featuredmedia":[{"embeddable":true,"href":"https:\/\/jaggs.be\/en\/wp-json\/wp\/v2\/media\/19894"}],"wp:attachment":[{"href":"https:\/\/jaggs.be\/en\/wp-json\/wp\/v2\/media?parent=15908"}],"wp:term":[{"taxonomy":"product_brand","embeddable":true,"href":"https:\/\/jaggs.be\/en\/wp-json\/wp\/v2\/product_brand?post=15908"},{"taxonomy":"product_cat","embeddable":true,"href":"https:\/\/jaggs.be\/en\/wp-json\/wp\/v2\/product_cat?post=15908"},{"taxonomy":"product_tag","embeddable":true,"href":"https:\/\/jaggs.be\/en\/wp-json\/wp\/v2\/product_tag?post=15908"}],"curies":[{"name":"wp","href":"https:\/\/api.w.org\/{rel}","templated":true}]}}