{"id":15926,"date":"2020-08-06T15:12:48","date_gmt":"2020-08-06T13:12:48","guid":{"rendered":"https:\/\/jaggs.be\/?post_type=product&#038;p=15926"},"modified":"2025-01-20T15:50:50","modified_gmt":"2025-01-20T14:50:50","slug":"noeud-papillon-halloween-crazy-skull-tete-de-mort-argentee","status":"publish","type":"product","link":"https:\/\/jaggs.be\/en\/produit\/noeud-papillon-halloween-crazy-skull-tete-de-mort-argentee\/","title":{"rendered":"N\u0153ud papillon Halloween &#8220;Crazy Skull&#8221; &#8211; t\u00eate de mort argent\u00e9e"},"content":{"rendered":"","protected":false},"excerpt":{"rendered":"","protected":false},"featured_media":20130,"template":"","meta":[],"product_brand":[],"product_cat":[20,59],"product_tag":[2142,1981,2067,1676,2595,1670,1681,2596,2134,1754,1701,1871,2594,2062],"class_list":{"0":"post-15926","1":"product","2":"type-product","3":"status-publish","4":"has-post-thumbnail","6":"product_cat-noeuds-papillon","7":"product_cat-noeuds-papillon-a-motifs","8":"product_tag-accessoires-mariage","9":"product_tag-argent","10":"product_tag-argente","11":"product_tag-belgique","12":"product_tag-crazy-skull","13":"product_tag-jaggs","14":"product_tag-madeinbelgium","15":"product_tag-motifs-crazy-skull","16":"product_tag-noeud","17":"product_tag-noeud-papillon","18":"product_tag-noir","19":"product_tag-papillon","20":"product_tag-skull","21":"product_tag-tete-de-mort","22":"pa_couleur-argente","23":"pa_couleur-13-noir","24":"pa_couleur-bague-centrale-noir","25":"pa_fermeture-fermeture-reglable-a-agrafes","26":"pa_hauteur-b1-6cm","27":"pa_largeur-57-11cm","28":"pa_lieu-de-fabrication-made-in-belgium-fabrique-avec-passion-a-waterloo-dans-latelier-jaggs","29":"pa_marque-cf-jaggs","30":"pa_matiere-100-polyester","31":"pa_motifs-c4-tetedemort","32":"pa_revers-13-noir","33":"pa_tour-de-cou-ajustable-du-34-60","35":"first","36":"instock","37":"taxable","38":"shipping-taxable","39":"purchasable","40":"product-type-simple"},"_links":{"self":[{"href":"https:\/\/jaggs.be\/en\/wp-json\/wp\/v2\/product\/15926","targetHints":{"allow":["GET"]}}],"collection":[{"href":"https:\/\/jaggs.be\/en\/wp-json\/wp\/v2\/product"}],"about":[{"href":"https:\/\/jaggs.be\/en\/wp-json\/wp\/v2\/types\/product"}],"wp:featuredmedia":[{"embeddable":true,"href":"https:\/\/jaggs.be\/en\/wp-json\/wp\/v2\/media\/20130"}],"wp:attachment":[{"href":"https:\/\/jaggs.be\/en\/wp-json\/wp\/v2\/media?parent=15926"}],"wp:term":[{"taxonomy":"product_brand","embeddable":true,"href":"https:\/\/jaggs.be\/en\/wp-json\/wp\/v2\/product_brand?post=15926"},{"taxonomy":"product_cat","embeddable":true,"href":"https:\/\/jaggs.be\/en\/wp-json\/wp\/v2\/product_cat?post=15926"},{"taxonomy":"product_tag","embeddable":true,"href":"https:\/\/jaggs.be\/en\/wp-json\/wp\/v2\/product_tag?post=15926"}],"curies":[{"name":"wp","href":"https:\/\/api.w.org\/{rel}","templated":true}]}}