{"id":15941,"date":"2020-08-06T15:12:55","date_gmt":"2020-08-06T13:12:55","guid":{"rendered":"https:\/\/jaggs.be\/?post_type=product&#038;p=15941"},"modified":"2025-01-20T15:53:38","modified_gmt":"2025-01-20T14:53:38","slug":"noeud-papillon-jeans-taj-mahal-elephants","status":"publish","type":"product","link":"https:\/\/jaggs.be\/en\/produit\/noeud-papillon-jeans-taj-mahal-elephants\/","title":{"rendered":"N\u0153ud papillon Jean &#8220;Taj Mahal&#8221; &#8211; \u00e9l\u00e9phants"},"content":{"rendered":"","protected":false},"excerpt":{"rendered":"","protected":false},"featured_media":17801,"template":"","meta":[],"product_brand":[],"product_cat":[20,72],"product_tag":[2142,1911,2454,1676,1689,1696,2695,2696,1670,1940,1681,2698,2134,1754,1871,2694,1997,2697,2614],"class_list":{"0":"post-15941","1":"product","2":"type-product","3":"status-publish","4":"has-post-thumbnail","6":"product_cat-noeuds-papillon","7":"product_cat-noeuds-papillon-jean","8":"product_tag-accessoires-mariage","9":"product_tag-animal","10":"product_tag-asie","11":"product_tag-belgique","12":"product_tag-blanc","13":"product_tag-bleu","14":"product_tag-elephant","15":"product_tag-inde","16":"product_tag-jaggs","17":"product_tag-jeans","18":"product_tag-madeinbelgium","19":"product_tag-motif-taj-mahal","20":"product_tag-noeud","21":"product_tag-noeud-papillon","22":"product_tag-papillon","23":"product_tag-savane","24":"product_tag-taj-mahal","25":"product_tag-thailande","26":"product_tag-tissu-jeans","27":"pa_couleur-bleu-fonce","28":"pa_couleur-bague-centrale-jaune-moutarde","29":"pa_fermeture-fermeture-reglable-a-agrafes","30":"pa_hauteur-b1-6cm","31":"pa_largeur-57-11cm","32":"pa_lieu-de-fabrication-made-in-belgium-fabrique-avec-passion-a-waterloo-dans-latelier-jaggs","33":"pa_marque-cf-jaggs","34":"pa_matiere-100-coton","35":"pa_motifs-f2-elephant","36":"pa_revers-13-jaunemoutarde","37":"pa_tour-de-cou-ajustable-du-34-60","39":"first","40":"instock","41":"taxable","42":"shipping-taxable","43":"purchasable","44":"product-type-simple"},"_links":{"self":[{"href":"https:\/\/jaggs.be\/en\/wp-json\/wp\/v2\/product\/15941","targetHints":{"allow":["GET"]}}],"collection":[{"href":"https:\/\/jaggs.be\/en\/wp-json\/wp\/v2\/product"}],"about":[{"href":"https:\/\/jaggs.be\/en\/wp-json\/wp\/v2\/types\/product"}],"wp:featuredmedia":[{"embeddable":true,"href":"https:\/\/jaggs.be\/en\/wp-json\/wp\/v2\/media\/17801"}],"wp:attachment":[{"href":"https:\/\/jaggs.be\/en\/wp-json\/wp\/v2\/media?parent=15941"}],"wp:term":[{"taxonomy":"product_brand","embeddable":true,"href":"https:\/\/jaggs.be\/en\/wp-json\/wp\/v2\/product_brand?post=15941"},{"taxonomy":"product_cat","embeddable":true,"href":"https:\/\/jaggs.be\/en\/wp-json\/wp\/v2\/product_cat?post=15941"},{"taxonomy":"product_tag","embeddable":true,"href":"https:\/\/jaggs.be\/en\/wp-json\/wp\/v2\/product_tag?post=15941"}],"curies":[{"name":"wp","href":"https:\/\/api.w.org\/{rel}","templated":true}]}}