{"id":16230,"date":"2020-08-06T15:15:19","date_gmt":"2020-08-06T13:15:19","guid":{"rendered":"https:\/\/jaggs.be\/?post_type=product&#038;p=16230"},"modified":"2025-01-20T15:50:18","modified_gmt":"2025-01-20T14:50:18","slug":"noeud-papillon-psycho-motifs-geometriques-multicolores","status":"publish","type":"product","link":"https:\/\/jaggs.be\/en\/produit\/noeud-papillon-psycho-motifs-geometriques-multicolores\/","title":{"rendered":"N\u0153ud papillon &#8220;Psycho&#8221; &#8211; motifs g\u00e9om\u00e9triques multicolores"},"content":{"rendered":"","protected":false},"excerpt":{"rendered":"","protected":false},"featured_media":19986,"template":"","meta":[],"product_brand":[],"product_cat":[20,59,67],"product_tag":[2142,1676,1696,1937,1670,1757,1681,1737,1833,2951,2134,1754,1871,2413,1700,2684,1699],"class_list":{"0":"post-16230","1":"product","2":"type-product","3":"status-publish","4":"has-post-thumbnail","6":"product_cat-noeuds-papillon","7":"product_cat-noeuds-papillon-a-motifs","8":"product_cat-noeuds-papillon-satin","9":"product_tag-accessoires-mariage","10":"product_tag-belgique","11":"product_tag-bleu","12":"product_tag-bleu-roi","13":"product_tag-jaggs","14":"product_tag-jaune","15":"product_tag-madeinbelgium","16":"product_tag-mauve","17":"product_tag-motif","18":"product_tag-motif-psycho","19":"product_tag-noeud","20":"product_tag-noeud-papillon","21":"product_tag-papillon","22":"product_tag-psycho","23":"product_tag-rouge","24":"product_tag-satin","25":"product_tag-violet","26":"pa_couleur-multicolore","27":"pa_couleur-bague-centrale-tissu","28":"pa_fermeture-fermeture-reglable-a-agrafes","29":"pa_hauteur-b1-6cm","30":"pa_largeur-57-11cm","31":"pa_lieu-de-fabrication-made-in-belgium-fabrique-avec-passion-a-waterloo-dans-latelier-jaggs","32":"pa_marque-cf-jaggs","33":"pa_matiere-95-polyamide-et-5-elasthanne-avant-100-coton-arriere","34":"pa_motifs-3d-formegeometrique","35":"pa_revers-92-violet","36":"pa_tour-de-cou-ajustable-du-34-60","38":"first","39":"instock","40":"taxable","41":"shipping-taxable","42":"purchasable","43":"product-type-simple"},"_links":{"self":[{"href":"https:\/\/jaggs.be\/en\/wp-json\/wp\/v2\/product\/16230","targetHints":{"allow":["GET"]}}],"collection":[{"href":"https:\/\/jaggs.be\/en\/wp-json\/wp\/v2\/product"}],"about":[{"href":"https:\/\/jaggs.be\/en\/wp-json\/wp\/v2\/types\/product"}],"wp:featuredmedia":[{"embeddable":true,"href":"https:\/\/jaggs.be\/en\/wp-json\/wp\/v2\/media\/19986"}],"wp:attachment":[{"href":"https:\/\/jaggs.be\/en\/wp-json\/wp\/v2\/media?parent=16230"}],"wp:term":[{"taxonomy":"product_brand","embeddable":true,"href":"https:\/\/jaggs.be\/en\/wp-json\/wp\/v2\/product_brand?post=16230"},{"taxonomy":"product_cat","embeddable":true,"href":"https:\/\/jaggs.be\/en\/wp-json\/wp\/v2\/product_cat?post=16230"},{"taxonomy":"product_tag","embeddable":true,"href":"https:\/\/jaggs.be\/en\/wp-json\/wp\/v2\/product_tag?post=16230"}],"curies":[{"name":"wp","href":"https:\/\/api.w.org\/{rel}","templated":true}]}}