{"id":16346,"date":"2020-08-06T15:16:18","date_gmt":"2020-08-06T13:16:18","guid":{"rendered":"https:\/\/jaggs.be\/?post_type=product&#038;p=16346"},"modified":"2025-01-20T15:54:11","modified_gmt":"2025-01-20T14:54:11","slug":"noeud-papillon-a-motifs-abstraction-carres-colores-sur-fond-blanc","status":"publish","type":"product","link":"https:\/\/jaggs.be\/en\/produit\/noeud-papillon-a-motifs-abstraction-carres-colores-sur-fond-blanc\/","title":{"rendered":"N\u0153ud papillon \u00e0 motifs &#8220;Abstraction&#8221; &#8211; carr\u00e9s color\u00e9s sur fond blanc"},"content":{"rendered":"","protected":false},"excerpt":{"rendered":"","protected":false},"featured_media":19895,"template":"","meta":[],"product_brand":[],"product_cat":[20,59,67],"product_tag":[3112,3111,2142,1676,1689,1696,3110,1670,1681,1807,1833,2134,1754,1871,3109,1687],"class_list":{"0":"post-16346","1":"product","2":"type-product","3":"status-publish","4":"has-post-thumbnail","6":"product_cat-noeuds-papillon","7":"product_cat-noeuds-papillon-a-motifs","8":"product_cat-noeuds-papillon-satin","9":"product_tag-abstraction","10":"product_tag-abstrait","11":"product_tag-accessoires-mariage","12":"product_tag-belgique","13":"product_tag-blanc","14":"product_tag-bleu","15":"product_tag-carres","16":"product_tag-jaggs","17":"product_tag-madeinbelgium","18":"product_tag-marron","19":"product_tag-motif","20":"product_tag-noeud","21":"product_tag-noeud-papillon","22":"product_tag-papillon","23":"product_tag-pastels","24":"product_tag-vert","25":"pa_couleur-beige","26":"pa_couleur-bleu-canard","27":"pa_couleur-bague-centrale-bleu-canard","28":"pa_fermeture-fermeture-reglable-a-agrafes","29":"pa_hauteur-b1-6cm","30":"pa_largeur-57-11cm","31":"pa_lieu-de-fabrication-made-in-belgium-fabrique-avec-passion-a-waterloo-dans-latelier-jaggs","32":"pa_marque-cf-jaggs","33":"pa_matiere-100-satin-avant-100-coton-arriere","34":"pa_motifs-50-carrescolores","35":"pa_revers-fc-bleucanard","36":"pa_tour-de-cou-ajustable-du-34-60","38":"first","39":"instock","40":"taxable","41":"shipping-taxable","42":"purchasable","43":"product-type-simple"},"_links":{"self":[{"href":"https:\/\/jaggs.be\/en\/wp-json\/wp\/v2\/product\/16346","targetHints":{"allow":["GET"]}}],"collection":[{"href":"https:\/\/jaggs.be\/en\/wp-json\/wp\/v2\/product"}],"about":[{"href":"https:\/\/jaggs.be\/en\/wp-json\/wp\/v2\/types\/product"}],"wp:featuredmedia":[{"embeddable":true,"href":"https:\/\/jaggs.be\/en\/wp-json\/wp\/v2\/media\/19895"}],"wp:attachment":[{"href":"https:\/\/jaggs.be\/en\/wp-json\/wp\/v2\/media?parent=16346"}],"wp:term":[{"taxonomy":"product_brand","embeddable":true,"href":"https:\/\/jaggs.be\/en\/wp-json\/wp\/v2\/product_brand?post=16346"},{"taxonomy":"product_cat","embeddable":true,"href":"https:\/\/jaggs.be\/en\/wp-json\/wp\/v2\/product_cat?post=16346"},{"taxonomy":"product_tag","embeddable":true,"href":"https:\/\/jaggs.be\/en\/wp-json\/wp\/v2\/product_tag?post=16346"}],"curies":[{"name":"wp","href":"https:\/\/api.w.org\/{rel}","templated":true}]}}