{"id":16465,"date":"2020-08-06T15:17:17","date_gmt":"2020-08-06T13:17:17","guid":{"rendered":"https:\/\/jaggs.be\/?post_type=product&#038;p=16465"},"modified":"2025-01-20T15:49:02","modified_gmt":"2025-01-20T14:49:02","slug":"noeud-papillon-dragon-celeste-dragons-dores-sur-fond-rouge","status":"publish","type":"product","link":"https:\/\/jaggs.be\/en\/produit\/noeud-papillon-dragon-celeste-dragons-dores-sur-fond-rouge\/","title":{"rendered":"N\u0153ud papillon &#8220;Dragon C\u00e9leste&#8221; &#8211; Dragons dor\u00e9s sur fond rouge"},"content":{"rendered":"","protected":false},"excerpt":{"rendered":"","protected":false},"featured_media":19842,"template":"","meta":[],"product_brand":[],"product_cat":[20,59],"product_tag":[2142,1676,2396,3226,1875,3223,3222,1670,1681,1833,3224,2134,1754,1871,1700,3225],"class_list":{"0":"post-16465","1":"product","2":"type-product","3":"status-publish","4":"has-post-thumbnail","6":"product_cat-noeuds-papillon","7":"product_cat-noeuds-papillon-a-motifs","8":"product_tag-accessoires-mariage","9":"product_tag-belgique","10":"product_tag-chine","11":"product_tag-chinois","12":"product_tag-dore","13":"product_tag-dragon","14":"product_tag-dragon-celeste","15":"product_tag-jaggs","16":"product_tag-madeinbelgium","17":"product_tag-motif","18":"product_tag-motif-dragon-celeste","19":"product_tag-noeud","20":"product_tag-noeud-papillon","21":"product_tag-papillon","22":"product_tag-rouge","23":"product_tag-vif","24":"pa_couleur-dore","25":"pa_couleur-a2-rouge","26":"pa_couleur-bague-centrale-tissu","27":"pa_fermeture-fermeture-reglable-a-agrafes","28":"pa_hauteur-b1-6cm","29":"pa_largeur-57-11cm","30":"pa_lieu-de-fabrication-made-in-belgium-fabrique-avec-passion-a-waterloo-dans-latelier-jaggs","31":"pa_marque-cf-jaggs","32":"pa_matiere-100-satin-moire-avant-100-coton-arriere","33":"pa_motifs-20-dragon","34":"pa_revers-f3-blanc","35":"pa_tour-de-cou-ajustable-du-34-60","37":"first","38":"instock","39":"taxable","40":"shipping-taxable","41":"purchasable","42":"product-type-simple"},"_links":{"self":[{"href":"https:\/\/jaggs.be\/en\/wp-json\/wp\/v2\/product\/16465","targetHints":{"allow":["GET"]}}],"collection":[{"href":"https:\/\/jaggs.be\/en\/wp-json\/wp\/v2\/product"}],"about":[{"href":"https:\/\/jaggs.be\/en\/wp-json\/wp\/v2\/types\/product"}],"wp:featuredmedia":[{"embeddable":true,"href":"https:\/\/jaggs.be\/en\/wp-json\/wp\/v2\/media\/19842"}],"wp:attachment":[{"href":"https:\/\/jaggs.be\/en\/wp-json\/wp\/v2\/media?parent=16465"}],"wp:term":[{"taxonomy":"product_brand","embeddable":true,"href":"https:\/\/jaggs.be\/en\/wp-json\/wp\/v2\/product_brand?post=16465"},{"taxonomy":"product_cat","embeddable":true,"href":"https:\/\/jaggs.be\/en\/wp-json\/wp\/v2\/product_cat?post=16465"},{"taxonomy":"product_tag","embeddable":true,"href":"https:\/\/jaggs.be\/en\/wp-json\/wp\/v2\/product_tag?post=16465"}],"curies":[{"name":"wp","href":"https:\/\/api.w.org\/{rel}","templated":true}]}}