{"id":16470,"date":"2020-08-06T15:17:19","date_gmt":"2020-08-06T13:17:19","guid":{"rendered":"https:\/\/jaggs.be\/?post_type=product&#038;p=16470"},"modified":"2025-01-20T15:49:45","modified_gmt":"2025-01-20T14:49:45","slug":"noeud-papillon-lac-leman-fleurs-colorees-sur-fond-bleu","status":"publish","type":"product","link":"https:\/\/jaggs.be\/en\/produit\/noeud-papillon-lac-leman-fleurs-colorees-sur-fond-bleu\/","title":{"rendered":"N\u0153ud papillon &#8220;Lac L\u00e9man&#8221; &#8211; Fleurs color\u00e9es sur fond bleu"},"content":{"rendered":"","protected":false},"excerpt":{"rendered":"","protected":false},"featured_media":19866,"template":"","meta":[],"product_brand":[],"product_cat":[20,59],"product_tag":[2142,1676,1696,1780,1795,1670,1757,3234,1681,1702,1833,3235,2134,1754,1871,1674,1687],"class_list":{"0":"post-16470","1":"product","2":"type-product","3":"status-publish","4":"has-post-thumbnail","6":"product_cat-noeuds-papillon","7":"product_cat-noeuds-papillon-a-motifs","8":"product_tag-accessoires-mariage","9":"product_tag-belgique","10":"product_tag-bleu","11":"product_tag-bleu-marine","12":"product_tag-fleur","13":"product_tag-jaggs","14":"product_tag-jaune","15":"product_tag-lac-leman","16":"product_tag-madeinbelgium","17":"product_tag-marine","18":"product_tag-motif","19":"product_tag-motif-lac-leman","20":"product_tag-noeud","21":"product_tag-noeud-papillon","22":"product_tag-papillon","23":"product_tag-rose","24":"product_tag-vert","25":"pa_couleur-43-bleumarine","26":"pa_couleur-bague-centrale-tissu","27":"pa_fermeture-fermeture-reglable-a-agrafes","28":"pa_hauteur-b1-6cm","29":"pa_largeur-57-11cm","30":"pa_lieu-de-fabrication-made-in-belgium-fabrique-avec-passion-a-waterloo-dans-latelier-jaggs","31":"pa_marque-cf-jaggs","32":"pa_matiere-100-coton","33":"pa_motifs-c2-fleur","34":"pa_revers-c3-jaune","35":"pa_tour-de-cou-ajustable-du-34-60","37":"first","38":"instock","39":"taxable","40":"shipping-taxable","41":"purchasable","42":"product-type-simple"},"_links":{"self":[{"href":"https:\/\/jaggs.be\/en\/wp-json\/wp\/v2\/product\/16470","targetHints":{"allow":["GET"]}}],"collection":[{"href":"https:\/\/jaggs.be\/en\/wp-json\/wp\/v2\/product"}],"about":[{"href":"https:\/\/jaggs.be\/en\/wp-json\/wp\/v2\/types\/product"}],"wp:featuredmedia":[{"embeddable":true,"href":"https:\/\/jaggs.be\/en\/wp-json\/wp\/v2\/media\/19866"}],"wp:attachment":[{"href":"https:\/\/jaggs.be\/en\/wp-json\/wp\/v2\/media?parent=16470"}],"wp:term":[{"taxonomy":"product_brand","embeddable":true,"href":"https:\/\/jaggs.be\/en\/wp-json\/wp\/v2\/product_brand?post=16470"},{"taxonomy":"product_cat","embeddable":true,"href":"https:\/\/jaggs.be\/en\/wp-json\/wp\/v2\/product_cat?post=16470"},{"taxonomy":"product_tag","embeddable":true,"href":"https:\/\/jaggs.be\/en\/wp-json\/wp\/v2\/product_tag?post=16470"}],"curies":[{"name":"wp","href":"https:\/\/api.w.org\/{rel}","templated":true}]}}