{"id":16520,"date":"2020-08-06T15:17:44","date_gmt":"2020-08-06T13:17:44","guid":{"rendered":"https:\/\/jaggs.be\/?post_type=product&#038;p=16520"},"modified":"2025-01-20T15:50:00","modified_gmt":"2025-01-20T14:50:00","slug":"noeud-papillon-lucky-coccinelles-rouges-trefles-a-4-feuilles","status":"publish","type":"product","link":"https:\/\/jaggs.be\/en\/produit\/noeud-papillon-lucky-coccinelles-rouges-trefles-a-4-feuilles\/","title":{"rendered":"N\u0153ud papillon &#8220;Lucky&#8221; &#8211; coccinelles rouges &amp; tr\u00e8fles \u00e0 4 feuilles"},"content":{"rendered":"","protected":false},"excerpt":{"rendered":"","protected":false},"featured_media":20486,"template":"","meta":[],"product_brand":[],"product_cat":[20,59],"product_tag":[2142,3291,3294,1670,1833,2134,1754,1871,1700,3292,3293,1687],"class_list":{"0":"post-16520","1":"product","2":"type-product","3":"status-publish","4":"has-post-thumbnail","6":"product_cat-noeuds-papillon","7":"product_cat-noeuds-papillon-a-motifs","8":"product_tag-accessoires-mariage","9":"product_tag-coccinelles","10":"product_tag-coccinelles-rouges","11":"product_tag-jaggs","12":"product_tag-motif","13":"product_tag-noeud","14":"product_tag-noeud-papillon","15":"product_tag-papillon","16":"product_tag-rouge","17":"product_tag-trefles","18":"product_tag-trefles-a-4-feuilles","19":"product_tag-vert","20":"pa_couleur-bague-centrale-rouge","21":"pa_fermeture-fermeture-reglable-a-agrafes","22":"pa_hauteur-b1-6cm","23":"pa_largeur-57-11cm","24":"pa_lieu-de-fabrication-made-in-belgium-fabrique-avec-passion-a-waterloo-dans-latelier-jaggs","25":"pa_marque-cf-jaggs","26":"pa_matiere-100-coton","27":"pa_motifs-04-treflesa4feuillescoccinell","28":"pa_revers-a2-rouge","29":"pa_tour-de-cou-ajustable-du-34-60","31":"first","32":"instock","33":"taxable","34":"shipping-taxable","35":"purchasable","36":"product-type-simple"},"_links":{"self":[{"href":"https:\/\/jaggs.be\/en\/wp-json\/wp\/v2\/product\/16520","targetHints":{"allow":["GET"]}}],"collection":[{"href":"https:\/\/jaggs.be\/en\/wp-json\/wp\/v2\/product"}],"about":[{"href":"https:\/\/jaggs.be\/en\/wp-json\/wp\/v2\/types\/product"}],"wp:featuredmedia":[{"embeddable":true,"href":"https:\/\/jaggs.be\/en\/wp-json\/wp\/v2\/media\/20486"}],"wp:attachment":[{"href":"https:\/\/jaggs.be\/en\/wp-json\/wp\/v2\/media?parent=16520"}],"wp:term":[{"taxonomy":"product_brand","embeddable":true,"href":"https:\/\/jaggs.be\/en\/wp-json\/wp\/v2\/product_brand?post=16520"},{"taxonomy":"product_cat","embeddable":true,"href":"https:\/\/jaggs.be\/en\/wp-json\/wp\/v2\/product_cat?post=16520"},{"taxonomy":"product_tag","embeddable":true,"href":"https:\/\/jaggs.be\/en\/wp-json\/wp\/v2\/product_tag?post=16520"}],"curies":[{"name":"wp","href":"https:\/\/api.w.org\/{rel}","templated":true}]}}