{"id":16556,"date":"2020-08-06T15:18:04","date_gmt":"2020-08-06T13:18:04","guid":{"rendered":"https:\/\/jaggs.be\/?post_type=product&#038;p=16556"},"modified":"2025-01-20T15:49:38","modified_gmt":"2025-01-20T14:49:38","slug":"noeud-papillon-jungle-zebra-feuilles-vertes-et-formes-geometriques-noires","status":"publish","type":"product","link":"https:\/\/jaggs.be\/en\/produit\/noeud-papillon-jungle-zebra-feuilles-vertes-et-formes-geometriques-noires\/","title":{"rendered":"N\u0153ud papillon &#8220;Jungle Zebra&#8221; &#8211; feuilles vertes et formes g\u00e9om\u00e9triques noires"},"content":{"rendered":"","protected":false},"excerpt":{"rendered":"","protected":false},"featured_media":19970,"template":"","meta":[],"product_brand":[],"product_cat":[20,59],"product_tag":[2142,1676,1689,2016,1670,3311,1681,1833,2134,1754,1701,1871,3310,1687],"class_list":{"0":"post-16556","1":"product","2":"type-product","3":"status-publish","4":"has-post-thumbnail","6":"product_cat-noeuds-papillon","7":"product_cat-noeuds-papillon-a-motifs","8":"product_tag-accessoires-mariage","9":"product_tag-belgique","10":"product_tag-blanc","11":"product_tag-feuilles","12":"product_tag-jaggs","13":"product_tag-jungle-zebra","14":"product_tag-madeinbelgium","15":"product_tag-motif","16":"product_tag-noeud","17":"product_tag-noeud-papillon","18":"product_tag-noir","19":"product_tag-papillon","20":"product_tag-vegetaux","21":"product_tag-vert","22":"pa_couleur-cb-vert","23":"pa_couleur-bague-centrale-tissu","24":"pa_fermeture-fermeture-reglable-a-agrafes","25":"pa_hauteur-b1-6cm","26":"pa_largeur-57-11cm","27":"pa_lieu-de-fabrication-made-in-belgium-fabrique-avec-passion-a-waterloo-dans-latelier-jaggs","28":"pa_marque-cf-jaggs","29":"pa_matiere-100-coton","30":"pa_motifs-20-feuille","31":"pa_revers-13-noir","32":"pa_tour-de-cou-ajustable-du-34-60","34":"first","35":"instock","36":"taxable","37":"shipping-taxable","38":"purchasable","39":"product-type-simple"},"_links":{"self":[{"href":"https:\/\/jaggs.be\/en\/wp-json\/wp\/v2\/product\/16556","targetHints":{"allow":["GET"]}}],"collection":[{"href":"https:\/\/jaggs.be\/en\/wp-json\/wp\/v2\/product"}],"about":[{"href":"https:\/\/jaggs.be\/en\/wp-json\/wp\/v2\/types\/product"}],"wp:featuredmedia":[{"embeddable":true,"href":"https:\/\/jaggs.be\/en\/wp-json\/wp\/v2\/media\/19970"}],"wp:attachment":[{"href":"https:\/\/jaggs.be\/en\/wp-json\/wp\/v2\/media?parent=16556"}],"wp:term":[{"taxonomy":"product_brand","embeddable":true,"href":"https:\/\/jaggs.be\/en\/wp-json\/wp\/v2\/product_brand?post=16556"},{"taxonomy":"product_cat","embeddable":true,"href":"https:\/\/jaggs.be\/en\/wp-json\/wp\/v2\/product_cat?post=16556"},{"taxonomy":"product_tag","embeddable":true,"href":"https:\/\/jaggs.be\/en\/wp-json\/wp\/v2\/product_tag?post=16556"}],"curies":[{"name":"wp","href":"https:\/\/api.w.org\/{rel}","templated":true}]}}