{"id":16577,"date":"2020-08-06T15:18:14","date_gmt":"2020-08-06T13:18:14","guid":{"rendered":"https:\/\/jaggs.be\/?post_type=product&#038;p=16577"},"modified":"2025-01-20T15:50:39","modified_gmt":"2025-01-20T14:50:39","slug":"noeud-papillon-ukiyo-e-motifs-vegetaux-japonais","status":"publish","type":"product","link":"https:\/\/jaggs.be\/en\/produit\/noeud-papillon-ukiyo-e-motifs-vegetaux-japonais\/","title":{"rendered":"N\u0153ud papillon &#8220;Ukiyo-e&#8221; &#8211; motifs v\u00e9g\u00e9taux japonais"},"content":{"rendered":"","protected":false},"excerpt":{"rendered":"","protected":false},"featured_media":19969,"template":"","meta":[],"product_brand":[],"product_cat":[20,59],"product_tag":[2142,3329,1676,1670,1843,1681,1833,2134,1754,1871,3109,3310],"class_list":{"0":"post-16577","1":"product","2":"type-product","3":"status-publish","4":"has-post-thumbnail","6":"product_cat-noeuds-papillon","7":"product_cat-noeuds-papillon-a-motifs","8":"product_tag-accessoires-mariage","9":"product_tag-art","10":"product_tag-belgique","11":"product_tag-jaggs","12":"product_tag-japonais","13":"product_tag-madeinbelgium","14":"product_tag-motif","15":"product_tag-noeud","16":"product_tag-noeud-papillon","17":"product_tag-papillon","18":"product_tag-pastels","19":"product_tag-vegetaux","20":"pa_couleur-6f-pastel","21":"pa_couleur-bague-centrale-bordeaux","22":"pa_fermeture-fermeture-reglable-a-agrafes","23":"pa_hauteur-b1-6cm","24":"pa_largeur-57-11cm","25":"pa_lieu-de-fabrication-made-in-belgium-fabrique-avec-passion-a-waterloo-dans-latelier-jaggs","26":"pa_marque-cf-jaggs","27":"pa_matiere-100-coton","28":"pa_motifs-21-vegetal","29":"pa_revers-10-bordeaux","30":"pa_tour-de-cou-ajustable-du-34-60","32":"first","33":"instock","34":"taxable","35":"shipping-taxable","36":"purchasable","37":"product-type-simple"},"_links":{"self":[{"href":"https:\/\/jaggs.be\/en\/wp-json\/wp\/v2\/product\/16577","targetHints":{"allow":["GET"]}}],"collection":[{"href":"https:\/\/jaggs.be\/en\/wp-json\/wp\/v2\/product"}],"about":[{"href":"https:\/\/jaggs.be\/en\/wp-json\/wp\/v2\/types\/product"}],"wp:featuredmedia":[{"embeddable":true,"href":"https:\/\/jaggs.be\/en\/wp-json\/wp\/v2\/media\/19969"}],"wp:attachment":[{"href":"https:\/\/jaggs.be\/en\/wp-json\/wp\/v2\/media?parent=16577"}],"wp:term":[{"taxonomy":"product_brand","embeddable":true,"href":"https:\/\/jaggs.be\/en\/wp-json\/wp\/v2\/product_brand?post=16577"},{"taxonomy":"product_cat","embeddable":true,"href":"https:\/\/jaggs.be\/en\/wp-json\/wp\/v2\/product_cat?post=16577"},{"taxonomy":"product_tag","embeddable":true,"href":"https:\/\/jaggs.be\/en\/wp-json\/wp\/v2\/product_tag?post=16577"}],"curies":[{"name":"wp","href":"https:\/\/api.w.org\/{rel}","templated":true}]}}