{"id":17055,"date":"2020-08-06T15:22:16","date_gmt":"2020-08-06T13:22:16","guid":{"rendered":"https:\/\/jaggs.be\/?post_type=product&#038;p=17055"},"modified":"2025-01-20T15:49:35","modified_gmt":"2025-01-20T14:49:35","slug":"noeud-papillon-jungle-by-night-motifs-vegetaux-jaune-moutarde-blancs","status":"publish","type":"product","link":"https:\/\/jaggs.be\/en\/produit\/noeud-papillon-jungle-by-night-motifs-vegetaux-jaune-moutarde-blancs\/","title":{"rendered":"N\u0153ud papillon &#8220;Jungle By Night&#8221; &#8211; motifs v\u00e9g\u00e9taux jaune moutarde &amp; blancs"},"content":{"rendered":"","protected":false},"excerpt":{"rendered":"","protected":false},"featured_media":19931,"template":"","meta":[],"product_brand":[],"product_cat":[20,59],"product_tag":[2142,1676,1689,1696,2016,1670,1953,1955,1681,1833,2134,1754,1701,2544,1871,3310],"class_list":{"0":"post-17055","1":"product","2":"type-product","3":"status-publish","4":"has-post-thumbnail","6":"product_cat-noeuds-papillon","7":"product_cat-noeuds-papillon-a-motifs","8":"product_tag-accessoires-mariage","9":"product_tag-belgique","10":"product_tag-blanc","11":"product_tag-bleu","12":"product_tag-feuilles","13":"product_tag-jaggs","14":"product_tag-jaune-moutarde","15":"product_tag-jungle","16":"product_tag-madeinbelgium","17":"product_tag-motif","18":"product_tag-noeud","19":"product_tag-noeud-papillon","20":"product_tag-noir","21":"product_tag-nuit","22":"product_tag-papillon","23":"product_tag-vegetaux","24":"pa_couleur-jaune-moutarde","25":"pa_couleur-13-noir","26":"pa_couleur-bague-centrale-jaune-moutarde","27":"pa_fermeture-fermeture-reglable-a-agrafes","28":"pa_hauteur-b1-6cm","29":"pa_largeur-57-11cm","30":"pa_lieu-de-fabrication-made-in-belgium-fabrique-avec-passion-a-waterloo-dans-latelier-jaggs","31":"pa_marque-cf-jaggs","32":"pa_matiere-100-coton","33":"pa_motifs-21-vegetal","34":"pa_revers-13-jaunemoutarde","35":"pa_tour-de-cou-ajustable-du-34-60","37":"first","38":"instock","39":"taxable","40":"shipping-taxable","41":"purchasable","42":"product-type-simple"},"_links":{"self":[{"href":"https:\/\/jaggs.be\/en\/wp-json\/wp\/v2\/product\/17055","targetHints":{"allow":["GET"]}}],"collection":[{"href":"https:\/\/jaggs.be\/en\/wp-json\/wp\/v2\/product"}],"about":[{"href":"https:\/\/jaggs.be\/en\/wp-json\/wp\/v2\/types\/product"}],"wp:featuredmedia":[{"embeddable":true,"href":"https:\/\/jaggs.be\/en\/wp-json\/wp\/v2\/media\/19931"}],"wp:attachment":[{"href":"https:\/\/jaggs.be\/en\/wp-json\/wp\/v2\/media?parent=17055"}],"wp:term":[{"taxonomy":"product_brand","embeddable":true,"href":"https:\/\/jaggs.be\/en\/wp-json\/wp\/v2\/product_brand?post=17055"},{"taxonomy":"product_cat","embeddable":true,"href":"https:\/\/jaggs.be\/en\/wp-json\/wp\/v2\/product_cat?post=17055"},{"taxonomy":"product_tag","embeddable":true,"href":"https:\/\/jaggs.be\/en\/wp-json\/wp\/v2\/product_tag?post=17055"}],"curies":[{"name":"wp","href":"https:\/\/api.w.org\/{rel}","templated":true}]}}