{"id":17069,"date":"2020-08-06T15:22:23","date_gmt":"2020-08-06T13:22:23","guid":{"rendered":"https:\/\/jaggs.be\/?post_type=product&#038;p=17069"},"modified":"2025-01-20T15:49:35","modified_gmt":"2025-01-20T14:49:35","slug":"noeud-papillon-jungle-by-night-motifs-vegetaux-jaune-moutarde-orange","status":"publish","type":"product","link":"https:\/\/jaggs.be\/en\/produit\/noeud-papillon-jungle-by-night-motifs-vegetaux-jaune-moutarde-orange\/","title":{"rendered":"N\u0153ud papillon &#8220;Jungle By Night&#8221; &#8211; motifs v\u00e9g\u00e9taux jaune moutarde &amp; orange"},"content":{"rendered":"","protected":false},"excerpt":{"rendered":"","protected":false},"featured_media":6145,"template":"","meta":[],"product_brand":[],"product_cat":[20,59],"product_tag":[1676,1689,2016,1670,1953,1955,3681,1681,1833,2134,1754,1701,1826,3620,1871,3310],"class_list":{"0":"post-17069","1":"product","2":"type-product","3":"status-publish","4":"has-post-thumbnail","6":"product_cat-noeuds-papillon","7":"product_cat-noeuds-papillon-a-motifs","8":"product_tag-belgique","9":"product_tag-blanc","10":"product_tag-feuilles","11":"product_tag-jaggs","12":"product_tag-jaune-moutarde","13":"product_tag-jungle","14":"product_tag-jungle-by-night","15":"product_tag-madeinbelgium","16":"product_tag-motif","17":"product_tag-noeud","18":"product_tag-noeud-papillon","19":"product_tag-noir","20":"product_tag-orange","21":"product_tag-orange-fonce","22":"product_tag-papillon","23":"product_tag-vegetaux","24":"pa_couleur-13-noir","25":"pa_couleur-1a-orange","26":"pa_fermeture-fermeture-reglable-a-agrafes","27":"pa_hauteur-b1-6cm","28":"pa_largeur-57-11cm","29":"pa_lieu-de-fabrication-made-in-belgium-fabrique-avec-passion-a-waterloo-dans-latelier-jaggs","30":"pa_marque-cf-jaggs","31":"pa_matiere-100-coton","32":"pa_motifs-21-vegetal","33":"pa_revers-f3-blanc","34":"pa_tour-de-cou-ajustable-du-34-60","36":"first","37":"instock","38":"taxable","39":"shipping-taxable","40":"purchasable","41":"product-type-simple"},"_links":{"self":[{"href":"https:\/\/jaggs.be\/en\/wp-json\/wp\/v2\/product\/17069","targetHints":{"allow":["GET"]}}],"collection":[{"href":"https:\/\/jaggs.be\/en\/wp-json\/wp\/v2\/product"}],"about":[{"href":"https:\/\/jaggs.be\/en\/wp-json\/wp\/v2\/types\/product"}],"wp:featuredmedia":[{"embeddable":true,"href":"https:\/\/jaggs.be\/en\/wp-json\/wp\/v2\/media\/6145"}],"wp:attachment":[{"href":"https:\/\/jaggs.be\/en\/wp-json\/wp\/v2\/media?parent=17069"}],"wp:term":[{"taxonomy":"product_brand","embeddable":true,"href":"https:\/\/jaggs.be\/en\/wp-json\/wp\/v2\/product_brand?post=17069"},{"taxonomy":"product_cat","embeddable":true,"href":"https:\/\/jaggs.be\/en\/wp-json\/wp\/v2\/product_cat?post=17069"},{"taxonomy":"product_tag","embeddable":true,"href":"https:\/\/jaggs.be\/en\/wp-json\/wp\/v2\/product_tag?post=17069"}],"curies":[{"name":"wp","href":"https:\/\/api.w.org\/{rel}","templated":true}]}}