{"id":17077,"date":"2020-08-06T15:22:25","date_gmt":"2020-08-06T13:22:25","guid":{"rendered":"https:\/\/jaggs.be\/?post_type=product&#038;p=17077"},"modified":"2025-01-20T15:52:27","modified_gmt":"2025-01-20T14:52:27","slug":"noeud-papillon-liege-merlot-a-paillettes-argentees-bague-bleu-canard","status":"publish","type":"product","link":"https:\/\/jaggs.be\/en\/produit\/noeud-papillon-liege-merlot-a-paillettes-argentees-bague-bleu-canard\/","title":{"rendered":"N\u0153ud papillon li\u00e8ge &#8220;Merlot&#8221; \u00e0 paillettes argent\u00e9es &#8211; bague bleu canard"},"content":{"rendered":"","protected":false},"excerpt":{"rendered":"","protected":false},"featured_media":41648,"template":"","meta":[],"product_brand":[],"product_cat":[20,75],"product_tag":[2142,2067,1676,3167,1670,2768,1681,3168,3686,3169,2134,1754,3170,3200,3685,1871],"class_list":{"0":"post-17077","1":"product","2":"type-product","3":"status-publish","4":"has-post-thumbnail","6":"product_cat-noeuds-papillon","7":"product_cat-noeuds-papillon-liege","8":"product_tag-accessoires-mariage","9":"product_tag-argente","10":"product_tag-belgique","11":"product_tag-bois","12":"product_tag-jaggs","13":"product_tag-liege","14":"product_tag-madeinbelgium","15":"product_tag-matiere","16":"product_tag-merlot","17":"product_tag-naturel","18":"product_tag-noeud","19":"product_tag-noeud-papillon","20":"product_tag-noeuds-papillon-originaux","21":"product_tag-paillettes","22":"product_tag-paillettes-argentees","23":"product_tag-papillon","24":"pa_couleur-bague-centrale-bleu-canard","25":"pa_fermeture-fermeture-reglable-a-agrafes","26":"pa_hauteur-b1-6cm","27":"pa_largeur-57-11cm","28":"pa_lieu-de-fabrication-made-in-belgium-fabrique-avec-passion-a-waterloo-dans-latelier-jaggs","29":"pa_marque-cf-jaggs","30":"pa_matiere-100-liege-avant-100-coton-arriere-et-bague","31":"pa_motifs-ce-liegeapaillettesargentees","32":"pa_origine-matiere-premiere-france-et-belgique","33":"pa_revers-fc-bleucanard","34":"pa_tour-de-cou-ajustable-du-34-60","36":"first","37":"instock","38":"taxable","39":"shipping-taxable","40":"purchasable","41":"product-type-simple"},"_links":{"self":[{"href":"https:\/\/jaggs.be\/en\/wp-json\/wp\/v2\/product\/17077","targetHints":{"allow":["GET"]}}],"collection":[{"href":"https:\/\/jaggs.be\/en\/wp-json\/wp\/v2\/product"}],"about":[{"href":"https:\/\/jaggs.be\/en\/wp-json\/wp\/v2\/types\/product"}],"wp:featuredmedia":[{"embeddable":true,"href":"https:\/\/jaggs.be\/en\/wp-json\/wp\/v2\/media\/41648"}],"wp:attachment":[{"href":"https:\/\/jaggs.be\/en\/wp-json\/wp\/v2\/media?parent=17077"}],"wp:term":[{"taxonomy":"product_brand","embeddable":true,"href":"https:\/\/jaggs.be\/en\/wp-json\/wp\/v2\/product_brand?post=17077"},{"taxonomy":"product_cat","embeddable":true,"href":"https:\/\/jaggs.be\/en\/wp-json\/wp\/v2\/product_cat?post=17077"},{"taxonomy":"product_tag","embeddable":true,"href":"https:\/\/jaggs.be\/en\/wp-json\/wp\/v2\/product_tag?post=17077"}],"curies":[{"name":"wp","href":"https:\/\/api.w.org\/{rel}","templated":true}]}}