{"id":17116,"date":"2020-08-06T15:22:44","date_gmt":"2020-08-06T13:22:44","guid":{"rendered":"https:\/\/jaggs.be\/?post_type=product&#038;p=17116"},"modified":"2025-01-20T15:53:29","modified_gmt":"2025-01-20T14:53:29","slug":"noeud-papillon-japonais-eventails-rouge-fonce","status":"publish","type":"product","link":"https:\/\/jaggs.be\/en\/produit\/noeud-papillon-japonais-eventails-rouge-fonce\/","title":{"rendered":"N\u0153ud papillon Japonais &#8220;\u00c9ventails&#8221; rouge fonc\u00e9"},"content":{"rendered":"","protected":false},"excerpt":{"rendered":"","protected":false},"featured_media":35253,"template":"","meta":[],"product_brand":[],"product_cat":[20,51],"product_tag":[2142,2454,1676,2456,2396,2453,1670,2455,1843,1681,2450,2134,1754,1871,1700,1969],"class_list":{"0":"post-17116","1":"product","2":"type-product","3":"status-publish","4":"has-post-thumbnail","6":"product_cat-noeuds-papillon","7":"product_cat-noeuds-papillon-japonais","8":"product_tag-accessoires-mariage","9":"product_tag-asie","10":"product_tag-belgique","11":"product_tag-beu-roi","12":"product_tag-chine","13":"product_tag-eventails","14":"product_tag-jaggs","15":"product_tag-japon","16":"product_tag-japonais","17":"product_tag-madeinbelgium","18":"product_tag-motifs-japonais","19":"product_tag-noeud","20":"product_tag-noeud-papillon","21":"product_tag-papillon","22":"product_tag-rouge","23":"product_tag-rouge-fonce","24":"pa_couleur-0c-rougefonce","25":"pa_fermeture-fermeture-reglable-a-agrafes","26":"pa_hauteur-b1-6cm","27":"pa_largeur-57-11cm","28":"pa_lieu-de-fabrication-made-in-belgium-fabrique-avec-passion-a-waterloo-dans-latelier-jaggs","29":"pa_marque-cf-jaggs","30":"pa_matiere-100-coton","31":"pa_motifs-87-eventail","32":"pa_revers-13-jaunemoutarde","33":"pa_tour-de-cou-ajustable-du-34-60","35":"first","36":"instock","37":"taxable","38":"shipping-taxable","39":"purchasable","40":"product-type-simple"},"_links":{"self":[{"href":"https:\/\/jaggs.be\/en\/wp-json\/wp\/v2\/product\/17116","targetHints":{"allow":["GET"]}}],"collection":[{"href":"https:\/\/jaggs.be\/en\/wp-json\/wp\/v2\/product"}],"about":[{"href":"https:\/\/jaggs.be\/en\/wp-json\/wp\/v2\/types\/product"}],"wp:featuredmedia":[{"embeddable":true,"href":"https:\/\/jaggs.be\/en\/wp-json\/wp\/v2\/media\/35253"}],"wp:attachment":[{"href":"https:\/\/jaggs.be\/en\/wp-json\/wp\/v2\/media?parent=17116"}],"wp:term":[{"taxonomy":"product_brand","embeddable":true,"href":"https:\/\/jaggs.be\/en\/wp-json\/wp\/v2\/product_brand?post=17116"},{"taxonomy":"product_cat","embeddable":true,"href":"https:\/\/jaggs.be\/en\/wp-json\/wp\/v2\/product_cat?post=17116"},{"taxonomy":"product_tag","embeddable":true,"href":"https:\/\/jaggs.be\/en\/wp-json\/wp\/v2\/product_tag?post=17116"}],"curies":[{"name":"wp","href":"https:\/\/api.w.org\/{rel}","templated":true}]}}