{"id":17129,"date":"2020-08-06T15:22:51","date_gmt":"2020-08-06T13:22:51","guid":{"rendered":"https:\/\/jaggs.be\/?post_type=product&#038;p=17129"},"modified":"2025-01-20T15:49:12","modified_gmt":"2025-01-20T14:49:12","slug":"noeud-papillon-flash-night-motifs-geometriques-sur-fond-bleu-marine","status":"publish","type":"product","link":"https:\/\/jaggs.be\/en\/produit\/noeud-papillon-flash-night-motifs-geometriques-sur-fond-bleu-marine\/","title":{"rendered":"N\u0153ud papillon &#8220;Flash Night&#8221; &#8211; motifs g\u00e9om\u00e9triques sur fond bleu marine"},"content":{"rendered":"","protected":false},"excerpt":{"rendered":"","protected":false},"featured_media":19944,"template":"","meta":[],"product_brand":[],"product_cat":[20,59],"product_tag":[2142,1676,1696,2177,1780,3454,2176,1670,1681,1833,2134,1754,1871],"class_list":{"0":"post-17129","1":"product","2":"type-product","3":"status-publish","4":"has-post-thumbnail","6":"product_cat-noeuds-papillon","7":"product_cat-noeuds-papillon-a-motifs","8":"product_tag-accessoires-mariage","9":"product_tag-belgique","10":"product_tag-bleu","11":"product_tag-bleu-fonce","12":"product_tag-bleu-marine","13":"product_tag-flash-night","14":"product_tag-geometrique","15":"product_tag-jaggs","16":"product_tag-madeinbelgium","17":"product_tag-motif","18":"product_tag-noeud","19":"product_tag-noeud-papillon","20":"product_tag-papillon","21":"pa_couleur-43-bleumarine","22":"pa_couleur-bague-centrale-bordeaux","23":"pa_fermeture-fermeture-reglable-a-agrafes","24":"pa_hauteur-b1-6cm","25":"pa_largeur-57-11cm","26":"pa_lieu-de-fabrication-made-in-belgium-fabrique-avec-passion-a-waterloo-dans-latelier-jaggs","27":"pa_marque-cf-jaggs","28":"pa_matiere-100-coton","29":"pa_motifs-3d-formegeometrique","30":"pa_revers-a5-roseframboise","31":"pa_tour-de-cou-ajustable-du-34-60","33":"first","34":"instock","35":"taxable","36":"shipping-taxable","37":"purchasable","38":"product-type-simple"},"_links":{"self":[{"href":"https:\/\/jaggs.be\/en\/wp-json\/wp\/v2\/product\/17129","targetHints":{"allow":["GET"]}}],"collection":[{"href":"https:\/\/jaggs.be\/en\/wp-json\/wp\/v2\/product"}],"about":[{"href":"https:\/\/jaggs.be\/en\/wp-json\/wp\/v2\/types\/product"}],"wp:featuredmedia":[{"embeddable":true,"href":"https:\/\/jaggs.be\/en\/wp-json\/wp\/v2\/media\/19944"}],"wp:attachment":[{"href":"https:\/\/jaggs.be\/en\/wp-json\/wp\/v2\/media?parent=17129"}],"wp:term":[{"taxonomy":"product_brand","embeddable":true,"href":"https:\/\/jaggs.be\/en\/wp-json\/wp\/v2\/product_brand?post=17129"},{"taxonomy":"product_cat","embeddable":true,"href":"https:\/\/jaggs.be\/en\/wp-json\/wp\/v2\/product_cat?post=17129"},{"taxonomy":"product_tag","embeddable":true,"href":"https:\/\/jaggs.be\/en\/wp-json\/wp\/v2\/product_tag?post=17129"}],"curies":[{"name":"wp","href":"https:\/\/api.w.org\/{rel}","templated":true}]}}