{"id":17163,"date":"2020-08-06T15:23:05","date_gmt":"2020-08-06T13:23:05","guid":{"rendered":"https:\/\/jaggs.be\/?post_type=product&#038;p=17163"},"modified":"2026-01-13T13:55:57","modified_gmt":"2026-01-13T12:55:57","slug":"boutons-de-manchette-metal-noeud-marin-argente-noir-jaune-rouge","status":"publish","type":"product","link":"https:\/\/jaggs.be\/en\/produit\/boutons-de-manchette-metal-noeud-marin-argente-noir-jaune-rouge\/","title":{"rendered":"Boutons de manchette m\u00e9tal &#8220;N\u0153ud marin argent\u00e9&#8221; noir, jaune &amp; rouge"},"content":{"rendered":"","protected":false},"excerpt":{"rendered":"","protected":false},"featured_media":17435,"template":"","meta":[],"product_brand":[],"product_cat":[4597,68],"product_tag":[2067,1676,1705,2056,1757,1706,1907,1836,2134,2135,1701,1834,1700],"class_list":{"0":"post-17163","1":"product","2":"type-product","3":"status-publish","4":"has-post-thumbnail","6":"product_cat-boutons-de-manchettes","7":"product_cat-boutons-de-manchettes-en-metal","8":"product_tag-argente","9":"product_tag-belgique","10":"product_tag-boutons-de-manchette","11":"product_tag-boutons-de-manchette-en-metal","12":"product_tag-jaune","13":"product_tag-marin","14":"product_tag-mer","15":"product_tag-metal","16":"product_tag-noeud","17":"product_tag-noeud-marin","18":"product_tag-noir","19":"product_tag-rhodium","20":"product_tag-rouge","21":"pa_lieu-de-fabrication-angleterre","22":"pa_matiere-metal-rhodium","23":"pa_motifs-b5-noeudmarin","25":"first","26":"outofstock","27":"taxable","28":"shipping-taxable","29":"purchasable","30":"product-type-simple"},"_links":{"self":[{"href":"https:\/\/jaggs.be\/en\/wp-json\/wp\/v2\/product\/17163","targetHints":{"allow":["GET"]}}],"collection":[{"href":"https:\/\/jaggs.be\/en\/wp-json\/wp\/v2\/product"}],"about":[{"href":"https:\/\/jaggs.be\/en\/wp-json\/wp\/v2\/types\/product"}],"wp:featuredmedia":[{"embeddable":true,"href":"https:\/\/jaggs.be\/en\/wp-json\/wp\/v2\/media\/17435"}],"wp:attachment":[{"href":"https:\/\/jaggs.be\/en\/wp-json\/wp\/v2\/media?parent=17163"}],"wp:term":[{"taxonomy":"product_brand","embeddable":true,"href":"https:\/\/jaggs.be\/en\/wp-json\/wp\/v2\/product_brand?post=17163"},{"taxonomy":"product_cat","embeddable":true,"href":"https:\/\/jaggs.be\/en\/wp-json\/wp\/v2\/product_cat?post=17163"},{"taxonomy":"product_tag","embeddable":true,"href":"https:\/\/jaggs.be\/en\/wp-json\/wp\/v2\/product_tag?post=17163"}],"curies":[{"name":"wp","href":"https:\/\/api.w.org\/{rel}","templated":true}]}}