{"id":17197,"date":"2020-08-06T15:23:21","date_gmt":"2020-08-06T13:23:21","guid":{"rendered":"https:\/\/jaggs.be\/?post_type=product&#038;p=17197"},"modified":"2026-01-13T13:55:55","modified_gmt":"2026-01-13T12:55:55","slug":"boutons-de-manchette-metal-tete-de-mort-dores","status":"publish","type":"product","link":"https:\/\/jaggs.be\/en\/produit\/boutons-de-manchette-metal-tete-de-mort-dores\/","title":{"rendered":"Boutons de manchette m\u00e9tal &#8220;T\u00eate de mort&#8221; &#8211; dor\u00e9s"},"content":{"rendered":"","protected":false},"excerpt":{"rendered":"","protected":false},"featured_media":41719,"template":"","meta":[],"product_brand":[],"product_cat":[4597,68],"product_tag":[1705,2056,1875,1836,1834,3722,2062],"class_list":{"0":"post-17197","1":"product","2":"type-product","3":"status-publish","4":"has-post-thumbnail","6":"product_cat-boutons-de-manchettes","7":"product_cat-boutons-de-manchettes-en-metal","8":"product_tag-boutons-de-manchette","9":"product_tag-boutons-de-manchette-en-metal","10":"product_tag-dore","11":"product_tag-metal","12":"product_tag-rhodium","13":"product_tag-rockroll","14":"product_tag-tete-de-mort","15":"pa_couleur-dore","16":"pa_lieu-de-fabrication-angleterre","17":"pa_matiere-metal-rhodium","18":"pa_motifs-c4-tetedemort","20":"first","21":"outofstock","22":"taxable","23":"shipping-taxable","24":"purchasable","25":"product-type-simple"},"_links":{"self":[{"href":"https:\/\/jaggs.be\/en\/wp-json\/wp\/v2\/product\/17197","targetHints":{"allow":["GET"]}}],"collection":[{"href":"https:\/\/jaggs.be\/en\/wp-json\/wp\/v2\/product"}],"about":[{"href":"https:\/\/jaggs.be\/en\/wp-json\/wp\/v2\/types\/product"}],"wp:featuredmedia":[{"embeddable":true,"href":"https:\/\/jaggs.be\/en\/wp-json\/wp\/v2\/media\/41719"}],"wp:attachment":[{"href":"https:\/\/jaggs.be\/en\/wp-json\/wp\/v2\/media?parent=17197"}],"wp:term":[{"taxonomy":"product_brand","embeddable":true,"href":"https:\/\/jaggs.be\/en\/wp-json\/wp\/v2\/product_brand?post=17197"},{"taxonomy":"product_cat","embeddable":true,"href":"https:\/\/jaggs.be\/en\/wp-json\/wp\/v2\/product_cat?post=17197"},{"taxonomy":"product_tag","embeddable":true,"href":"https:\/\/jaggs.be\/en\/wp-json\/wp\/v2\/product_tag?post=17197"}],"curies":[{"name":"wp","href":"https:\/\/api.w.org\/{rel}","templated":true}]}}