{"id":37896,"date":"2020-11-03T12:20:08","date_gmt":"2020-11-03T11:20:08","guid":{"rendered":"https:\/\/jaggs.be\/?post_type=product&#038;p=37896"},"modified":"2025-01-20T15:49:30","modified_gmt":"2025-01-20T14:49:30","slug":"noeud-papillon-houx-la-la-rouge","status":"publish","type":"product","link":"https:\/\/jaggs.be\/en\/produit\/noeud-papillon-houx-la-la-rouge\/","title":{"rendered":"N\u0153ud papillon &#8220;Houx L\u00e0 L\u00e0&#8221; &#8211; Rouge"},"content":{"rendered":"","protected":false},"excerpt":{"rendered":"","protected":false},"featured_media":37835,"template":"","meta":[],"product_brand":[],"product_cat":[20,59],"product_tag":[2142,1676,1689,2345,1875,1970,2346,3194,1670,1681,1833,3195,1879,2134,1754,1871,1687],"class_list":{"0":"post-37896","1":"product","2":"type-product","3":"status-publish","4":"has-post-thumbnail","6":"product_cat-noeuds-papillon","7":"product_cat-noeuds-papillon-a-motifs","8":"product_tag-accessoires-mariage","9":"product_tag-belgique","10":"product_tag-blanc","11":"product_tag-christmas","12":"product_tag-dore","13":"product_tag-gold","14":"product_tag-houx","15":"product_tag-houx-la-la","16":"product_tag-jaggs","17":"product_tag-madeinbelgium","18":"product_tag-motif","19":"product_tag-motif-houx-la-la","20":"product_tag-noel","21":"product_tag-noeud","22":"product_tag-noeud-papillon","23":"product_tag-papillon","24":"product_tag-vert","25":"pa_couleur-dore","26":"pa_couleur-a2-rouge","27":"pa_fermeture-fermeture-reglable-a-agrafes","28":"pa_hauteur-b1-6cm","29":"pa_largeur-57-11cm","30":"pa_lieu-de-fabrication-made-in-belgium-fabrique-avec-passion-a-waterloo-dans-latelier-jaggs","31":"pa_marque-cf-jaggs","32":"pa_matiere-100-coton","33":"pa_motifs-30-houx","34":"pa_revers-cb-vert","35":"pa_tour-de-cou-ajustable-du-34-60","37":"first","38":"instock","39":"taxable","40":"shipping-taxable","41":"purchasable","42":"product-type-simple"},"_links":{"self":[{"href":"https:\/\/jaggs.be\/en\/wp-json\/wp\/v2\/product\/37896","targetHints":{"allow":["GET"]}}],"collection":[{"href":"https:\/\/jaggs.be\/en\/wp-json\/wp\/v2\/product"}],"about":[{"href":"https:\/\/jaggs.be\/en\/wp-json\/wp\/v2\/types\/product"}],"wp:featuredmedia":[{"embeddable":true,"href":"https:\/\/jaggs.be\/en\/wp-json\/wp\/v2\/media\/37835"}],"wp:attachment":[{"href":"https:\/\/jaggs.be\/en\/wp-json\/wp\/v2\/media?parent=37896"}],"wp:term":[{"taxonomy":"product_brand","embeddable":true,"href":"https:\/\/jaggs.be\/en\/wp-json\/wp\/v2\/product_brand?post=37896"},{"taxonomy":"product_cat","embeddable":true,"href":"https:\/\/jaggs.be\/en\/wp-json\/wp\/v2\/product_cat?post=37896"},{"taxonomy":"product_tag","embeddable":true,"href":"https:\/\/jaggs.be\/en\/wp-json\/wp\/v2\/product_tag?post=37896"}],"curies":[{"name":"wp","href":"https:\/\/api.w.org\/{rel}","templated":true}]}}