{"id":100462,"date":"2022-07-18T12:37:15","date_gmt":"2022-07-18T10:37:15","guid":{"rendered":"https:\/\/jaggs.be\/?page_id=100462"},"modified":"2022-07-18T12:43:44","modified_gmt":"2022-07-18T10:43:44","slug":"paiement-securise","status":"publish","type":"page","link":"https:\/\/jaggs.be\/fr_fr\/paiement-securise\/","title":{"rendered":"Paiement s\u00e9curis\u00e9"},"content":{"rendered":"\t\t<div data-elementor-type=\"wp-page\" data-elementor-id=\"100462\" class=\"elementor elementor-100462\" data-elementor-settings=\"{&quot;ha_cmc_init_switcher&quot;:&quot;no&quot;}\" data-elementor-post-type=\"page\">\n\t\t\t\t\t\t<section class=\"elementor-section elementor-top-section elementor-element elementor-element-b21b275 elementor-section-boxed elementor-section-height-default elementor-section-height-default\" data-id=\"b21b275\" data-element_type=\"section\" data-e-type=\"section\" data-settings=\"{&quot;jet_parallax_layout_list&quot;:[],&quot;background_background&quot;:&quot;classic&quot;,&quot;_ha_eqh_enable&quot;:false}\">\n\t\t\t\t\t\t\t<div class=\"elementor-background-overlay\"><\/div>\n\t\t\t\t\t\t\t<div class=\"elementor-container elementor-column-gap-default\">\n\t\t\t\t\t<div class=\"elementor-column elementor-col-100 elementor-top-column elementor-element elementor-element-54b1137\" data-id=\"54b1137\" data-element_type=\"column\" data-e-type=\"column\">\n\t\t\t<div class=\"elementor-widget-wrap elementor-element-populated\">\n\t\t\t\t\t\t<div class=\"elementor-element elementor-element-8902ded elementor-widget elementor-widget-heading\" data-id=\"8902ded\" data-element_type=\"widget\" data-e-type=\"widget\" data-widget_type=\"heading.default\">\n\t\t\t\t<div class=\"elementor-widget-container\">\n\t\t\t\t\t<h2 class=\"elementor-heading-title elementor-size-default\">Paiement s\u00e9curis\u00e9<\/h2>\t\t\t\t<\/div>\n\t\t\t\t<\/div>\n\t\t\t\t<div class=\"elementor-element elementor-element-360d5bd elementor-widget elementor-widget-text-editor\" data-id=\"360d5bd\" data-element_type=\"widget\" data-e-type=\"widget\" data-widget_type=\"text-editor.default\">\n\t\t\t\t<div class=\"elementor-widget-container\">\n\t\t\t\t\t\t\t\t\t<p>JAGGS\u00a0 garantit que les paiements en ligne soient effectu\u00e9s avec la s\u00e9curit\u00e9 maximale. Nous utilisons le module\u00a0<span style=\"color: #ffffff;\"><strong><a style=\"color: #ffffff;\" href=\"https:\/\/www.mollie.com\/be-fr\/features\/security\" target=\"_blank\" rel=\"noopener\">Mollie<\/a><\/strong><\/span>\u00a0pour toutes les transactions.<\/p>\t\t\t\t\t\t\t\t<\/div>\n\t\t\t\t<\/div>\n\t\t\t\t\t<\/div>\n\t\t<\/div>\n\t\t\t\t\t<\/div>\n\t\t<\/section>\n\t\t\t\t<section class=\"elementor-section elementor-top-section elementor-element elementor-element-a1836f1 elementor-section-boxed elementor-section-height-default elementor-section-height-default\" data-id=\"a1836f1\" data-element_type=\"section\" data-e-type=\"section\" data-settings=\"{&quot;jet_parallax_layout_list&quot;:[],&quot;_ha_eqh_enable&quot;:false}\">\n\t\t\t\t\t\t<div class=\"elementor-container elementor-column-gap-default\">\n\t\t\t\t\t<div class=\"elementor-column elementor-col-50 elementor-top-column elementor-element elementor-element-da61373\" data-id=\"da61373\" data-element_type=\"column\" data-e-type=\"column\">\n\t\t\t<div class=\"elementor-widget-wrap elementor-element-populated\">\n\t\t\t\t\t\t<div class=\"elementor-element elementor-element-098c12e elementor-widget elementor-widget-image\" data-id=\"098c12e\" data-element_type=\"widget\" data-e-type=\"widget\" data-widget_type=\"image.default\">\n\t\t\t\t<div class=\"elementor-widget-container\">\n\t\t\t\t\t\t\t\t\t\t\t\t\t\t\t<img fetchpriority=\"high\" decoding=\"async\" width=\"768\" height=\"960\" src=\"https:\/\/jaggs.be\/wp-content\/uploads\/2020\/10\/paiement_securise_jaggs-768x960.jpg\" class=\"attachment-medium_large size-medium_large wp-image-139353\" alt=\"\" srcset=\"https:\/\/jaggs.be\/wp-content\/uploads\/2020\/10\/paiement_securise_jaggs-768x960.jpg 768w, https:\/\/jaggs.be\/wp-content\/uploads\/2020\/10\/paiement_securise_jaggs-240x300.jpg 240w, https:\/\/jaggs.be\/wp-content\/uploads\/2020\/10\/paiement_securise_jaggs-819x1024.jpg 819w, https:\/\/jaggs.be\/wp-content\/uploads\/2020\/10\/paiement_securise_jaggs-1228x1536.jpg 1228w, https:\/\/jaggs.be\/wp-content\/uploads\/2020\/10\/paiement_securise_jaggs-1638x2048.jpg 1638w, https:\/\/jaggs.be\/wp-content\/uploads\/2020\/10\/paiement_securise_jaggs-600x750.jpg 600w, https:\/\/jaggs.be\/wp-content\/uploads\/2020\/10\/paiement_securise_jaggs-scaled.jpg 1535w\" sizes=\"(max-width: 768px) 100vw, 768px\" \/>\t\t\t\t\t\t\t\t\t\t\t\t\t\t\t<\/div>\n\t\t\t\t<\/div>\n\t\t\t\t\t<\/div>\n\t\t<\/div>\n\t\t\t\t<div class=\"elementor-column elementor-col-50 elementor-top-column elementor-element elementor-element-4fd6533\" data-id=\"4fd6533\" data-element_type=\"column\" data-e-type=\"column\" data-settings=\"{&quot;background_background&quot;:&quot;classic&quot;}\">\n\t\t\t<div class=\"elementor-widget-wrap elementor-element-populated\">\n\t\t\t\t\t\t<div class=\"elementor-element elementor-element-42faf80 elementor-widget elementor-widget-heading\" data-id=\"42faf80\" data-element_type=\"widget\" data-e-type=\"widget\" data-widget_type=\"heading.default\">\n\t\t\t\t<div class=\"elementor-widget-container\">\n\t\t\t\t\t<h2 class=\"elementor-heading-title elementor-size-default\">Paiements en ligne avec Mollie<\/h2>\t\t\t\t<\/div>\n\t\t\t\t<\/div>\n\t\t\t\t<div class=\"elementor-element elementor-element-51a59ab elementor-widget elementor-widget-text-editor\" data-id=\"51a59ab\" data-element_type=\"widget\" data-e-type=\"widget\" data-widget_type=\"text-editor.default\">\n\t\t\t\t<div class=\"elementor-widget-container\">\n\t\t\t\t\t\t\t\t\t<p>Toutes les donn\u00e9es trait\u00e9es par Mollie, les v\u00f4tres ou ceux de vos clients sont stock\u00e9s sur des serveurs n\u00e9erlandais. Situ\u00e9s dans des\u00a0<strong>centres de donn\u00e9es extr\u00eamement prot\u00e9g\u00e9s<\/strong>. Nos serveurs sont sous la surveillance constante de notre \u00e9quipe de sp\u00e9cialistes de la CNP.<\/p>\t\t\t\t\t\t\t\t<\/div>\n\t\t\t\t<\/div>\n\t\t\t\t\t<\/div>\n\t\t<\/div>\n\t\t\t\t\t<\/div>\n\t\t<\/section>\n\t\t\t\t<section class=\"elementor-section elementor-top-section elementor-element elementor-element-22db875 elementor-section-boxed elementor-section-height-default elementor-section-height-default\" data-id=\"22db875\" data-element_type=\"section\" data-e-type=\"section\" data-settings=\"{&quot;jet_parallax_layout_list&quot;:[],&quot;_ha_eqh_enable&quot;:false}\">\n\t\t\t\t\t\t<div class=\"elementor-container elementor-column-gap-default\">\n\t\t\t\t\t<div class=\"elementor-column elementor-col-50 elementor-top-column elementor-element elementor-element-c0c5a99\" data-id=\"c0c5a99\" data-element_type=\"column\" data-e-type=\"column\" data-settings=\"{&quot;background_background&quot;:&quot;classic&quot;}\">\n\t\t\t<div class=\"elementor-widget-wrap elementor-element-populated\">\n\t\t\t\t\t\t<div class=\"elementor-element elementor-element-13227ec elementor-widget elementor-widget-heading\" data-id=\"13227ec\" data-element_type=\"widget\" data-e-type=\"widget\" data-widget_type=\"heading.default\">\n\t\t\t\t<div class=\"elementor-widget-container\">\n\t\t\t\t\t<h2 class=\"elementor-heading-title elementor-size-default\">Paiements en ligne s\u00e9curis\u00e9s<\/h2>\t\t\t\t<\/div>\n\t\t\t\t<\/div>\n\t\t\t\t<div class=\"elementor-element elementor-element-ad3264f elementor-widget elementor-widget-text-editor\" data-id=\"ad3264f\" data-element_type=\"widget\" data-e-type=\"widget\" data-widget_type=\"text-editor.default\">\n\t\t\t\t<div class=\"elementor-widget-container\">\n\t\t\t\t\t\t\t\t\t<div class=\"column\"><p>Mollie est pleinement\u00a0<strong>conforme aux normes \u00e9tablies par les autorit\u00e9s europ\u00e9ennes<\/strong>\u00a0en termes de s\u00e9curit\u00e9 des paiements en ligne.<\/p><p>Mollie est constamment sous la supervision de la banque n\u00e9erlandaise centrale, DNB. Mollie est list\u00e9e dans\u00a0<strong><a href=\"https:\/\/www.dnb.nl\/en\/supervision\/public-register\/WFTBI\/detail.jsp?id=bcb7cae35848e311b55a005056b672cf\" target=\"_blank\" rel=\"noopener\">le registre des institutions de paiement de la banque centrale n\u00e9erlandaise<\/a>.<\/strong><\/p><\/div><p>Mollie est certifi\u00e9e au niveau 1 de la norme\u00a0<strong><a href=\"https:\/\/www.pcisecuritystandards.org\/\" target=\"_blank\" rel=\"noopener\">PCI-DSS<\/a><\/strong><\/p>\t\t\t\t\t\t\t\t<\/div>\n\t\t\t\t<\/div>\n\t\t\t\t\t<\/div>\n\t\t<\/div>\n\t\t\t\t<div class=\"elementor-column elementor-col-50 elementor-top-column elementor-element elementor-element-bb90bf6\" data-id=\"bb90bf6\" data-element_type=\"column\" data-e-type=\"column\">\n\t\t\t<div class=\"elementor-widget-wrap elementor-element-populated\">\n\t\t\t\t\t\t<div class=\"elementor-element elementor-element-b7f3e65 elementor-widget elementor-widget-image\" data-id=\"b7f3e65\" data-element_type=\"widget\" data-e-type=\"widget\" data-widget_type=\"image.default\">\n\t\t\t\t<div class=\"elementor-widget-container\">\n\t\t\t\t\t\t\t\t\t\t\t\t\t\t\t<img decoding=\"async\" width=\"768\" height=\"1063\" src=\"https:\/\/jaggs.be\/wp-content\/uploads\/2020\/10\/paiement_en_ligne_jaggs-768x1063.jpg\" class=\"attachment-medium_large size-medium_large wp-image-81315\" alt=\"\" srcset=\"https:\/\/jaggs.be\/wp-content\/uploads\/2020\/10\/paiement_en_ligne_jaggs-768x1063.jpg 768w, https:\/\/jaggs.be\/wp-content\/uploads\/2020\/10\/paiement_en_ligne_jaggs-217x300.jpg 217w, https:\/\/jaggs.be\/wp-content\/uploads\/2020\/10\/paiement_en_ligne_jaggs-740x1024.jpg 740w, https:\/\/jaggs.be\/wp-content\/uploads\/2020\/10\/paiement_en_ligne_jaggs-1110x1536.jpg 1110w, https:\/\/jaggs.be\/wp-content\/uploads\/2020\/10\/paiement_en_ligne_jaggs-1479x2048.jpg 1479w, https:\/\/jaggs.be\/wp-content\/uploads\/2020\/10\/paiement_en_ligne_jaggs-600x831.jpg 600w, https:\/\/jaggs.be\/wp-content\/uploads\/2020\/10\/paiement_en_ligne_jaggs-scaled.jpg 1387w\" sizes=\"(max-width: 768px) 100vw, 768px\" \/>\t\t\t\t\t\t\t\t\t\t\t\t\t\t\t<\/div>\n\t\t\t\t<\/div>\n\t\t\t\t\t<\/div>\n\t\t<\/div>\n\t\t\t\t\t<\/div>\n\t\t<\/section>\n\t\t\t\t<\/div>\n\t\t","protected":false},"excerpt":{"rendered":"<p>Paiement s\u00e9curis\u00e9 JAGGS\u00a0 garantit que les paiements en ligne soient effectu\u00e9s avec la s\u00e9curit\u00e9 maximale. Nous utilisons le module\u00a0Mollie\u00a0pour toutes les transactions. Paiements en ligne avec Mollie Toutes les donn\u00e9es trait\u00e9es par Mollie, les v\u00f4tres ou ceux de vos clients sont stock\u00e9s sur des serveurs n\u00e9erlandais. Situ\u00e9s dans des\u00a0centres de donn\u00e9es extr\u00eamement prot\u00e9g\u00e9s. Nos serveurs [&hellip;]<\/p>\n","protected":false},"author":562,"featured_media":0,"parent":0,"menu_order":0,"comment_status":"closed","ping_status":"closed","template":"","meta":{"footnotes":""},"class_list":["post-100462","page","type-page","status-publish","hentry"],"_links":{"self":[{"href":"https:\/\/jaggs.be\/fr_fr\/wp-json\/wp\/v2\/pages\/100462","targetHints":{"allow":["GET"]}}],"collection":[{"href":"https:\/\/jaggs.be\/fr_fr\/wp-json\/wp\/v2\/pages"}],"about":[{"href":"https:\/\/jaggs.be\/fr_fr\/wp-json\/wp\/v2\/types\/page"}],"author":[{"embeddable":true,"href":"https:\/\/jaggs.be\/fr_fr\/wp-json\/wp\/v2\/users\/562"}],"replies":[{"embeddable":true,"href":"https:\/\/jaggs.be\/fr_fr\/wp-json\/wp\/v2\/comments?post=100462"}],"version-history":[{"count":0,"href":"https:\/\/jaggs.be\/fr_fr\/wp-json\/wp\/v2\/pages\/100462\/revisions"}],"wp:attachment":[{"href":"https:\/\/jaggs.be\/fr_fr\/wp-json\/wp\/v2\/media?parent=100462"}],"curies":[{"name":"wp","href":"https:\/\/api.w.org\/{rel}","templated":true}]}}