{"id":200934,"date":"2024-10-25T08:41:09","date_gmt":"2024-10-25T06:41:09","guid":{"rendered":"https:\/\/jaggs.be\/?page_id=200934"},"modified":"2025-03-04T11:40:14","modified_gmt":"2025-03-04T10:40:14","slug":"les-conditions-generales-de-nos-offres-promotionnelles","status":"publish","type":"page","link":"https:\/\/jaggs.be\/fr_fr\/les-conditions-generales-de-nos-offres-promotionnelles\/","title":{"rendered":"Les conditions g\u00e9n\u00e9rales de nos offres promotionnelles"},"content":{"rendered":"\t\t<div data-elementor-type=\"wp-page\" data-elementor-id=\"200934\" class=\"elementor elementor-200934\" data-elementor-settings=\"{&quot;ha_cmc_init_switcher&quot;:&quot;no&quot;}\" data-elementor-post-type=\"page\">\n\t\t\t\t\t\t<section class=\"elementor-section elementor-top-section elementor-element elementor-element-180623f5 elementor-section-stretched elementor-section-boxed elementor-section-height-default elementor-section-height-default\" data-id=\"180623f5\" data-element_type=\"section\" data-e-type=\"section\" data-settings=\"{&quot;stretch_section&quot;:&quot;section-stretched&quot;,&quot;background_background&quot;:&quot;classic&quot;,&quot;jet_parallax_layout_list&quot;:[{&quot;jet_parallax_layout_image&quot;:{&quot;url&quot;:&quot;&quot;,&quot;id&quot;:&quot;&quot;,&quot;size&quot;:&quot;&quot;},&quot;_id&quot;:&quot;2774ef0&quot;,&quot;jet_parallax_layout_image_tablet&quot;:{&quot;url&quot;:&quot;&quot;,&quot;id&quot;:&quot;&quot;,&quot;size&quot;:&quot;&quot;},&quot;jet_parallax_layout_image_mobile&quot;:{&quot;url&quot;:&quot;&quot;,&quot;id&quot;:&quot;&quot;,&quot;size&quot;:&quot;&quot;},&quot;jet_parallax_layout_speed&quot;:{&quot;unit&quot;:&quot;%&quot;,&quot;size&quot;:50,&quot;sizes&quot;:[]},&quot;jet_parallax_layout_type&quot;:&quot;scroll&quot;,&quot;jet_parallax_layout_direction&quot;:&quot;1&quot;,&quot;jet_parallax_layout_fx_direction&quot;:null,&quot;jet_parallax_layout_z_index&quot;:&quot;&quot;,&quot;jet_parallax_layout_bg_x&quot;:50,&quot;jet_parallax_layout_bg_x_tablet&quot;:&quot;&quot;,&quot;jet_parallax_layout_bg_x_mobile&quot;:&quot;&quot;,&quot;jet_parallax_layout_bg_y&quot;:50,&quot;jet_parallax_layout_bg_y_tablet&quot;:&quot;&quot;,&quot;jet_parallax_layout_bg_y_mobile&quot;:&quot;&quot;,&quot;jet_parallax_layout_bg_size&quot;:&quot;auto&quot;,&quot;jet_parallax_layout_bg_size_tablet&quot;:&quot;&quot;,&quot;jet_parallax_layout_bg_size_mobile&quot;:&quot;&quot;,&quot;jet_parallax_layout_animation_prop&quot;:&quot;transform&quot;,&quot;jet_parallax_layout_on&quot;:[&quot;desktop&quot;,&quot;tablet&quot;]}],&quot;_ha_eqh_enable&quot;:false}\">\n\t\t\t\t\t\t<div class=\"elementor-container elementor-column-gap-default\">\n\t\t\t\t\t<div class=\"elementor-column elementor-col-100 elementor-top-column elementor-element elementor-element-46d2d208\" data-id=\"46d2d208\" data-element_type=\"column\" data-e-type=\"column\">\n\t\t\t<div class=\"elementor-widget-wrap elementor-element-populated\">\n\t\t\t\t\t\t<div class=\"elementor-element elementor-element-329bc64a elementor-hidden-phone elementor-widget elementor-widget-spacer\" data-id=\"329bc64a\" data-element_type=\"widget\" data-e-type=\"widget\" data-widget_type=\"spacer.default\">\n\t\t\t\t<div class=\"elementor-widget-container\">\n\t\t\t\t\t\t\t<div class=\"elementor-spacer\">\n\t\t\t<div class=\"elementor-spacer-inner\"><\/div>\n\t\t<\/div>\n\t\t\t\t\t\t<\/div>\n\t\t\t\t<\/div>\n\t\t\t\t<section class=\"elementor-section elementor-inner-section elementor-element elementor-element-394a25cc elementor-section-content-middle elementor-section-boxed elementor-section-height-default elementor-section-height-default\" data-id=\"394a25cc\" data-element_type=\"section\" data-e-type=\"section\" data-settings=\"{&quot;jet_parallax_layout_list&quot;:[{&quot;jet_parallax_layout_image&quot;:{&quot;url&quot;:&quot;&quot;,&quot;id&quot;:&quot;&quot;,&quot;size&quot;:&quot;&quot;},&quot;_id&quot;:&quot;b7a9fa7&quot;,&quot;jet_parallax_layout_image_tablet&quot;:{&quot;url&quot;:&quot;&quot;,&quot;id&quot;:&quot;&quot;,&quot;size&quot;:&quot;&quot;},&quot;jet_parallax_layout_image_mobile&quot;:{&quot;url&quot;:&quot;&quot;,&quot;id&quot;:&quot;&quot;,&quot;size&quot;:&quot;&quot;},&quot;jet_parallax_layout_speed&quot;:{&quot;unit&quot;:&quot;%&quot;,&quot;size&quot;:50,&quot;sizes&quot;:[]},&quot;jet_parallax_layout_type&quot;:&quot;scroll&quot;,&quot;jet_parallax_layout_direction&quot;:&quot;1&quot;,&quot;jet_parallax_layout_fx_direction&quot;:null,&quot;jet_parallax_layout_z_index&quot;:&quot;&quot;,&quot;jet_parallax_layout_bg_x&quot;:50,&quot;jet_parallax_layout_bg_x_tablet&quot;:&quot;&quot;,&quot;jet_parallax_layout_bg_x_mobile&quot;:&quot;&quot;,&quot;jet_parallax_layout_bg_y&quot;:50,&quot;jet_parallax_layout_bg_y_tablet&quot;:&quot;&quot;,&quot;jet_parallax_layout_bg_y_mobile&quot;:&quot;&quot;,&quot;jet_parallax_layout_bg_size&quot;:&quot;auto&quot;,&quot;jet_parallax_layout_bg_size_tablet&quot;:&quot;&quot;,&quot;jet_parallax_layout_bg_size_mobile&quot;:&quot;&quot;,&quot;jet_parallax_layout_animation_prop&quot;:&quot;transform&quot;,&quot;jet_parallax_layout_on&quot;:[&quot;desktop&quot;,&quot;tablet&quot;]}],&quot;_ha_eqh_enable&quot;:false}\">\n\t\t\t\t\t\t<div class=\"elementor-container elementor-column-gap-default\">\n\t\t\t\t\t<div class=\"elementor-column elementor-col-50 elementor-inner-column elementor-element elementor-element-3d95c0a5\" data-id=\"3d95c0a5\" data-element_type=\"column\" data-e-type=\"column\">\n\t\t\t<div class=\"elementor-widget-wrap elementor-element-populated\">\n\t\t\t\t\t\t<div class=\"elementor-element elementor-element-322860f8 elementor-hidden-phone elementor-widget elementor-widget-spacer\" data-id=\"322860f8\" data-element_type=\"widget\" data-e-type=\"widget\" data-widget_type=\"spacer.default\">\n\t\t\t\t<div class=\"elementor-widget-container\">\n\t\t\t\t\t\t\t<div class=\"elementor-spacer\">\n\t\t\t<div class=\"elementor-spacer-inner\"><\/div>\n\t\t<\/div>\n\t\t\t\t\t\t<\/div>\n\t\t\t\t<\/div>\n\t\t\t\t\t<\/div>\n\t\t<\/div>\n\t\t\t\t<div class=\"elementor-column elementor-col-50 elementor-inner-column elementor-element elementor-element-172f4ced\" data-id=\"172f4ced\" data-element_type=\"column\" data-e-type=\"column\">\n\t\t\t<div class=\"elementor-widget-wrap elementor-element-populated\">\n\t\t\t\t\t\t<div class=\"elementor-element elementor-element-1f4c5fcc elementor-widget elementor-widget-image\" data-id=\"1f4c5fcc\" data-element_type=\"widget\" data-e-type=\"widget\" data-widget_type=\"image.default\">\n\t\t\t\t<div class=\"elementor-widget-container\">\n\t\t\t\t\t\t\t\t\t\t\t\t\t\t\t<img fetchpriority=\"high\" decoding=\"async\" width=\"800\" height=\"806\" src=\"https:\/\/jaggs.be\/wp-content\/uploads\/2020\/04\/pen-01-1017x1024.png\" class=\"attachment-large size-large wp-image-56254\" alt=\"\" srcset=\"https:\/\/jaggs.be\/wp-content\/uploads\/2020\/04\/pen-01-1017x1024.png 1017w, https:\/\/jaggs.be\/wp-content\/uploads\/2020\/04\/pen-01-100x100.png 100w, https:\/\/jaggs.be\/wp-content\/uploads\/2020\/04\/pen-01-600x604.png 600w, https:\/\/jaggs.be\/wp-content\/uploads\/2020\/04\/pen-01-298x300.png 298w, https:\/\/jaggs.be\/wp-content\/uploads\/2020\/04\/pen-01-150x150.png 150w, https:\/\/jaggs.be\/wp-content\/uploads\/2020\/04\/pen-01-768x773.png 768w, https:\/\/jaggs.be\/wp-content\/uploads\/2020\/04\/pen-01-1526x1536.png 1526w, https:\/\/jaggs.be\/wp-content\/uploads\/2020\/04\/pen-01.png 1987w\" sizes=\"(max-width: 800px) 100vw, 800px\" \/>\t\t\t\t\t\t\t\t\t\t\t\t\t\t\t<\/div>\n\t\t\t\t<\/div>\n\t\t\t\t\t<\/div>\n\t\t<\/div>\n\t\t\t\t\t<\/div>\n\t\t<\/section>\n\t\t\t\t<div class=\"elementor-element elementor-element-28a8b8ad elementor-hidden-phone elementor-widget elementor-widget-spacer\" data-id=\"28a8b8ad\" data-element_type=\"widget\" data-e-type=\"widget\" data-widget_type=\"spacer.default\">\n\t\t\t\t<div class=\"elementor-widget-container\">\n\t\t\t\t\t\t\t<div class=\"elementor-spacer\">\n\t\t\t<div class=\"elementor-spacer-inner\"><\/div>\n\t\t<\/div>\n\t\t\t\t\t\t<\/div>\n\t\t\t\t<\/div>\n\t\t\t\t<div class=\"elementor-element elementor-element-51b3b3af elementor-absolute elementor-hidden-phone elementor-widget elementor-widget-image\" data-id=\"51b3b3af\" data-element_type=\"widget\" data-e-type=\"widget\" data-settings=\"{&quot;_position&quot;:&quot;absolute&quot;}\" data-widget_type=\"image.default\">\n\t\t\t\t<div class=\"elementor-widget-container\">\n\t\t\t\t\t\t\t\t\t\t\t\t\t\t\t<img decoding=\"async\" width=\"800\" height=\"302\" src=\"https:\/\/jaggs.be\/wp-content\/uploads\/2020\/03\/files-02-1024x386.png\" class=\"attachment-large size-large wp-image-54049\" alt=\"liseret de fond\" srcset=\"https:\/\/jaggs.be\/wp-content\/uploads\/2020\/03\/files-02-1024x386.png 1024w, https:\/\/jaggs.be\/wp-content\/uploads\/2020\/03\/files-02-600x226.png 600w, https:\/\/jaggs.be\/wp-content\/uploads\/2020\/03\/files-02-300x113.png 300w, https:\/\/jaggs.be\/wp-content\/uploads\/2020\/03\/files-02-768x289.png 768w, https:\/\/jaggs.be\/wp-content\/uploads\/2020\/03\/files-02-1536x578.png 1536w, https:\/\/jaggs.be\/wp-content\/uploads\/2020\/03\/files-02-2048x771.png 2048w\" sizes=\"(max-width: 800px) 100vw, 800px\" \/>\t\t\t\t\t\t\t\t\t\t\t\t\t\t\t<\/div>\n\t\t\t\t<\/div>\n\t\t\t\t\t<\/div>\n\t\t<\/div>\n\t\t\t\t\t<\/div>\n\t\t<\/section>\n\t\t\t\t<section class=\"elementor-section elementor-top-section elementor-element elementor-element-bc5bb0e elementor-section-boxed elementor-section-height-default elementor-section-height-default\" data-id=\"bc5bb0e\" data-element_type=\"section\" data-e-type=\"section\" data-settings=\"{&quot;background_background&quot;:&quot;classic&quot;,&quot;jet_parallax_layout_list&quot;:[{&quot;jet_parallax_layout_image&quot;:{&quot;url&quot;:&quot;&quot;,&quot;id&quot;:&quot;&quot;,&quot;size&quot;:&quot;&quot;},&quot;_id&quot;:&quot;0f941d3&quot;,&quot;jet_parallax_layout_image_tablet&quot;:{&quot;url&quot;:&quot;&quot;,&quot;id&quot;:&quot;&quot;,&quot;size&quot;:&quot;&quot;},&quot;jet_parallax_layout_image_mobile&quot;:{&quot;url&quot;:&quot;&quot;,&quot;id&quot;:&quot;&quot;,&quot;size&quot;:&quot;&quot;},&quot;jet_parallax_layout_speed&quot;:{&quot;unit&quot;:&quot;%&quot;,&quot;size&quot;:50,&quot;sizes&quot;:[]},&quot;jet_parallax_layout_type&quot;:&quot;scroll&quot;,&quot;jet_parallax_layout_direction&quot;:&quot;1&quot;,&quot;jet_parallax_layout_fx_direction&quot;:null,&quot;jet_parallax_layout_z_index&quot;:&quot;&quot;,&quot;jet_parallax_layout_bg_x&quot;:50,&quot;jet_parallax_layout_bg_x_tablet&quot;:&quot;&quot;,&quot;jet_parallax_layout_bg_x_mobile&quot;:&quot;&quot;,&quot;jet_parallax_layout_bg_y&quot;:50,&quot;jet_parallax_layout_bg_y_tablet&quot;:&quot;&quot;,&quot;jet_parallax_layout_bg_y_mobile&quot;:&quot;&quot;,&quot;jet_parallax_layout_bg_size&quot;:&quot;auto&quot;,&quot;jet_parallax_layout_bg_size_tablet&quot;:&quot;&quot;,&quot;jet_parallax_layout_bg_size_mobile&quot;:&quot;&quot;,&quot;jet_parallax_layout_animation_prop&quot;:&quot;transform&quot;,&quot;jet_parallax_layout_on&quot;:[&quot;desktop&quot;,&quot;tablet&quot;]}],&quot;_ha_eqh_enable&quot;:false}\">\n\t\t\t\t\t\t<div class=\"elementor-container elementor-column-gap-default\">\n\t\t\t\t\t<div class=\"elementor-column elementor-col-100 elementor-top-column elementor-element elementor-element-5679d4f\" data-id=\"5679d4f\" data-element_type=\"column\" data-e-type=\"column\">\n\t\t\t<div class=\"elementor-widget-wrap elementor-element-populated\">\n\t\t\t\t\t\t<div class=\"elementor-element elementor-element-afa557d elementor-widget elementor-widget-text-editor\" data-id=\"afa557d\" data-element_type=\"widget\" data-e-type=\"widget\" data-widget_type=\"text-editor.default\">\n\t\t\t\t<div class=\"elementor-widget-container\">\n\t\t\t\t\t\t\t\t\t<h1><strong>Concours \u00ab\u00a0La Chance va tourner\u00a0\u00bb <\/strong><em>(9\/03\/2025 &#8211; 2\/05\/2025)<\/em><\/h1>\t\t\t\t\t\t\t\t<\/div>\n\t\t\t\t<\/div>\n\t\t\t\t<div class=\"elementor-element elementor-element-9677576 elementor-widget elementor-widget-text-editor\" data-id=\"9677576\" data-element_type=\"widget\" data-e-type=\"widget\" data-widget_type=\"text-editor.default\">\n\t\t\t\t<div class=\"elementor-widget-container\">\n\t\t\t\t\t\t\t\t\t<h4><strong>\u00a01. Organisateur<\/strong><\/h4><p><span style=\"font-weight: 400;\">La soci\u00e9t\u00e9 MJHA SRL, exploitant la marque JAGGS, dont le si\u00e8ge social est situ\u00e9 \u00e0 Chauss\u00e9e de Bruxelles, 273 \u00e0 Waterloo, inscrite \u00e0 la Banque-Carrefour des Entreprises sous le num\u00e9ro BE0505878061, organise un jeu concours intitul\u00e9 \u00ab La Chance va tourner \u00bb (ci-apr\u00e8s d\u00e9nomm\u00e9 le \u00ab Concours \u00bb), dans ses boutiques situ\u00e9es en Belgique.<\/span><\/p><h4><strong>2. Participation\u00a0<\/strong><\/h4><p><span style=\"font-weight: 400;\">La participation au Concours est gratuite et ouverte \u00e0 toute personne physique majeure r\u00e9sidant en Belgique, \u00e0 l\u2019exception du personnel de MJHA SRL (et des soci\u00e9t\u00e9s repr\u00e9sent\u00e9es par la marque JAGGS) et des membres de leur famille.<\/span><\/p><p><span style=\"font-weight: 400;\">Pour participer, le client doit tourner une roue de la fortune sur une page digitale h\u00e9berg\u00e9e sur le site officiel<\/span><a href=\"http:\/\/www.jaggs.be\/\"> <span style=\"font-weight: 400;\">www.jaggs.be<\/span><\/a><span style=\"font-weight: 400;\">. Cette roue est g\u00e9r\u00e9e via le module WP Optin Wheel des studios Wombat. Elle est accessible via un QR code disponible sur le stand JAGGS lors des salons du mariage, via un bon officiel re\u00e7u par la marque JAGGS ou via les canaux digitaux officiels de la marque JAGGS. La participation est limit\u00e9e \u00e0 une fois par personne.<\/span><\/p><p><span style=\"font-weight: 400;\">La participation au concours est valable jusqu&rsquo;au 30 avril 2025 \u00e0 23h59.<\/span><\/p><h4><strong>3. Lots<\/strong><\/h4><p><span style=\"font-weight: 400;\">Les participants peuvent remporter l\u2019un des lots suivants lors du lancement de la roue :<\/span><\/p><ul><li style=\"font-weight: 400;\" aria-level=\"1\"><span style=\"font-weight: 400;\">Un n\u0153ud papillon d&rsquo;une valeur de 39\u20ac<\/span><\/li><li style=\"font-weight: 400;\" aria-level=\"1\"><span style=\"font-weight: 400;\">Des boutons de manchettes parmi une s\u00e9lection<\/span><\/li><li style=\"font-weight: 400;\" aria-level=\"1\"><span style=\"font-weight: 400;\">Une paire de chaussettes en coton<\/span><\/li><li style=\"font-weight: 400;\" aria-level=\"1\"><span style=\"font-weight: 400;\">Un bon \u00e0 valoir d&rsquo;une valeur de 50\u20ac \u00e0 l\u2019achat d\u2019un costume sur-mesure<\/span><\/li><li style=\"font-weight: 400;\" aria-level=\"1\"><span style=\"font-weight: 400;\">Un bon \u00e0 valoir d&rsquo;une valeur de 100\u20ac \u00e0 l\u2019achat d\u2019un costume sur-mesure<\/span><\/li><li style=\"font-weight: 400;\" aria-level=\"1\"><span style=\"font-weight: 400;\">Un bon \u00e0 valoir d&rsquo;une valeur de 200\u20ac \u00e0 l\u2019achat d\u2019un costume sur-mesure<\/span><\/li><li style=\"font-weight: 400;\" aria-level=\"1\"><span style=\"font-weight: 400;\">Une cravate<\/span><\/li><li style=\"font-weight: 400;\" aria-level=\"1\"><span style=\"font-weight: 400;\">Un bon \u00e0 valoir d&rsquo;une valeur de 25\u20ac \u00e0 l\u2019achat d\u2019une chemise sur-mesure<\/span><\/li><li style=\"font-weight: 400;\" aria-level=\"1\"><span style=\"font-weight: 400;\">Un bon \u00e0 valoir d&rsquo;une valeur de 50\u20ac \u00e0 l\u2019achat d\u2019une chemise sur-mesure<\/span><\/li><\/ul><p>\u00a0<\/p><p><span style=\"font-weight: 400;\">Chaque participation a une seconde chance de gagner lors d&rsquo;un tirage au sort de tous les participants le 2 mai 2025, o\u00f9 le seul et unique lot mis en jeu est un costume sur-mesure deux pi\u00e8ces de la gamme A, \u00e0 venir commander dans l&rsquo;une des boutiques JAGGS. Le vainqueur sera personnellement contact\u00e9 via email.<\/span><\/p><h4><strong>4. Retrait des lots\u00a0<\/strong><\/h4><p><span style=\"font-weight: 400;\">Les lots remport\u00e9s sont \u00e0 retirer\/commander exclusivement en boutique JAGGS sur pr\u00e9sentation du mail avec le code unique du lot. Aucun envoi postal ou remise en argent ne sera effectu\u00e9. Les lots ne sont pas \u00e9changeables.<\/span><\/p><p><span style=\"font-weight: 400;\">Les r\u00e9ductions et bons \u00e0 valoir sont soumis aux conditions suivantes :<\/span><\/p><ul><li style=\"font-weight: 400;\" aria-level=\"1\"><span style=\"font-weight: 400;\">Non cumulables avec d\u2019autres offres en cours.<\/span><\/li><li style=\"font-weight: 400;\" aria-level=\"1\"><span style=\"font-weight: 400;\">Valables uniquement sur les articles mentionn\u00e9s.<\/span><\/li><li style=\"font-weight: 400;\" aria-level=\"1\"><span style=\"font-weight: 400;\">Valables jusqu&rsquo;au 31 juillet 2025.<\/span><\/li><\/ul><h4><strong>5. Responsabilit\u00e9<\/strong><\/h4><p><span style=\"font-weight: 400;\">MJHA SRL se r\u00e9serve le droit d\u2019annuler ou de modifier le Concours en cas de force majeure ou pour toute autre raison ind\u00e9pendante de sa volont\u00e9. MJHA SRL ne peut \u00eatre tenue responsable en cas de dysfonctionnement du jeu, notamment ceux li\u00e9s \u00e0 l&rsquo;utilisation du module WP Optin Wheel des studios Wombat, ou d\u2019utilisation frauduleuse du syst\u00e8me.<\/span><\/p><h4><strong>6. Protection des donn\u00e9es personnelles<\/strong><\/h4><p><span style=\"font-weight: 400;\">Les donn\u00e9es collect\u00e9es dans le cadre du Concours sont destin\u00e9es uniquement \u00e0 MJHA SRL (et aux soci\u00e9t\u00e9s exploitantes de la marque JAGGS) et ne seront ni vendues ni transmises \u00e0 des tiers.\u00a0<\/span><\/p><p><span style=\"font-weight: 400;\">Conform\u00e9ment \u00e0 la r\u00e9glementation en vigueur sur la protection des donn\u00e9es, chaque participant dispose d\u2019un droit d\u2019acc\u00e8s, de rectification et de suppression de ses donn\u00e9es personnelles en contactant MJHA SRL \u00e0 info@jaggs.be.<\/span><\/p><h4><strong>7. Acceptation des conditions g\u00e9n\u00e9rales<\/strong><\/h4><p><span style=\"font-weight: 400;\">La participation au Concours implique l\u2019acceptation pleine et enti\u00e8re des pr\u00e9sentes Conditions G\u00e9n\u00e9rales. Tout litige relatif \u00e0 l\u2019interpr\u00e9tation ou \u00e0 l\u2019application des pr\u00e9sentes sera soumis aux tribunaux comp\u00e9tents de Belgique.<\/span><\/p>\t\t\t\t\t\t\t\t<\/div>\n\t\t\t\t<\/div>\n\t\t\t\t<div class=\"elementor-element elementor-element-45e1e98 elementor-widget elementor-widget-text-editor\" data-id=\"45e1e98\" data-element_type=\"widget\" data-e-type=\"widget\" data-widget_type=\"text-editor.default\">\n\t\t\t\t<div class=\"elementor-widget-container\">\n\t\t\t\t\t\t\t\t\t<h1><strong>Offre \u00ab\u00a0Saint-Valentin \u00e0 l&rsquo;\u00e9lixir des sens\u00a0\u00bb &#8211; Bon cadeau 50\u20ac pour une chemise sur-mesure JAGGS<\/strong> <em>(14\/02\/2025 &#8211; 31\/03\/2025)<\/em>\u00a0<\/h1>\t\t\t\t\t\t\t\t<\/div>\n\t\t\t\t<\/div>\n\t\t\t\t<div class=\"elementor-element elementor-element-e66a646 elementor-widget elementor-widget-text-editor\" data-id=\"e66a646\" data-element_type=\"widget\" data-e-type=\"widget\" data-widget_type=\"text-editor.default\">\n\t\t\t\t<div class=\"elementor-widget-container\">\n\t\t\t\t\t\t\t\t\t<h4><strong>1. Objet<\/strong><\/h4><p>Les pr\u00e9sentes conditions g\u00e9n\u00e9rales de vente (CGV) d\u00e9finissent les modalit\u00e9s d&rsquo;utilisation du <strong>bon cadeau d&rsquo;une valeur de 50\u20ac distribu\u00e9 exclusivement \u00e0 l&rsquo;Elixir des sens le 14 f\u00e9vrier 2025<\/strong>, valable pour l&rsquo;achat d&rsquo;une chemise sur-mesure dans l&rsquo;une des boutiques JAGGS.<\/p><h4><strong>2. Conditions d&rsquo;utilisation<\/strong><\/h4><ul><li>Le bon est <strong>valable jusqu&rsquo;au 31 mars 2025<\/strong>. Pass\u00e9e cette date, il ne pourra plus \u00eatre utilis\u00e9, ni \u00e9chang\u00e9 ou rembours\u00e9.<\/li><li>Le bon est <strong>strictement personnel et limit\u00e9 \u00e0 un seul bon par personne<\/strong>.<\/li><li>Il est <strong>non cumulable avec d&rsquo;autres offres, promotions ou r\u00e9ductions en cours<\/strong>.<\/li><li>L&rsquo;utilisation du bon est <strong>conditionn\u00e9e \u00e0 sa pr\u00e9sentation physique en boutique<\/strong> lors du passage en caisse. Aucune copie ou photographie ne sera accept\u00e9e.<\/li><li>Le bon est valable exclusivement pour <strong>l&rsquo;achat d&rsquo;une chemise sur-mesure<\/strong> et ne peut \u00eatre utilis\u00e9 pour d&rsquo;autres articles ou prestations.<\/li><\/ul><h4><strong>3. Modalit\u00e9s de remboursement et d\u2019\u00e9change<\/strong><\/h4><ul><li>Le bon cadeau <strong>n\u2019est ni \u00e9changeable ni remboursable<\/strong>, m\u00eame en cas de perte, de vol ou de d\u00e9t\u00e9rioration.<\/li><li>Il ne peut donner lieu \u00e0 aucun rendu de monnaie si le montant total de l&rsquo;achat est inf\u00e9rieur \u00e0 50\u20ac.<\/li><\/ul><h4><strong>4. Responsabilit\u00e9<\/strong><\/h4><p>JAGGS ne pourra \u00eatre tenu responsable en cas de perte ou de vol du bon cadeau. Le d\u00e9tenteur est seul responsable de son bon apr\u00e8s son acquisition.<\/p><h4><strong>5. Acceptation des conditions<\/strong><\/h4><p>L&rsquo;utilisation du bon cadeau implique l&rsquo;acceptation pleine et enti\u00e8re des pr\u00e9sentes conditions g\u00e9n\u00e9rales de vente. JAGGS se r\u00e9serve le droit de modifier ces conditions \u00e0 tout moment, sans pr\u00e9avis.<\/p><p>Le bon est valable dans dans toutes les boutiques officielles JAGGS.\u00a0<\/p>\t\t\t\t\t\t\t\t<\/div>\n\t\t\t\t<\/div>\n\t\t\t\t\t<\/div>\n\t\t<\/div>\n\t\t\t\t\t<\/div>\n\t\t<\/section>\n\t\t\t\t<\/div>\n\t\t","protected":false},"excerpt":{"rendered":"<p>Les conditions g\u00e9n\u00e9rales de nos offres promotionnelles.<\/p>\n","protected":false},"author":467,"featured_media":0,"parent":0,"menu_order":43,"comment_status":"closed","ping_status":"closed","template":"elementor_header_footer","meta":{"footnotes":""},"class_list":["post-200934","page","type-page","status-publish","hentry"],"_links":{"self":[{"href":"https:\/\/jaggs.be\/fr_fr\/wp-json\/wp\/v2\/pages\/200934","targetHints":{"allow":["GET"]}}],"collection":[{"href":"https:\/\/jaggs.be\/fr_fr\/wp-json\/wp\/v2\/pages"}],"about":[{"href":"https:\/\/jaggs.be\/fr_fr\/wp-json\/wp\/v2\/types\/page"}],"author":[{"embeddable":true,"href":"https:\/\/jaggs.be\/fr_fr\/wp-json\/wp\/v2\/users\/467"}],"replies":[{"embeddable":true,"href":"https:\/\/jaggs.be\/fr_fr\/wp-json\/wp\/v2\/comments?post=200934"}],"version-history":[{"count":0,"href":"https:\/\/jaggs.be\/fr_fr\/wp-json\/wp\/v2\/pages\/200934\/revisions"}],"wp:attachment":[{"href":"https:\/\/jaggs.be\/fr_fr\/wp-json\/wp\/v2\/media?parent=200934"}],"curies":[{"name":"wp","href":"https:\/\/api.w.org\/{rel}","templated":true}]}}