{"id":201321,"date":"2024-11-29T09:56:45","date_gmt":"2024-11-29T08:56:45","guid":{"rendered":"https:\/\/jaggs.be\/?page_id=201321"},"modified":"2024-11-29T13:46:03","modified_gmt":"2024-11-29T12:46:03","slug":"blue-weeks-ventes-exclusives","status":"publish","type":"page","link":"https:\/\/jaggs.be\/fr_fr\/blue-weeks-ventes-exclusives\/","title":{"rendered":"Blue weeks : ventes exclusives"},"content":{"rendered":"\t\t<div data-elementor-type=\"wp-page\" data-elementor-id=\"201321\" class=\"elementor elementor-201321\" data-elementor-settings=\"{&quot;ha_cmc_init_switcher&quot;:&quot;no&quot;}\" data-elementor-post-type=\"page\">\n\t\t\t\t\t\t<section class=\"elementor-section elementor-top-section elementor-element elementor-element-4d79f35b elementor-section-boxed elementor-section-height-default elementor-section-height-default\" data-id=\"4d79f35b\" data-element_type=\"section\" data-e-type=\"section\" data-settings=\"{&quot;background_background&quot;:&quot;gradient&quot;,&quot;jet_parallax_layout_list&quot;:[],&quot;_ha_eqh_enable&quot;:false}\">\n\t\t\t\t\t\t\t<div class=\"elementor-background-overlay\"><\/div>\n\t\t\t\t\t\t\t<div class=\"elementor-container elementor-column-gap-default\">\n\t\t\t\t\t<div class=\"elementor-column elementor-col-50 elementor-top-column elementor-element elementor-element-290731ae\" data-id=\"290731ae\" data-element_type=\"column\" data-e-type=\"column\">\n\t\t\t<div class=\"elementor-widget-wrap elementor-element-populated\">\n\t\t\t\t\t\t<div class=\"elementor-element elementor-element-fcda326 elementor-widget elementor-widget-premium-addon-banner\" data-id=\"fcda326\" data-element_type=\"widget\" data-e-type=\"widget\" data-widget_type=\"premium-addon-banner.default\">\n\t\t\t\t<div class=\"elementor-widget-container\">\n\t\t\t\t\t\t\t<div class=\"premium-banner-ib premium-banner-min-height premium-banner-animation1 none premium-banner__effect-type2\">\r\n\t\t\t\t\t\t\t\t\t\t<img fetchpriority=\"high\" decoding=\"async\" width=\"800\" height=\"1000\" src=\"https:\/\/jaggs.be\/wp-content\/uploads\/2024\/11\/JAGGS-blue-weeks-1-819x1024.png\" class=\"attachment-large size-large wp-image-201331\" alt=\"\" srcset=\"https:\/\/jaggs.be\/wp-content\/uploads\/2024\/11\/JAGGS-blue-weeks-1-819x1024.png 819w, https:\/\/jaggs.be\/wp-content\/uploads\/2024\/11\/JAGGS-blue-weeks-1-240x300.png 240w, https:\/\/jaggs.be\/wp-content\/uploads\/2024\/11\/JAGGS-blue-weeks-1-768x960.png 768w, https:\/\/jaggs.be\/wp-content\/uploads\/2024\/11\/JAGGS-blue-weeks-1-600x750.png 600w, https:\/\/jaggs.be\/wp-content\/uploads\/2024\/11\/JAGGS-blue-weeks-1.png 1080w\" sizes=\"(max-width: 800px) 100vw, 800px\" \/>\t\t\t\t\t\t\t\t\t<div class=\"premium-banner-ib-desc\">\r\n\t\t\t\t\r\n\t\t\t\t\r\n\t\t\t\t\r\n\t\t\t\t\r\n\t\t\t\t\t\t\t<\/div>\r\n\t\t\t\t\t<\/div>\r\n\r\n\t\t\t\t\t\t<\/div>\n\t\t\t\t<\/div>\n\t\t\t\t\t<\/div>\n\t\t<\/div>\n\t\t\t\t<div class=\"elementor-column elementor-col-50 elementor-top-column elementor-element elementor-element-2e2352d2\" data-id=\"2e2352d2\" data-element_type=\"column\" data-e-type=\"column\" data-settings=\"{&quot;background_background&quot;:&quot;classic&quot;}\">\n\t\t\t<div class=\"elementor-widget-wrap elementor-element-populated\">\n\t\t\t\t\t\t<div class=\"elementor-element elementor-element-60e82b4 ha-has-bg-overlay elementor-widget elementor-widget-heading\" data-id=\"60e82b4\" data-element_type=\"widget\" data-e-type=\"widget\" data-widget_type=\"heading.default\">\n\t\t\t\t<div class=\"elementor-widget-container\">\n\t\t\t\t\t<h1 class=\"elementor-heading-title elementor-size-default\"><b>BLUE WEEKS<\/b><\/h1>\t\t\t\t<\/div>\n\t\t\t\t<\/div>\n\t\t\t\t<div class=\"elementor-element elementor-element-7a46dc9 ha-has-bg-overlay elementor-widget elementor-widget-heading\" data-id=\"7a46dc9\" data-element_type=\"widget\" data-e-type=\"widget\" data-widget_type=\"heading.default\">\n\t\t\t\t<div class=\"elementor-widget-container\">\n\t\t\t\t\t<h2 class=\"elementor-heading-title elementor-size-default\">DES VENTES EXCLUSIVES \u00c0 NE PAS MANQUER !<\/h2>\t\t\t\t<\/div>\n\t\t\t\t<\/div>\n\t\t\t\t<div class=\"elementor-element elementor-element-568a62d elementor-widget-tablet__width-initial ha-has-bg-overlay elementor-widget elementor-widget-text-editor\" data-id=\"568a62d\" data-element_type=\"widget\" data-e-type=\"widget\" data-widget_type=\"text-editor.default\">\n\t\t\t\t<div class=\"elementor-widget-container\">\n\t\t\t\t\t\t\t\t\t<p>En <b>d\u00e9cembre<\/b>, ce sont les <b>blue weeks<\/b> chez JAGGS ! \ud83d\udc99<\/p>\n<p><br><\/p>\n<p><\/p>\n<p>Pulls, chinos, vestes sans manches, chaussures\u2026<\/p>\n<p>`<\/p>\n<p><\/p>\n<h2><span style=\"background-color: transparent; color: #86c0ac;\"><b>+ de 1.000 articles entre -30% et -40% !<\/b><\/span><span style=\"background-color: transparent; font-size: 15px;\">&nbsp;<\/span><\/h2>\n<p><br><\/p><p>C\u2019est l\u2019occasion r\u00eav\u00e9e de mettre la main sur des <b>pi\u00e8ces \u00e9l\u00e9gantes et intemporelles<\/b> \u00e0 prix r\u00e9duits !<\/p>\n<p><br><\/p>\n<p><\/p>\n<p><span style=\"background-color: transparent;\">Pas besoin de rendez-vous, venez vite profiter de ces r\u00e9ductions incroyables dans la <b>boutique la plus proche<\/b>. \ud83d\udd25<\/span><\/p>\t\t\t\t\t\t\t\t<\/div>\n\t\t\t\t<\/div>\n\t\t\t\t<div class=\"elementor-element elementor-element-1691015 elementor-align-center elementor-mobile-align-center elementor-widget elementor-widget-button\" data-id=\"1691015\" data-element_type=\"widget\" data-e-type=\"widget\" data-widget_type=\"button.default\">\n\t\t\t\t<div class=\"elementor-widget-container\">\n\t\t\t\t\t\t\t\t\t<div class=\"elementor-button-wrapper\">\n\t\t\t\t\t<a class=\"elementor-button elementor-button-link elementor-size-sm elementor-animation-grow\" href=\"\/contact\" target=\"_blank\">\n\t\t\t\t\t\t<span class=\"elementor-button-content-wrapper\">\n\t\t\t\t\t\t\t\t\t<span class=\"elementor-button-text\">trouver une boutique<\/span>\n\t\t\t\t\t<\/span>\n\t\t\t\t\t<\/a>\n\t\t\t\t<\/div>\n\t\t\t\t\t\t\t\t<\/div>\n\t\t\t\t<\/div>\n\t\t\t\t\t<\/div>\n\t\t<\/div>\n\t\t\t\t\t<\/div>\n\t\t<\/section>\n\t\t\t\t<section class=\"elementor-section elementor-top-section elementor-element elementor-element-566ce7f elementor-section-boxed elementor-section-height-default elementor-section-height-default\" data-id=\"566ce7f\" data-element_type=\"section\" data-e-type=\"section\" data-settings=\"{&quot;jet_parallax_layout_list&quot;:[],&quot;_ha_eqh_enable&quot;:false}\">\n\t\t\t\t\t\t<div class=\"elementor-container elementor-column-gap-default\">\n\t\t\t\t\t<div class=\"elementor-column elementor-col-100 elementor-top-column elementor-element elementor-element-e4290e3\" data-id=\"e4290e3\" data-element_type=\"column\" data-e-type=\"column\">\n\t\t\t<div class=\"elementor-widget-wrap elementor-element-populated\">\n\t\t\t\t\t\t<div class=\"elementor-element elementor-element-cb04ae5 elementor-widget__width-initial elementor-arrows-position-inside elementor-pagination-position-outside elementor-widget elementor-widget-image-carousel\" data-id=\"cb04ae5\" data-element_type=\"widget\" data-e-type=\"widget\" data-settings=\"{&quot;navigation&quot;:&quot;both&quot;,&quot;autoplay&quot;:&quot;yes&quot;,&quot;pause_on_hover&quot;:&quot;yes&quot;,&quot;pause_on_interaction&quot;:&quot;yes&quot;,&quot;autoplay_speed&quot;:5000,&quot;infinite&quot;:&quot;yes&quot;,&quot;speed&quot;:500,&quot;image_spacing_custom&quot;:{&quot;unit&quot;:&quot;px&quot;,&quot;size&quot;:20,&quot;sizes&quot;:[]},&quot;image_spacing_custom_tablet&quot;:{&quot;unit&quot;:&quot;px&quot;,&quot;size&quot;:&quot;&quot;,&quot;sizes&quot;:[]},&quot;image_spacing_custom_mobile&quot;:{&quot;unit&quot;:&quot;px&quot;,&quot;size&quot;:&quot;&quot;,&quot;sizes&quot;:[]}}\" data-widget_type=\"image-carousel.default\">\n\t\t\t\t<div class=\"elementor-widget-container\">\n\t\t\t\t\t\t\t<div class=\"elementor-image-carousel-wrapper swiper\" role=\"region\" aria-roledescription=\"carousel\" aria-label=\"Carrousel d\u2019images\" dir=\"ltr\">\n\t\t\t<div class=\"elementor-image-carousel swiper-wrapper\" aria-live=\"off\">\n\t\t\t\t\t\t\t\t<div class=\"swiper-slide\" role=\"group\" aria-roledescription=\"slide\" aria-label=\"1 sur 8\"><figure class=\"swiper-slide-inner\"><img decoding=\"async\" class=\"swiper-slide-image\" src=\"https:\/\/jaggs.be\/wp-content\/uploads\/2024\/11\/Boutons-manchettes-boussole.jpeg\" alt=\"Bouton de manchette boussole rhodium\" \/><\/figure><\/div><div class=\"swiper-slide\" role=\"group\" aria-roledescription=\"slide\" aria-label=\"2 sur 8\"><figure class=\"swiper-slide-inner\"><img decoding=\"async\" class=\"swiper-slide-image\" src=\"https:\/\/jaggs.be\/wp-content\/uploads\/2024\/11\/Pull-torsades-bleu-JAGGS.jpeg\" alt=\"Pull torsad\u00e9 bleu col roul\u00e9 pour homme\" \/><\/figure><\/div><div class=\"swiper-slide\" role=\"group\" aria-roledescription=\"slide\" aria-label=\"3 sur 8\"><figure class=\"swiper-slide-inner\"><img decoding=\"async\" class=\"swiper-slide-image\" src=\"https:\/\/jaggs.be\/wp-content\/uploads\/2024\/11\/veste-cachemire-homme-bleu-destructuree.jpeg\" alt=\"Veste en cachemire et coton pour homme avec coupe d\u00e9structur\u00e9e\" \/><\/figure><\/div><div class=\"swiper-slide\" role=\"group\" aria-roledescription=\"slide\" aria-label=\"4 sur 8\"><figure class=\"swiper-slide-inner\"><img decoding=\"async\" class=\"swiper-slide-image\" src=\"https:\/\/jaggs.be\/wp-content\/uploads\/2024\/11\/Veste-4poches-verte.jpeg\" alt=\"Veste 4 poches en coton pour homme de style urbain\" \/><\/figure><\/div><div class=\"swiper-slide\" role=\"group\" aria-roledescription=\"slide\" aria-label=\"5 sur 8\"><figure class=\"swiper-slide-inner\"><img decoding=\"async\" class=\"swiper-slide-image\" src=\"https:\/\/jaggs.be\/wp-content\/uploads\/2024\/11\/Baskets-blanches-JAGGS.jpeg\" alt=\"Baskets de couleur blanches pour homme\" \/><\/figure><\/div><div class=\"swiper-slide\" role=\"group\" aria-roledescription=\"slide\" aria-label=\"6 sur 8\"><figure class=\"swiper-slide-inner\"><img decoding=\"async\" class=\"swiper-slide-image\" src=\"https:\/\/jaggs.be\/wp-content\/uploads\/2024\/11\/Veste-sans-manche-JAGGS.jpeg\" alt=\"Doudoune sans manches en flanelle de laine de couleur bleue pour homme\" \/><\/figure><\/div><div class=\"swiper-slide\" role=\"group\" aria-roledescription=\"slide\" aria-label=\"7 sur 8\"><figure class=\"swiper-slide-inner\"><img decoding=\"async\" class=\"swiper-slide-image\" src=\"https:\/\/jaggs.be\/wp-content\/uploads\/2024\/11\/Echarpe-laine-beige.png\" alt=\"Echarpe en laine JAGGS\" \/><\/figure><\/div><div class=\"swiper-slide\" role=\"group\" aria-roledescription=\"slide\" aria-label=\"8 sur 8\"><figure class=\"swiper-slide-inner\"><img decoding=\"async\" class=\"swiper-slide-image\" src=\"https:\/\/jaggs.be\/wp-content\/uploads\/2024\/11\/pantalon-chino-vert.jpeg\" alt=\"Pantalon chino vert JAGGS\" \/><\/figure><\/div>\t\t\t<\/div>\n\t\t\t\t\t\t\t\t\t\t\t\t<div class=\"elementor-swiper-button elementor-swiper-button-prev\" role=\"button\" tabindex=\"0\">\n\t\t\t\t\t\t<i aria-hidden=\"true\" class=\"eicon-chevron-left\"><\/i>\t\t\t\t\t<\/div>\n\t\t\t\t\t<div class=\"elementor-swiper-button elementor-swiper-button-next\" role=\"button\" tabindex=\"0\">\n\t\t\t\t\t\t<i aria-hidden=\"true\" class=\"eicon-chevron-right\"><\/i>\t\t\t\t\t<\/div>\n\t\t\t\t\n\t\t\t\t\t\t\t\t\t<div class=\"swiper-pagination\"><\/div>\n\t\t\t\t\t\t\t\t\t<\/div>\n\t\t\t\t\t\t<\/div>\n\t\t\t\t<\/div>\n\t\t\t\t<div class=\"elementor-element elementor-element-a85f18a elementor-align-center elementor-mobile-align-center elementor-widget elementor-widget-button\" data-id=\"a85f18a\" data-element_type=\"widget\" data-e-type=\"widget\" data-widget_type=\"button.default\">\n\t\t\t\t<div class=\"elementor-widget-container\">\n\t\t\t\t\t\t\t\t\t<div class=\"elementor-button-wrapper\">\n\t\t\t\t\t<a class=\"elementor-button elementor-button-link elementor-size-sm elementor-animation-grow\" href=\"\/contact\" target=\"_blank\">\n\t\t\t\t\t\t<span class=\"elementor-button-content-wrapper\">\n\t\t\t\t\t\t\t\t\t<span class=\"elementor-button-text\">trouver une boutique<\/span>\n\t\t\t\t\t<\/span>\n\t\t\t\t\t<\/a>\n\t\t\t\t<\/div>\n\t\t\t\t\t\t\t\t<\/div>\n\t\t\t\t<\/div>\n\t\t\t\t\t<\/div>\n\t\t<\/div>\n\t\t\t\t\t<\/div>\n\t\t<\/section>\n\t\t\t\t<section class=\"elementor-section elementor-top-section elementor-element elementor-element-e3276ba elementor-section-boxed elementor-section-height-default elementor-section-height-default\" data-id=\"e3276ba\" data-element_type=\"section\" data-e-type=\"section\" data-settings=\"{&quot;jet_parallax_layout_list&quot;:[],&quot;_ha_eqh_enable&quot;:false}\">\n\t\t\t\t\t\t<div class=\"elementor-container elementor-column-gap-default\">\n\t\t\t\t\t<div class=\"elementor-column elementor-col-33 elementor-top-column elementor-element elementor-element-5e1c399\" data-id=\"5e1c399\" data-element_type=\"column\" data-e-type=\"column\">\n\t\t\t<div class=\"elementor-widget-wrap elementor-element-populated\">\n\t\t\t\t\t\t<div class=\"elementor-element elementor-element-0293360 elementor-widget elementor-widget-heading\" data-id=\"0293360\" data-element_type=\"widget\" data-e-type=\"widget\" data-widget_type=\"heading.default\">\n\t\t\t\t<div class=\"elementor-widget-container\">\n\t\t\t\t\t<h2 class=\"elementor-heading-title elementor-size-default\">Jaquettes et smokings !<\/h2>\t\t\t\t<\/div>\n\t\t\t\t<\/div>\n\t\t\t\t<div class=\"elementor-element elementor-element-67736a7 elementor-widget elementor-widget-text-editor\" data-id=\"67736a7\" data-element_type=\"widget\" data-e-type=\"widget\" data-widget_type=\"text-editor.default\">\n\t\t\t\t<div class=\"elementor-widget-container\">\n\t\t\t\t\t\t\t\t\t<p style=\"text-align: center;\"><span style=\"background-color: transparent;\">Des pi\u00e8ces uniques, \u00e9l\u00e9gantes, \u00e0 prix r\u00e9duits : nos <b>smokings et jaquettes<\/b> sont aussi touch\u00e9s par la <b>blue fever<\/b> ! \ud83d\udd25<\/span><\/p><p style=\"text-align: center;\"><span style=\"background-color: transparent;\"><br><\/span><\/p>\n<p style=\"text-align: center;\">\n<\/p><p style=\"text-align: center;\">Attention : elles sont disponibles en <b>quantit\u00e9s limit\u00e9es <\/b>et risquent de partir rapidement. \u23f3<\/p><p style=\"text-align: center;\"><br><\/p>\n<p style=\"text-align: center;\">\n<\/p><p style=\"text-align: center;\">Retrouvez vite ces pi\u00e8ces d\u2019occasion \u00e0 prix brad\u00e9s \u00e0 la&nbsp;<strong><span style=\"text-decoration: underline; color: #86c0ac;\"><a style=\"color: #86c0ac; text-decoration: underline;\" href=\"https:\/\/jaggs.be\/contact\/jaggs-vetements-pour-homme-a-waterloo\/?_gl=1*18myvc3*_up*MQ..*_ga*MTg3Mzg0MjE5My4xNzMyODgxMDY1*_ga_ME9JMMETVE*MTczMjg4MTA2NC4xLjAuMTczMjg4MTA2NC4wLjAuMA..\" target=\"_blank\" rel=\"noopener\">boutique de Waterloo<\/a><\/span><\/strong>. \ud83d\udd25<\/p>\t\t\t\t\t\t\t\t<\/div>\n\t\t\t\t<\/div>\n\t\t\t\t\t<\/div>\n\t\t<\/div>\n\t\t\t\t<div class=\"elementor-column elementor-col-66 elementor-top-column elementor-element elementor-element-47328c5\" data-id=\"47328c5\" data-element_type=\"column\" data-e-type=\"column\">\n\t\t\t<div class=\"elementor-widget-wrap elementor-element-populated\">\n\t\t\t\t\t\t<div class=\"elementor-element elementor-element-14dc4b9 elementor-widget elementor-widget-image\" data-id=\"14dc4b9\" data-element_type=\"widget\" data-e-type=\"widget\" data-widget_type=\"image.default\">\n\t\t\t\t<div class=\"elementor-widget-container\">\n\t\t\t\t\t\t\t\t\t\t\t\t\t\t\t\t<a href=\"https:\/\/jaggs.be\/contact\/jaggs-vetements-pour-homme-a-waterloo\/?_gl=1*18myvc3*_up*MQ..*_ga*MTg3Mzg0MjE5My4xNzMyODgxMDY1*_ga_ME9JMMETVE*MTczMjg4MTA2NC4xLjAuMTczMjg4MTA2NC4wLjAuMA..\" target=\"_blank\">\n\t\t\t\t\t\t\t<img decoding=\"async\" width=\"800\" height=\"450\" src=\"https:\/\/jaggs.be\/wp-content\/uploads\/2024\/11\/Ventes-exclusives-jaquettes-et-smokings-1024x576.jpeg\" class=\"attachment-large size-large wp-image-201387\" alt=\"Ventes exclusives de jaquettes d\u00e8s 390e et smokings d\u00e8s 195e pour homme\" srcset=\"https:\/\/jaggs.be\/wp-content\/uploads\/2024\/11\/Ventes-exclusives-jaquettes-et-smokings-1024x576.jpeg 1024w, https:\/\/jaggs.be\/wp-content\/uploads\/2024\/11\/Ventes-exclusives-jaquettes-et-smokings-300x169.jpeg 300w, https:\/\/jaggs.be\/wp-content\/uploads\/2024\/11\/Ventes-exclusives-jaquettes-et-smokings-768x432.jpeg 768w, https:\/\/jaggs.be\/wp-content\/uploads\/2024\/11\/Ventes-exclusives-jaquettes-et-smokings-1536x864.jpeg 1536w, https:\/\/jaggs.be\/wp-content\/uploads\/2024\/11\/Ventes-exclusives-jaquettes-et-smokings-2048x1152.jpeg 2048w, https:\/\/jaggs.be\/wp-content\/uploads\/2024\/11\/Ventes-exclusives-jaquettes-et-smokings-600x338.jpeg 600w\" sizes=\"(max-width: 800px) 100vw, 800px\" \/>\t\t\t\t\t\t\t\t<\/a>\n\t\t\t\t\t\t\t\t\t\t\t\t\t\t\t<\/div>\n\t\t\t\t<\/div>\n\t\t\t\t\t<\/div>\n\t\t<\/div>\n\t\t\t\t\t<\/div>\n\t\t<\/section>\n\t\t\t\t<section class=\"elementor-section elementor-top-section elementor-element elementor-element-6f39e8a elementor-section-boxed elementor-section-height-default elementor-section-height-default\" data-id=\"6f39e8a\" data-element_type=\"section\" data-e-type=\"section\" data-settings=\"{&quot;jet_parallax_layout_list&quot;:[],&quot;background_background&quot;:&quot;classic&quot;,&quot;_ha_eqh_enable&quot;:false}\">\n\t\t\t\t\t\t<div class=\"elementor-container elementor-column-gap-default\">\n\t\t\t\t\t<div class=\"elementor-column elementor-col-50 elementor-top-column elementor-element elementor-element-29522c0\" data-id=\"29522c0\" data-element_type=\"column\" data-e-type=\"column\">\n\t\t\t<div class=\"elementor-widget-wrap elementor-element-populated\">\n\t\t\t\t\t\t<div class=\"elementor-element elementor-element-7ac739b elementor-widget elementor-widget-heading\" data-id=\"7ac739b\" data-element_type=\"widget\" data-e-type=\"widget\" data-widget_type=\"heading.default\">\n\t\t\t\t<div class=\"elementor-widget-container\">\n\t\t\t\t\t<h2 class=\"elementor-heading-title elementor-size-default\">Pourquoi ces Blue weeks ?<\/h2>\t\t\t\t<\/div>\n\t\t\t\t<\/div>\n\t\t\t\t<div class=\"elementor-element elementor-element-1a91df7 elementor-widget elementor-widget-text-editor\" data-id=\"1a91df7\" data-element_type=\"widget\" data-e-type=\"widget\" data-widget_type=\"text-editor.default\">\n\t\t\t\t<div class=\"elementor-widget-container\">\n\t\t\t\t\t\t\t\t\t<p><b>On a pris une d\u00e9cision.<\/b><\/p>\n<p>\u00a0<\/p>\n<p><b>On se recentre <\/b>sur notre v\u00e9ritable essence : le<b> sur-mesure<\/b>.<\/p>\n<p>\u00a0<\/p>\n<p>Pour c\u00e9l\u00e9brer ce tournant, nous organisons une <b>vente exclusive<\/b> sur une s\u00e9lection premium en boutiques !<\/p>\n<p>\u00a0<\/p>\n<p>Une occasion unique de mettre la main sur des <b>pi\u00e8ces intemporelles et \u00e9l\u00e9gantes en pr\u00eat-\u00e0-porter<\/b> !<\/p>\t\t\t\t\t\t\t\t<\/div>\n\t\t\t\t<\/div>\n\t\t\t\t<div class=\"elementor-element elementor-element-7c71aea3 elementor-widget elementor-widget-image\" data-id=\"7c71aea3\" data-element_type=\"widget\" data-e-type=\"widget\" data-widget_type=\"image.default\">\n\t\t\t\t<div class=\"elementor-widget-container\">\n\t\t\t\t\t\t\t\t\t\t\t\t\t\t\t<img decoding=\"async\" width=\"240\" height=\"300\" src=\"https:\/\/jaggs.be\/wp-content\/uploads\/2024\/11\/JAGGS-prise-de-mesures-240x300.jpeg\" class=\"attachment-medium size-medium wp-image-201343\" alt=\"Prise de mesures en boutique JAGGS\" srcset=\"https:\/\/jaggs.be\/wp-content\/uploads\/2024\/11\/JAGGS-prise-de-mesures-240x300.jpeg 240w, https:\/\/jaggs.be\/wp-content\/uploads\/2024\/11\/JAGGS-prise-de-mesures-819x1024.jpeg 819w, https:\/\/jaggs.be\/wp-content\/uploads\/2024\/11\/JAGGS-prise-de-mesures-768x960.jpeg 768w, https:\/\/jaggs.be\/wp-content\/uploads\/2024\/11\/JAGGS-prise-de-mesures-600x750.jpeg 600w, https:\/\/jaggs.be\/wp-content\/uploads\/2024\/11\/JAGGS-prise-de-mesures.jpeg 1080w\" sizes=\"(max-width: 240px) 100vw, 240px\" \/>\t\t\t\t\t\t\t\t\t\t\t\t\t\t\t<\/div>\n\t\t\t\t<\/div>\n\t\t\t\t<div class=\"elementor-element elementor-element-ca403bc elementor-align-center elementor-mobile-align-center elementor-widget elementor-widget-button\" data-id=\"ca403bc\" data-element_type=\"widget\" data-e-type=\"widget\" data-widget_type=\"button.default\">\n\t\t\t\t<div class=\"elementor-widget-container\">\n\t\t\t\t\t\t\t\t\t<div class=\"elementor-button-wrapper\">\n\t\t\t\t\t<a class=\"elementor-button elementor-button-link elementor-size-sm elementor-animation-grow\" href=\"\/contact\" target=\"_blank\">\n\t\t\t\t\t\t<span class=\"elementor-button-content-wrapper\">\n\t\t\t\t\t\t\t\t\t<span class=\"elementor-button-text\">trouver une boutique<\/span>\n\t\t\t\t\t<\/span>\n\t\t\t\t\t<\/a>\n\t\t\t\t<\/div>\n\t\t\t\t\t\t\t\t<\/div>\n\t\t\t\t<\/div>\n\t\t\t\t\t<\/div>\n\t\t<\/div>\n\t\t\t\t<div class=\"elementor-column elementor-col-50 elementor-top-column elementor-element elementor-element-86df08b\" data-id=\"86df08b\" data-element_type=\"column\" data-e-type=\"column\">\n\t\t\t<div class=\"elementor-widget-wrap elementor-element-populated\">\n\t\t\t\t\t\t<div class=\"elementor-element elementor-element-c185c28 elementor-widget elementor-widget-image\" data-id=\"c185c28\" data-element_type=\"widget\" data-e-type=\"widget\" data-widget_type=\"image.default\">\n\t\t\t\t<div class=\"elementor-widget-container\">\n\t\t\t\t\t\t\t\t\t\t\t\t\t\t\t<img loading=\"lazy\" decoding=\"async\" width=\"800\" height=\"1000\" src=\"https:\/\/jaggs.be\/wp-content\/uploads\/2024\/11\/JAGGS-prise-de-mesure-819x1024.jpeg\" class=\"attachment-large size-large wp-image-201339\" alt=\"JAGGS sp\u00e9cialiste du sur-mesure\" srcset=\"https:\/\/jaggs.be\/wp-content\/uploads\/2024\/11\/JAGGS-prise-de-mesure-819x1024.jpeg 819w, https:\/\/jaggs.be\/wp-content\/uploads\/2024\/11\/JAGGS-prise-de-mesure-240x300.jpeg 240w, https:\/\/jaggs.be\/wp-content\/uploads\/2024\/11\/JAGGS-prise-de-mesure-768x960.jpeg 768w, https:\/\/jaggs.be\/wp-content\/uploads\/2024\/11\/JAGGS-prise-de-mesure-600x750.jpeg 600w, https:\/\/jaggs.be\/wp-content\/uploads\/2024\/11\/JAGGS-prise-de-mesure.jpeg 1080w\" sizes=\"(max-width: 800px) 100vw, 800px\" \/>\t\t\t\t\t\t\t\t\t\t\t\t\t\t\t<\/div>\n\t\t\t\t<\/div>\n\t\t\t\t\t<\/div>\n\t\t<\/div>\n\t\t\t\t\t<\/div>\n\t\t<\/section>\n\t\t\t\t<section class=\"elementor-section elementor-top-section elementor-element elementor-element-abe5e7c elementor-section-boxed elementor-section-height-default elementor-section-height-default\" data-id=\"abe5e7c\" data-element_type=\"section\" data-e-type=\"section\" data-settings=\"{&quot;jet_parallax_layout_list&quot;:[],&quot;_ha_eqh_enable&quot;:false}\">\n\t\t\t\t\t\t<div class=\"elementor-container elementor-column-gap-default\">\n\t\t\t\t\t<div class=\"elementor-column elementor-col-100 elementor-top-column elementor-element elementor-element-2b0a0d2\" data-id=\"2b0a0d2\" data-element_type=\"column\" data-e-type=\"column\">\n\t\t\t<div class=\"elementor-widget-wrap elementor-element-populated\">\n\t\t\t\t\t\t<div class=\"elementor-element elementor-element-ca92123 elementor-countdown--label-block elementor-widget elementor-widget-countdown\" data-id=\"ca92123\" data-element_type=\"widget\" data-e-type=\"widget\" data-widget_type=\"countdown.default\">\n\t\t\t\t<div class=\"elementor-widget-container\">\n\t\t\t\t\t\t\t<div class=\"elementor-countdown-wrapper\" data-date=\"1735664400\">\n\t\t\t<div class=\"elementor-countdown-item\"><span class=\"elementor-countdown-digits elementor-countdown-days\"><\/span> <span class=\"elementor-countdown-label\">Jours<\/span><\/div><div class=\"elementor-countdown-item\"><span class=\"elementor-countdown-digits elementor-countdown-hours\"><\/span> <span class=\"elementor-countdown-label\">Heures<\/span><\/div><div class=\"elementor-countdown-item\"><span class=\"elementor-countdown-digits elementor-countdown-minutes\"><\/span> <span class=\"elementor-countdown-label\">Minutes<\/span><\/div><div class=\"elementor-countdown-item\"><span class=\"elementor-countdown-digits elementor-countdown-seconds\"><\/span> <span class=\"elementor-countdown-label\">Secondes<\/span><\/div>\t\t<\/div>\n\t\t\t\t\t\t<\/div>\n\t\t\t\t<\/div>\n\t\t\t\t\t<\/div>\n\t\t<\/div>\n\t\t\t\t\t<\/div>\n\t\t<\/section>\n\t\t\t\t<\/div>\n\t\t","protected":false},"excerpt":{"rendered":"<p>D\u00e9couvrez la Veste 4 poches de JAGGS ! \u00c9l\u00e9gante et incontournable. <\/p>\n","protected":false},"author":619,"featured_media":201322,"parent":0,"menu_order":45,"comment_status":"closed","ping_status":"closed","template":"elementor_header_footer","meta":{"footnotes":""},"class_list":["post-201321","page","type-page","status-publish","has-post-thumbnail","hentry"],"_links":{"self":[{"href":"https:\/\/jaggs.be\/fr_fr\/wp-json\/wp\/v2\/pages\/201321","targetHints":{"allow":["GET"]}}],"collection":[{"href":"https:\/\/jaggs.be\/fr_fr\/wp-json\/wp\/v2\/pages"}],"about":[{"href":"https:\/\/jaggs.be\/fr_fr\/wp-json\/wp\/v2\/types\/page"}],"author":[{"embeddable":true,"href":"https:\/\/jaggs.be\/fr_fr\/wp-json\/wp\/v2\/users\/619"}],"replies":[{"embeddable":true,"href":"https:\/\/jaggs.be\/fr_fr\/wp-json\/wp\/v2\/comments?post=201321"}],"version-history":[{"count":0,"href":"https:\/\/jaggs.be\/fr_fr\/wp-json\/wp\/v2\/pages\/201321\/revisions"}],"wp:featuredmedia":[{"embeddable":true,"href":"https:\/\/jaggs.be\/fr_fr\/wp-json\/wp\/v2\/media\/201322"}],"wp:attachment":[{"href":"https:\/\/jaggs.be\/fr_fr\/wp-json\/wp\/v2\/media?parent=201321"}],"curies":[{"name":"wp","href":"https:\/\/api.w.org\/{rel}","templated":true}]}}