{"id":99650,"date":"2022-06-30T08:37:26","date_gmt":"2022-06-30T06:37:26","guid":{"rendered":"https:\/\/jaggs.be\/?page_id=99650"},"modified":"2022-06-30T09:40:20","modified_gmt":"2022-06-30T07:40:20","slug":"garantie-sur-mesure","status":"publish","type":"page","link":"https:\/\/jaggs.be\/fr_fr\/garantie-sur-mesure\/","title":{"rendered":"Garantie sur-mesure pendant 90 jours"},"content":{"rendered":"\t\t<div data-elementor-type=\"wp-page\" data-elementor-id=\"99650\" class=\"elementor elementor-99650\" data-elementor-settings=\"{&quot;ha_cmc_init_switcher&quot;:&quot;no&quot;}\" data-elementor-post-type=\"page\">\n\t\t\t\t\t\t<section class=\"elementor-section elementor-top-section elementor-element elementor-element-1e981d5 elementor-section-boxed elementor-section-height-default elementor-section-height-default\" data-id=\"1e981d5\" data-element_type=\"section\" data-e-type=\"section\" data-settings=\"{&quot;jet_parallax_layout_list&quot;:[],&quot;background_background&quot;:&quot;classic&quot;,&quot;_ha_eqh_enable&quot;:false}\">\n\t\t\t\t\t\t\t<div class=\"elementor-background-overlay\"><\/div>\n\t\t\t\t\t\t\t<div class=\"elementor-container elementor-column-gap-default\">\n\t\t\t\t\t<div class=\"elementor-column elementor-col-100 elementor-top-column elementor-element elementor-element-982e463\" data-id=\"982e463\" data-element_type=\"column\" data-e-type=\"column\">\n\t\t\t<div class=\"elementor-widget-wrap elementor-element-populated\">\n\t\t\t\t\t\t<div class=\"elementor-element elementor-element-8ff3101 elementor-widget elementor-widget-heading\" data-id=\"8ff3101\" data-element_type=\"widget\" data-e-type=\"widget\" data-widget_type=\"heading.default\">\n\t\t\t\t<div class=\"elementor-widget-container\">\n\t\t\t\t\t<h2 class=\"elementor-heading-title elementor-size-default\">Garantie sur-mesure \n<br>pendant 90 jours<\/h2>\t\t\t\t<\/div>\n\t\t\t\t<\/div>\n\t\t\t\t<div class=\"elementor-element elementor-element-4d777eb elementor-widget elementor-widget-text-editor\" data-id=\"4d777eb\" data-element_type=\"widget\" data-e-type=\"widget\" data-widget_type=\"text-editor.default\">\n\t\t\t\t<div class=\"elementor-widget-container\">\n\t\t\t\t\t\t\t\t\t<p>JAGGS s\u2019est fix\u00e9 comme objectif de tendre vers la\u00a0satisfaction totale pour ses clients. Pour cette raison nous garantissons d\u00e8s votre premi\u00e8re commande un v\u00eatement sur-mesure qui puisse vous donner une enti\u00e8re satisfaction.<\/p>\t\t\t\t\t\t\t\t<\/div>\n\t\t\t\t<\/div>\n\t\t\t\t\t<\/div>\n\t\t<\/div>\n\t\t\t\t\t<\/div>\n\t\t<\/section>\n\t\t\t\t<section class=\"elementor-section elementor-top-section elementor-element elementor-element-bf9d8f2 elementor-section-boxed elementor-section-height-default elementor-section-height-default\" data-id=\"bf9d8f2\" data-element_type=\"section\" data-e-type=\"section\" data-settings=\"{&quot;jet_parallax_layout_list&quot;:[],&quot;_ha_eqh_enable&quot;:false}\">\n\t\t\t\t\t\t<div class=\"elementor-container elementor-column-gap-default\">\n\t\t\t\t\t<div class=\"elementor-column elementor-col-50 elementor-top-column elementor-element elementor-element-78250c5\" data-id=\"78250c5\" data-element_type=\"column\" data-e-type=\"column\">\n\t\t\t<div class=\"elementor-widget-wrap elementor-element-populated\">\n\t\t\t\t\t\t<div class=\"elementor-element elementor-element-7b08877 elementor-widget elementor-widget-image\" data-id=\"7b08877\" data-element_type=\"widget\" data-e-type=\"widget\" data-widget_type=\"image.default\">\n\t\t\t\t<div class=\"elementor-widget-container\">\n\t\t\t\t\t\t\t\t\t\t\t\t\t\t\t<img fetchpriority=\"high\" decoding=\"async\" width=\"768\" height=\"510\" src=\"https:\/\/jaggs.be\/wp-content\/uploads\/2020\/08\/JAGGS_COSTUMES_CHEMISE_SUR_MESURES_MACHINE_A_COUDRE_roman-spiridonov-768x510.jpg\" class=\"attachment-medium_large size-medium_large wp-image-122585\" alt=\"\" srcset=\"https:\/\/jaggs.be\/wp-content\/uploads\/2020\/08\/JAGGS_COSTUMES_CHEMISE_SUR_MESURES_MACHINE_A_COUDRE_roman-spiridonov-768x510.jpg 768w, https:\/\/jaggs.be\/wp-content\/uploads\/2020\/08\/JAGGS_COSTUMES_CHEMISE_SUR_MESURES_MACHINE_A_COUDRE_roman-spiridonov-300x199.jpg 300w, https:\/\/jaggs.be\/wp-content\/uploads\/2020\/08\/JAGGS_COSTUMES_CHEMISE_SUR_MESURES_MACHINE_A_COUDRE_roman-spiridonov-1024x680.jpg 1024w, https:\/\/jaggs.be\/wp-content\/uploads\/2020\/08\/JAGGS_COSTUMES_CHEMISE_SUR_MESURES_MACHINE_A_COUDRE_roman-spiridonov-1536x1020.jpg 1536w, https:\/\/jaggs.be\/wp-content\/uploads\/2020\/08\/JAGGS_COSTUMES_CHEMISE_SUR_MESURES_MACHINE_A_COUDRE_roman-spiridonov-2048x1360.jpg 2048w, https:\/\/jaggs.be\/wp-content\/uploads\/2020\/08\/JAGGS_COSTUMES_CHEMISE_SUR_MESURES_MACHINE_A_COUDRE_roman-spiridonov-600x399.jpg 600w, https:\/\/jaggs.be\/wp-content\/uploads\/2020\/08\/JAGGS_COSTUMES_CHEMISE_SUR_MESURES_MACHINE_A_COUDRE_roman-spiridonov-scaled.jpg 1920w\" sizes=\"(max-width: 768px) 100vw, 768px\" \/>\t\t\t\t\t\t\t\t\t\t\t\t\t\t\t<\/div>\n\t\t\t\t<\/div>\n\t\t\t\t\t<\/div>\n\t\t<\/div>\n\t\t\t\t<div class=\"elementor-column elementor-col-50 elementor-top-column elementor-element elementor-element-79e680f\" data-id=\"79e680f\" data-element_type=\"column\" data-e-type=\"column\" data-settings=\"{&quot;background_background&quot;:&quot;classic&quot;}\">\n\t\t\t<div class=\"elementor-widget-wrap elementor-element-populated\">\n\t\t\t\t\t\t<div class=\"elementor-element elementor-element-0019820 elementor-widget elementor-widget-heading\" data-id=\"0019820\" data-element_type=\"widget\" data-e-type=\"widget\" data-widget_type=\"heading.default\">\n\t\t\t\t<div class=\"elementor-widget-container\">\n\t\t\t\t\t<h2 class=\"elementor-heading-title elementor-size-default\">Retouches \u00e9ventuelles\u200b<\/h2>\t\t\t\t<\/div>\n\t\t\t\t<\/div>\n\t\t\t\t<div class=\"elementor-element elementor-element-fce0c30 elementor-widget elementor-widget-text-editor\" data-id=\"fce0c30\" data-element_type=\"widget\" data-e-type=\"widget\" data-widget_type=\"text-editor.default\">\n\t\t\t\t<div class=\"elementor-widget-container\">\n\t\t\t\t\t\t\t\t\t<p>Peu importe les raisons, nous prenons en charge toutes les retouches et, si n\u00e9cessaire, refaisons int\u00e9gralement le produit.<\/p><p>Ces retouches donnent lieu \u00e0 un ajustement de votre patron conserv\u00e9 dans notre atelier et seront automatiquement prises en compte lors de votre commande suivante.<\/p><p>Ces garanties ne prennent en compte que\u00a0<strong>les mesures finies<\/strong>\u00a0de votre v\u00eatement. Les options de personnalisation (type de col par exemple) ne pourra \u00eatre chang\u00e9 une fois votre chemise lanc\u00e9e en production.<\/p><p><strong>La dur\u00e9e de garantie s\u2019\u00e9tend sur 90 jours<\/strong>\u00a0\u00e0 compter de la mise \u00e0 disposition de votre produit dans notre boutique.<\/p>\t\t\t\t\t\t\t\t<\/div>\n\t\t\t\t<\/div>\n\t\t\t\t\t<\/div>\n\t\t<\/div>\n\t\t\t\t\t<\/div>\n\t\t<\/section>\n\t\t\t\t<\/div>\n\t\t","protected":false},"excerpt":{"rendered":"<p>Garantie sur-mesure pendant 90 jours JAGGS s\u2019est fix\u00e9 comme objectif de tendre vers la\u00a0satisfaction totale pour ses clients. Pour cette raison nous garantissons d\u00e8s votre premi\u00e8re commande un v\u00eatement sur-mesure qui puisse vous donner une enti\u00e8re satisfaction. Retouches \u00e9ventuelles\u200b Peu importe les raisons, nous prenons en charge toutes les retouches et, si n\u00e9cessaire, refaisons int\u00e9gralement [&hellip;]<\/p>\n","protected":false},"author":562,"featured_media":0,"parent":0,"menu_order":0,"comment_status":"closed","ping_status":"closed","template":"","meta":{"footnotes":""},"class_list":["post-99650","page","type-page","status-publish","hentry"],"_links":{"self":[{"href":"https:\/\/jaggs.be\/fr_fr\/wp-json\/wp\/v2\/pages\/99650","targetHints":{"allow":["GET"]}}],"collection":[{"href":"https:\/\/jaggs.be\/fr_fr\/wp-json\/wp\/v2\/pages"}],"about":[{"href":"https:\/\/jaggs.be\/fr_fr\/wp-json\/wp\/v2\/types\/page"}],"author":[{"embeddable":true,"href":"https:\/\/jaggs.be\/fr_fr\/wp-json\/wp\/v2\/users\/562"}],"replies":[{"embeddable":true,"href":"https:\/\/jaggs.be\/fr_fr\/wp-json\/wp\/v2\/comments?post=99650"}],"version-history":[{"count":0,"href":"https:\/\/jaggs.be\/fr_fr\/wp-json\/wp\/v2\/pages\/99650\/revisions"}],"wp:attachment":[{"href":"https:\/\/jaggs.be\/fr_fr\/wp-json\/wp\/v2\/media?parent=99650"}],"curies":[{"name":"wp","href":"https:\/\/api.w.org\/{rel}","templated":true}]}}