{"id":99652,"date":"2022-06-30T08:38:06","date_gmt":"2022-06-30T06:38:06","guid":{"rendered":"https:\/\/jaggs.be\/?page_id=99652"},"modified":"2022-07-18T10:55:52","modified_gmt":"2022-07-18T08:55:52","slug":"livraison","status":"publish","type":"page","link":"https:\/\/jaggs.be\/fr_fr\/livraison\/","title":{"rendered":"Livraison"},"content":{"rendered":"\t\t<div data-elementor-type=\"wp-page\" data-elementor-id=\"99652\" class=\"elementor elementor-99652\" data-elementor-settings=\"{&quot;ha_cmc_init_switcher&quot;:&quot;no&quot;}\" data-elementor-post-type=\"page\">\n\t\t\t\t\t\t<section class=\"elementor-section elementor-top-section elementor-element elementor-element-b21b275 elementor-section-boxed elementor-section-height-default elementor-section-height-default\" data-id=\"b21b275\" data-element_type=\"section\" data-e-type=\"section\" data-settings=\"{&quot;jet_parallax_layout_list&quot;:[],&quot;background_background&quot;:&quot;classic&quot;,&quot;_ha_eqh_enable&quot;:false}\">\n\t\t\t\t\t\t\t<div class=\"elementor-background-overlay\"><\/div>\n\t\t\t\t\t\t\t<div class=\"elementor-container elementor-column-gap-default\">\n\t\t\t\t\t<div class=\"elementor-column elementor-col-100 elementor-top-column elementor-element elementor-element-54b1137\" data-id=\"54b1137\" data-element_type=\"column\" data-e-type=\"column\">\n\t\t\t<div class=\"elementor-widget-wrap elementor-element-populated\">\n\t\t\t\t\t\t<div class=\"elementor-element elementor-element-8902ded elementor-widget elementor-widget-heading\" data-id=\"8902ded\" data-element_type=\"widget\" data-e-type=\"widget\" data-widget_type=\"heading.default\">\n\t\t\t\t<div class=\"elementor-widget-container\">\n\t\t\t\t\t<h2 class=\"elementor-heading-title elementor-size-default\">Livraison &amp; d\u00e9lais<\/h2>\t\t\t\t<\/div>\n\t\t\t\t<\/div>\n\t\t\t\t<div class=\"elementor-element elementor-element-360d5bd elementor-widget elementor-widget-text-editor\" data-id=\"360d5bd\" data-element_type=\"widget\" data-e-type=\"widget\" data-widget_type=\"text-editor.default\">\n\t\t\t\t<div class=\"elementor-widget-container\">\n\t\t\t\t\t\t\t\t\t<p>JAGGS est tr\u00e8s attach\u00e9 \u00e0 pr\u00e9server le savoir-faire des artisans europ\u00e9ens et a choisi des ateliers de confections proches de nos fronti\u00e8res belges.<\/p>\t\t\t\t\t\t\t\t<\/div>\n\t\t\t\t<\/div>\n\t\t\t\t\t<\/div>\n\t\t<\/div>\n\t\t\t\t\t<\/div>\n\t\t<\/section>\n\t\t\t\t<section class=\"elementor-section elementor-top-section elementor-element elementor-element-a1836f1 elementor-section-boxed elementor-section-height-default elementor-section-height-default\" data-id=\"a1836f1\" data-element_type=\"section\" data-e-type=\"section\" data-settings=\"{&quot;jet_parallax_layout_list&quot;:[],&quot;_ha_eqh_enable&quot;:false}\">\n\t\t\t\t\t\t<div class=\"elementor-container elementor-column-gap-default\">\n\t\t\t\t\t<div class=\"elementor-column elementor-col-50 elementor-top-column elementor-element elementor-element-da61373\" data-id=\"da61373\" data-element_type=\"column\" data-e-type=\"column\">\n\t\t\t<div class=\"elementor-widget-wrap elementor-element-populated\">\n\t\t\t\t\t\t<div class=\"elementor-element elementor-element-098c12e elementor-widget elementor-widget-image\" data-id=\"098c12e\" data-element_type=\"widget\" data-e-type=\"widget\" data-widget_type=\"image.default\">\n\t\t\t\t<div class=\"elementor-widget-container\">\n\t\t\t\t\t\t\t\t\t\t\t\t\t\t\t<img fetchpriority=\"high\" decoding=\"async\" width=\"600\" height=\"620\" src=\"https:\/\/jaggs.be\/wp-content\/uploads\/2017\/03\/JAGGS_costume_sur_mesure_chemise_sur_mesure_Belgique_waterloo_bruxelles_Shooting_HD_StreetStyle39_Blazer_rouge_clair_chemise_bleue_clair_avec_motifs_goutte_deau_metre_velo_cravate_bordeau_By_JAGGS.jpg\" class=\"attachment-medium_large size-medium_large wp-image-61399\" alt=\"\" srcset=\"https:\/\/jaggs.be\/wp-content\/uploads\/2017\/03\/JAGGS_costume_sur_mesure_chemise_sur_mesure_Belgique_waterloo_bruxelles_Shooting_HD_StreetStyle39_Blazer_rouge_clair_chemise_bleue_clair_avec_motifs_goutte_deau_metre_velo_cravate_bordeau_By_JAGGS.jpg 600w, https:\/\/jaggs.be\/wp-content\/uploads\/2017\/03\/JAGGS_costume_sur_mesure_chemise_sur_mesure_Belgique_waterloo_bruxelles_Shooting_HD_StreetStyle39_Blazer_rouge_clair_chemise_bleue_clair_avec_motifs_goutte_deau_metre_velo_cravate_bordeau_By_JAGGS-290x300.jpg 290w\" sizes=\"(max-width: 600px) 100vw, 600px\" \/>\t\t\t\t\t\t\t\t\t\t\t\t\t\t\t<\/div>\n\t\t\t\t<\/div>\n\t\t\t\t\t<\/div>\n\t\t<\/div>\n\t\t\t\t<div class=\"elementor-column elementor-col-50 elementor-top-column elementor-element elementor-element-4fd6533\" data-id=\"4fd6533\" data-element_type=\"column\" data-e-type=\"column\" data-settings=\"{&quot;background_background&quot;:&quot;classic&quot;}\">\n\t\t\t<div class=\"elementor-widget-wrap elementor-element-populated\">\n\t\t\t\t\t\t<div class=\"elementor-element elementor-element-42faf80 elementor-widget elementor-widget-heading\" data-id=\"42faf80\" data-element_type=\"widget\" data-e-type=\"widget\" data-widget_type=\"heading.default\">\n\t\t\t\t<div class=\"elementor-widget-container\">\n\t\t\t\t\t<h2 class=\"elementor-heading-title elementor-size-default\">Nos d\u00e9lais de livraison<\/h2>\t\t\t\t<\/div>\n\t\t\t\t<\/div>\n\t\t\t\t<div class=\"elementor-element elementor-element-51a59ab elementor-widget elementor-widget-text-editor\" data-id=\"51a59ab\" data-element_type=\"widget\" data-e-type=\"widget\" data-widget_type=\"text-editor.default\">\n\t\t\t\t<div class=\"elementor-widget-container\">\n\t\t\t\t\t\t\t\t\t<p>JAGGS exp\u00e9die vos costumes et chemises sur-mesure partout dans le monde&nbsp;<strong style=\"\">en express ou standard pour r\u00e9pondre au mieux \u00e0 vos besoins.<\/strong><\/p>\n<p>Les tarifs d\u00e9pendent de l\u2019adresse de livraison, du nombre de produits et du d\u00e9lai d\u2019exp\u00e9dition souhait\u00e9. <br><\/p>\n<p>Pour plus d\u2019informations <a href=\"https:\/\/jaggs.be\/contact\/\" style=\"\">contactez-nous<\/a>.<\/p>\t\t\t\t\t\t\t\t<\/div>\n\t\t\t\t<\/div>\n\t\t\t\t\t<\/div>\n\t\t<\/div>\n\t\t\t\t\t<\/div>\n\t\t<\/section>\n\t\t\t\t<\/div>\n\t\t","protected":false},"excerpt":{"rendered":"<p>Livraison &#038; d\u00e9lais JAGGS est tr\u00e8s attach\u00e9 \u00e0 pr\u00e9server le savoir-faire des artisans europ\u00e9ens et a choisi des ateliers de confections proches de nos fronti\u00e8res belges. Nos d\u00e9lais de livraison JAGGS exp\u00e9die vos costumes et chemises sur-mesure partout dans le monde&nbsp;en express ou standard pour r\u00e9pondre au mieux \u00e0 vos besoins. Les tarifs d\u00e9pendent de [&hellip;]<\/p>\n","protected":false},"author":562,"featured_media":0,"parent":0,"menu_order":0,"comment_status":"closed","ping_status":"closed","template":"","meta":{"footnotes":""},"class_list":["post-99652","page","type-page","status-publish","hentry"],"_links":{"self":[{"href":"https:\/\/jaggs.be\/fr_fr\/wp-json\/wp\/v2\/pages\/99652","targetHints":{"allow":["GET"]}}],"collection":[{"href":"https:\/\/jaggs.be\/fr_fr\/wp-json\/wp\/v2\/pages"}],"about":[{"href":"https:\/\/jaggs.be\/fr_fr\/wp-json\/wp\/v2\/types\/page"}],"author":[{"embeddable":true,"href":"https:\/\/jaggs.be\/fr_fr\/wp-json\/wp\/v2\/users\/562"}],"replies":[{"embeddable":true,"href":"https:\/\/jaggs.be\/fr_fr\/wp-json\/wp\/v2\/comments?post=99652"}],"version-history":[{"count":0,"href":"https:\/\/jaggs.be\/fr_fr\/wp-json\/wp\/v2\/pages\/99652\/revisions"}],"wp:attachment":[{"href":"https:\/\/jaggs.be\/fr_fr\/wp-json\/wp\/v2\/media?parent=99652"}],"curies":[{"name":"wp","href":"https:\/\/api.w.org\/{rel}","templated":true}]}}