{"id":99654,"date":"2022-06-30T08:38:57","date_gmt":"2022-06-30T06:38:57","guid":{"rendered":"https:\/\/jaggs.be\/?page_id=99654"},"modified":"2022-06-30T09:38:55","modified_gmt":"2022-06-30T07:38:55","slug":"mesures-et-patrons","status":"publish","type":"page","link":"https:\/\/jaggs.be\/fr_fr\/mesures-et-patrons\/","title":{"rendered":"Mesures et patrons"},"content":{"rendered":"\t\t<div data-elementor-type=\"wp-page\" data-elementor-id=\"99654\" class=\"elementor elementor-99654\" data-elementor-settings=\"{&quot;ha_cmc_init_switcher&quot;:&quot;no&quot;}\" data-elementor-post-type=\"page\">\n\t\t\t\t\t\t<section class=\"elementor-section elementor-top-section elementor-element elementor-element-6d98119 elementor-section-boxed elementor-section-height-default elementor-section-height-default\" data-id=\"6d98119\" data-element_type=\"section\" data-e-type=\"section\" data-settings=\"{&quot;jet_parallax_layout_list&quot;:[],&quot;background_background&quot;:&quot;classic&quot;,&quot;_ha_eqh_enable&quot;:false}\">\n\t\t\t\t\t\t\t<div class=\"elementor-background-overlay\"><\/div>\n\t\t\t\t\t\t\t<div class=\"elementor-container elementor-column-gap-default\">\n\t\t\t\t\t<div class=\"elementor-column elementor-col-100 elementor-top-column elementor-element elementor-element-1a33494\" data-id=\"1a33494\" data-element_type=\"column\" data-e-type=\"column\">\n\t\t\t<div class=\"elementor-widget-wrap elementor-element-populated\">\n\t\t\t\t\t\t<div class=\"elementor-element elementor-element-708f8c0 elementor-widget elementor-widget-heading\" data-id=\"708f8c0\" data-element_type=\"widget\" data-e-type=\"widget\" data-widget_type=\"heading.default\">\n\t\t\t\t<div class=\"elementor-widget-container\">\n\t\t\t\t\t<h2 class=\"elementor-heading-title elementor-size-default\">Mesures &amp; patrons<\/h2>\t\t\t\t<\/div>\n\t\t\t\t<\/div>\n\t\t\t\t<div class=\"elementor-element elementor-element-0a010cc elementor-widget elementor-widget-text-editor\" data-id=\"0a010cc\" data-element_type=\"widget\" data-e-type=\"widget\" data-widget_type=\"text-editor.default\">\n\t\t\t\t<div class=\"elementor-widget-container\">\n\t\t\t\t\t\t\t\t\t<p>Toutes les donn\u00e9es de votre patron sont conserv\u00e9es pour vos commandes ult\u00e9rieures<\/p>\t\t\t\t\t\t\t\t<\/div>\n\t\t\t\t<\/div>\n\t\t\t\t\t<\/div>\n\t\t<\/div>\n\t\t\t\t\t<\/div>\n\t\t<\/section>\n\t\t\t\t<section class=\"elementor-section elementor-top-section elementor-element elementor-element-00d5078 elementor-section-boxed elementor-section-height-default elementor-section-height-default\" data-id=\"00d5078\" data-element_type=\"section\" data-e-type=\"section\" data-settings=\"{&quot;jet_parallax_layout_list&quot;:[],&quot;_ha_eqh_enable&quot;:false}\">\n\t\t\t\t\t\t<div class=\"elementor-container elementor-column-gap-default\">\n\t\t\t\t\t<div class=\"elementor-column elementor-col-50 elementor-top-column elementor-element elementor-element-eb16984\" data-id=\"eb16984\" data-element_type=\"column\" data-e-type=\"column\">\n\t\t\t<div class=\"elementor-widget-wrap elementor-element-populated\">\n\t\t\t\t\t\t<div class=\"elementor-element elementor-element-a9b82e8 elementor-widget elementor-widget-image\" data-id=\"a9b82e8\" data-element_type=\"widget\" data-e-type=\"widget\" data-widget_type=\"image.default\">\n\t\t\t\t<div class=\"elementor-widget-container\">\n\t\t\t\t\t\t\t\t\t\t\t\t\t\t\t<img fetchpriority=\"high\" decoding=\"async\" width=\"768\" height=\"768\" src=\"https:\/\/jaggs.be\/wp-content\/uploads\/2022\/04\/jaggs-sur-mesure-768x768.jpg\" class=\"attachment-medium_large size-medium_large wp-image-85891\" alt=\"JAGGS costume sur mesure chemise sur mesure chaussures chaussettes roses avec motif rouge avec palmier\" srcset=\"https:\/\/jaggs.be\/wp-content\/uploads\/2022\/04\/jaggs-sur-mesure-768x768.jpg 768w, https:\/\/jaggs.be\/wp-content\/uploads\/2022\/04\/jaggs-sur-mesure-300x300.jpg 300w, https:\/\/jaggs.be\/wp-content\/uploads\/2022\/04\/jaggs-sur-mesure-1024x1024.jpg 1024w, https:\/\/jaggs.be\/wp-content\/uploads\/2022\/04\/jaggs-sur-mesure-150x150.jpg 150w, https:\/\/jaggs.be\/wp-content\/uploads\/2022\/04\/jaggs-sur-mesure-1536x1536.jpg 1536w, https:\/\/jaggs.be\/wp-content\/uploads\/2022\/04\/jaggs-sur-mesure-600x600.jpg 600w, https:\/\/jaggs.be\/wp-content\/uploads\/2022\/04\/jaggs-sur-mesure-100x100.jpg 100w, https:\/\/jaggs.be\/wp-content\/uploads\/2022\/04\/jaggs-sur-mesure.jpg 1920w\" sizes=\"(max-width: 768px) 100vw, 768px\" \/>\t\t\t\t\t\t\t\t\t\t\t\t\t\t\t<\/div>\n\t\t\t\t<\/div>\n\t\t\t\t\t<\/div>\n\t\t<\/div>\n\t\t\t\t<div class=\"elementor-column elementor-col-50 elementor-top-column elementor-element elementor-element-9751efa\" data-id=\"9751efa\" data-element_type=\"column\" data-e-type=\"column\" data-settings=\"{&quot;background_background&quot;:&quot;classic&quot;}\">\n\t\t\t<div class=\"elementor-widget-wrap elementor-element-populated\">\n\t\t\t\t\t\t<div class=\"elementor-element elementor-element-7f33408 elementor-widget elementor-widget-heading\" data-id=\"7f33408\" data-element_type=\"widget\" data-e-type=\"widget\" data-widget_type=\"heading.default\">\n\t\t\t\t<div class=\"elementor-widget-container\">\n\t\t\t\t\t<h2 class=\"elementor-heading-title elementor-size-default\">Patron conserv\u00e9<\/h2>\t\t\t\t<\/div>\n\t\t\t\t<\/div>\n\t\t\t\t<div class=\"elementor-element elementor-element-cc73544 elementor-widget elementor-widget-text-editor\" data-id=\"cc73544\" data-element_type=\"widget\" data-e-type=\"widget\" data-widget_type=\"text-editor.default\">\n\t\t\t\t<div class=\"elementor-widget-container\">\n\t\t\t\t\t\t\t\t\t<p>La prise de mesures n\u2019est pas \u00e0 faire pour chaque commande mais uniquement la 1\u00e8re fois.<\/p><p>Nous conservons toutes les donn\u00e9es de votre patron afin de<strong>\u00a0faciliter vos commandes ult\u00e9rieures<\/strong>. Les futures commandes se feront aux mesures identiques \u00e0 la pr\u00e9c\u00e9dente.<\/p><p>Cependant,\u00a0<strong>le patron peut \u00e9videmment \u00eatre modifi\u00e9 \u00e0 votre demande<\/strong>. Nous ajoutons ou enlevons des centim\u00e8tres selon vos souhaits et l\u2019\u00e9volution de votre morphologie.<\/p>\t\t\t\t\t\t\t\t<\/div>\n\t\t\t\t<\/div>\n\t\t\t\t\t<\/div>\n\t\t<\/div>\n\t\t\t\t\t<\/div>\n\t\t<\/section>\n\t\t\t\t<\/div>\n\t\t","protected":false},"excerpt":{"rendered":"<p>Mesures &#038; patrons Toutes les donn\u00e9es de votre patron sont conserv\u00e9es pour vos commandes ult\u00e9rieures Patron conserv\u00e9 La prise de mesures n\u2019est pas \u00e0 faire pour chaque commande mais uniquement la 1\u00e8re fois. Nous conservons toutes les donn\u00e9es de votre patron afin de\u00a0faciliter vos commandes ult\u00e9rieures. Les futures commandes se feront aux mesures identiques \u00e0 [&hellip;]<\/p>\n","protected":false},"author":562,"featured_media":0,"parent":0,"menu_order":0,"comment_status":"closed","ping_status":"closed","template":"","meta":{"footnotes":""},"class_list":["post-99654","page","type-page","status-publish","hentry"],"_links":{"self":[{"href":"https:\/\/jaggs.be\/fr_fr\/wp-json\/wp\/v2\/pages\/99654","targetHints":{"allow":["GET"]}}],"collection":[{"href":"https:\/\/jaggs.be\/fr_fr\/wp-json\/wp\/v2\/pages"}],"about":[{"href":"https:\/\/jaggs.be\/fr_fr\/wp-json\/wp\/v2\/types\/page"}],"author":[{"embeddable":true,"href":"https:\/\/jaggs.be\/fr_fr\/wp-json\/wp\/v2\/users\/562"}],"replies":[{"embeddable":true,"href":"https:\/\/jaggs.be\/fr_fr\/wp-json\/wp\/v2\/comments?post=99654"}],"version-history":[{"count":0,"href":"https:\/\/jaggs.be\/fr_fr\/wp-json\/wp\/v2\/pages\/99654\/revisions"}],"wp:attachment":[{"href":"https:\/\/jaggs.be\/fr_fr\/wp-json\/wp\/v2\/media?parent=99654"}],"curies":[{"name":"wp","href":"https:\/\/api.w.org\/{rel}","templated":true}]}}